{"id":21481,"date":"2022-12-12T11:22:27","date_gmt":"2022-12-12T10:22:27","guid":{"rendered":"https:\/\/educamos.com\/tratamiento-de-datos-sm-educamos\/"},"modified":"2025-12-01T18:46:56","modified_gmt":"2025-12-01T17:46:56","slug":"tractament-de-dades-de-educamos","status":"publish","type":"page","link":"https:\/\/educamos.com\/ca\/tractament-de-dades-de-educamos\/","title":{"rendered":"Tractament de Dades per part de Educamos"},"content":{"rendered":"\t\t<div data-elementor-type=\"wp-page\" data-elementor-id=\"21481\" class=\"elementor elementor-21481 elementor-6602\" data-elementor-post-type=\"page\">\n\t\t\t\t\t\t<section class=\"elementor-section elementor-top-section elementor-element elementor-element-f9ce5c7 elementor-section-full_width elementor-section-height-default elementor-section-height-default\" data-id=\"f9ce5c7\" data-element_type=\"section\" data-e-type=\"section\">\n\t\t\t\t\t\t<div class=\"elementor-container elementor-column-gap-default\">\n\t\t\t\t\t<div class=\"elementor-column elementor-col-100 elementor-top-column elementor-element elementor-element-8a99e8b\" data-id=\"8a99e8b\" data-element_type=\"column\" data-e-type=\"column\">\n\t\t\t<div class=\"elementor-widget-wrap elementor-element-populated\">\n\t\t\t\t\t\t<div class=\"elementor-element elementor-element-5dce965 elementor-widget elementor-widget-bloque-cabecera-menu\" data-id=\"5dce965\" data-element_type=\"widget\" data-e-type=\"widget\" data-widget_type=\"bloque-cabecera-menu.default\">\n\t\t\t\t<div class=\"elementor-widget-container\">\n\t\t\t\t\t        <!-- Encabezado -->\n        <header class=\"header \">\n            <div id=\"sticky_header\" class=\"sticky-header \">\n                <div class=\"container\">\n                    <div class=\"row\">\n                        <div class=\"col-12 d-flex justify-content-between align-items-center\">\n                            <div class=\"logo\"><a href=\"https:\/\/educamos.com\/ca\/\"><img decoding=\"async\" src=\"https:\/\/educamos.com\/wp-content\/themes\/educamos\/images\/logotipo-2026.png\" class=\"img-fluid\" alt=\"Logotipo de Educamos\" \/><\/a><\/div>\n                                                            <div class=\"menu-header\">\n                                                                        <a href=\"\/ca\/solicita-una-demo\" class=\"btn btn-primary demo\" title=\"Sol\u00b7licitar informaci\u00f3\"><span class=\"d-none d-sm-block\">Sol\u00b7licitar informaci\u00f3<\/span><span class=\"d-block d-sm-none\">Demo<\/span><\/a>\n                                                                        <button data-target=\"#main_menu\" data-toggle=\"collapse\" class=\"navbar-toggle openMenu\" type=\"button\">\n                                        <i class=\"far fa-bars\"><\/i> <span class=\"sr-only\">Abrir men\u00fa<\/span>\n                                        <i class=\"far fa-times\"><\/i> <span class=\"sr-only\">Cerrar men\u00fa<\/span>    \n                                    <\/button>\n                                <\/div>\n\n                                <!-- MEGAMENU -->\n                                <div class=\"megamenu\">\n                                    <div class=\"container\">\n                                    <ul id=\"menu-menu-principal-catalan\" class=\"dropdown-menu\" itemscope itemtype=\"http:\/\/www.schema.org\/SiteNavigationElement\"><li  id=\"menu-item-22890\" class=\"menu-item menu-item-type-custom menu-item-object-custom menu-item-has-children dropdown menu-item-22890 nav-item\"><a href=\"#\" aria-expanded=\"false\" class=\"dropdown-toggle nav-link\" id=\"menu-item-dropdown-22890\" data-bs-toggle=\"dropdown\"><span itemprop=\"name\">Educamos<\/span><\/a>\n<ul class=\"dropdown-menu\" aria-labelledby=\"menu-item-dropdown-22890\">\n\t<li  id=\"menu-item-22896\" class=\"menu-item menu-item-type-post_type menu-item-object-page menu-item-22896 nav-item\"><a itemprop=\"url\" href=\"https:\/\/educamos.com\/ca\/que-es\/\" class=\"dropdown-item\"><span itemprop=\"name\">Qu\u00e8 \u00e9s?<\/span><\/a><\/li>\n\t<li  id=\"menu-item-22899\" class=\"menu-item menu-item-type-post_type menu-item-object-page menu-item-22899 nav-item\"><a itemprop=\"url\" href=\"https:\/\/educamos.com\/ca\/per-que\/\" class=\"dropdown-item\"><span itemprop=\"name\">Per qu\u00e8?<\/span><\/a><\/li>\n\t<li  id=\"menu-item-22898\" class=\"menu-item menu-item-type-post_type menu-item-object-page menu-item-22898 nav-item\"><a itemprop=\"url\" href=\"https:\/\/educamos.com\/ca\/educamos-makers\/\" class=\"dropdown-item\"><span itemprop=\"name\">Educamos Makers<\/span><\/a><\/li>\n\t<li  id=\"menu-item-22897\" class=\"menu-item menu-item-type-post_type menu-item-object-page menu-item-22897 nav-item\"><a itemprop=\"url\" href=\"https:\/\/educamos.com\/ca\/contacte\/\" class=\"dropdown-item\"><span itemprop=\"name\">Contacte<\/span><\/a><\/li>\n<\/ul>\n<\/li>\n<li  id=\"menu-item-22891\" class=\"menu-item menu-item-type-custom menu-item-object-custom menu-item-has-children dropdown menu-item-22891 nav-item\"><a href=\"#\" aria-expanded=\"false\" class=\"dropdown-toggle nav-link\" id=\"menu-item-dropdown-22891\" data-bs-toggle=\"dropdown\"><span itemprop=\"name\">Funcionalitats<\/span><\/a>\n<ul class=\"dropdown-menu\" aria-labelledby=\"menu-item-dropdown-22891\">\n\t<li  id=\"menu-item-22902\" class=\"menu-item menu-item-type-post_type menu-item-object-funcionalidades menu-item-22902 nav-item\"><a itemprop=\"url\" href=\"https:\/\/educamos.com\/ca\/funcionalitats\/analisi-de-dades\/\" class=\"dropdown-item\"><span itemprop=\"name\">An\u00e0lisi de Dades<\/span><\/a><\/li>\n\t<li  id=\"menu-item-22903\" class=\"menu-item menu-item-type-post_type menu-item-object-funcionalidades menu-item-22903 nav-item\"><a itemprop=\"url\" href=\"https:\/\/educamos.com\/ca\/funcionalitats\/comunicacio-del-centre\/\" class=\"dropdown-item\"><span itemprop=\"name\">Comunicaci\u00f3 del Centre<\/span><\/a><\/li>\n\t<li  id=\"menu-item-22901\" class=\"menu-item menu-item-type-post_type menu-item-object-funcionalidades menu-item-22901 nav-item\"><a itemprop=\"url\" href=\"https:\/\/educamos.com\/ca\/funcionalitats\/gestio-del-centre\/\" class=\"dropdown-item\"><span itemprop=\"name\">Gesti\u00f3 del Centre<\/span><\/a><\/li>\n\t<li  id=\"menu-item-22900\" class=\"menu-item menu-item-type-post_type menu-item-object-funcionalidades menu-item-22900 nav-item\"><a itemprop=\"url\" href=\"https:\/\/educamos.com\/ca\/funcionalitats\/innovacio-pedagogica\/\" class=\"dropdown-item\"><span itemprop=\"name\">Innovaci\u00f3 Pedag\u00f2gica<\/span><\/a><\/li>\n<\/ul>\n<\/li>\n<li  id=\"menu-item-22892\" class=\"menu-item menu-item-type-custom menu-item-object-custom menu-item-has-children dropdown menu-item-22892 nav-item\"><a href=\"#\" aria-expanded=\"false\" class=\"dropdown-toggle nav-link\" id=\"menu-item-dropdown-22892\" data-bs-toggle=\"dropdown\"><span itemprop=\"name\">Beneficis per<\/span><\/a>\n<ul class=\"dropdown-menu\" aria-labelledby=\"menu-item-dropdown-22892\">\n\t<li  id=\"menu-item-22908\" class=\"menu-item menu-item-type-post_type menu-item-object-beneficios menu-item-22908 nav-item\"><a itemprop=\"url\" href=\"https:\/\/educamos.com\/ca\/beneficis\/centres-educatius\/\" class=\"dropdown-item\"><span itemprop=\"name\">Centres Educatius<\/span><\/a><\/li>\n\t<li  id=\"menu-item-22909\" class=\"menu-item menu-item-type-post_type menu-item-object-beneficios menu-item-22909 nav-item\"><a itemprop=\"url\" href=\"https:\/\/educamos.com\/ca\/beneficis\/xarxes-escolars\/\" class=\"dropdown-item\"><span itemprop=\"name\">Xarxes escolars<\/span><\/a><\/li>\n\t<li  id=\"menu-item-22904\" class=\"menu-item menu-item-type-post_type menu-item-object-beneficios menu-item-22904 nav-item\"><a itemprop=\"url\" href=\"https:\/\/educamos.com\/ca\/beneficis\/formacio-professional\/\" class=\"dropdown-item\"><span itemprop=\"name\">Formaci\u00f3 professional<\/span><\/a><\/li>\n\t<li  id=\"menu-item-22906\" class=\"menu-item menu-item-type-post_type menu-item-object-beneficios menu-item-22906 nav-item\"><a itemprop=\"url\" href=\"https:\/\/educamos.com\/ca\/beneficis\/professors\/\" class=\"dropdown-item\"><span itemprop=\"name\">Professors<\/span><\/a><\/li>\n\t<li  id=\"menu-item-22907\" class=\"menu-item menu-item-type-post_type menu-item-object-beneficios menu-item-22907 nav-item\"><a itemprop=\"url\" href=\"https:\/\/educamos.com\/ca\/beneficis\/families\/\" class=\"dropdown-item\"><span itemprop=\"name\">Fam\u00edlies<\/span><\/a><\/li>\n\t<li  id=\"menu-item-22905\" class=\"menu-item menu-item-type-post_type menu-item-object-beneficios menu-item-22905 nav-item\"><a itemprop=\"url\" href=\"https:\/\/educamos.com\/ca\/beneficis\/alumnes\/\" class=\"dropdown-item\"><span itemprop=\"name\">Alumnes<\/span><\/a><\/li>\n<\/ul>\n<\/li>\n<li  id=\"menu-item-22893\" class=\"menu-item menu-item-type-custom menu-item-object-custom menu-item-has-children dropdown menu-item-22893 nav-item\"><a href=\"#\" aria-expanded=\"false\" class=\"dropdown-toggle nav-link\" id=\"menu-item-dropdown-22893\" data-bs-toggle=\"dropdown\"><span itemprop=\"name\">Insights<\/span><\/a>\n<ul class=\"dropdown-menu\" aria-labelledby=\"menu-item-dropdown-22893\">\n\t<li  id=\"menu-item-22911\" class=\"menu-item menu-item-type-taxonomy menu-item-object-category menu-item-22911 nav-item\"><a itemprop=\"url\" href=\"https:\/\/educamos.com\/ca\/blog-ca\/\" class=\"dropdown-item\"><span itemprop=\"name\">Blog<\/span><\/a><\/li>\n<\/ul>\n<\/li>\n<li  id=\"menu-item-22894\" class=\"menu-item menu-item-type-custom menu-item-object-custom menu-item-has-children dropdown menu-item-22894 nav-item\"><a href=\"#\" aria-expanded=\"false\" class=\"dropdown-toggle nav-link\" id=\"menu-item-dropdown-22894\" data-bs-toggle=\"dropdown\"><span itemprop=\"name\">Clients<\/span><\/a>\n<ul class=\"dropdown-menu\" aria-labelledby=\"menu-item-dropdown-22894\">\n\t<li  id=\"menu-item-22895\" class=\"link-externo menu-item menu-item-type-custom menu-item-object-custom menu-item-22895 nav-item\"><a target=\"_blank\" rel=\"noopener noreferrer\" itemprop=\"url\" href=\"https:\/\/www.educamoscerca.com\/\" class=\"dropdown-item\"><span itemprop=\"name\">Comunitat Educamos Cerca<\/span><\/a><\/li>\n<\/ul>\n<\/li>\n<\/ul>                                    <\/div>\n                                <\/div>\n                                                    <\/div>\n                    <\/div>\n                <\/div>\n            <\/div>\n        <\/header>\n        <!-- \/ -->\n\t\t\t\t\t\t<\/div>\n\t\t\t\t<\/div>\n\t\t\t\t<div class=\"elementor-element elementor-element-2ca070b elementor-widget elementor-widget-bloque-texto\" data-id=\"2ca070b\" data-element_type=\"widget\" data-e-type=\"widget\" data-widget_type=\"bloque-texto.default\">\n\t\t\t\t<div class=\"elementor-widget-container\">\n\t\t\t\t\t        <!-- Texto a 2 columnas-->\n        <section class=\"bloque bloque-texto \">\n            <div class=\"container\">\n                <h1 class=\"titulos\" data-aos=\"fade-left\" data-aos-duration=\"700\">Tractament de Dades per part de Educamos<\/h1>                <div class=\"estrecho2\">\n                    <div class=\"row\">\n                        <div class=\"col-sm-12\">\n                            <div class=\"the_content\" data-aos=\"fade-up\" data-aos-duration=\"700\">\n                                <p>Educamos \u00e9s una plataforma d\u2019TGE que permet als centres educatius tenir centralitzats en una \u00fanica soluci\u00f3 tots els processos relacionats amb la seva activitat, com ara la gesti\u00f3 administrativa i econ\u00f2mica, la gesti\u00f3 acad\u00e8mica, les comunicacions amb les fam\u00edlies, etc. En conseq\u00fc\u00e8ncia, Educamos \u00e9s nom\u00e9s l\u2019encarregat del tractament per compte dels centres de les dades de car\u00e0cter personal que tenen en propietat, ja siguin d\u2019alumnes, pares o representants legals, professors, personal administratiu, etc. (d\u2019ara endavant, els Usuaris).<\/p><p>L\u2019acc\u00e9s a les dades dels Usuaris per part de tercers aliens a Educamos nom\u00e9s es realitzar\u00e0 (i) en l\u2019entorn d\u2019una possible contractaci\u00f3 o subcontractaci\u00f3 de serveis que sigui necess\u00e0ria per a un millor desenvolupament de la relaci\u00f3 del centre amb els seus usuaris (per exemple, allotjament, suport t\u00e8cnic i \u00fas d\u2019Educamos, realitzaci\u00f3 de comunicacions, etc.), o b\u00e9 (ii) en aquells casos en qu\u00e8 Educamos ofereix de forma integrada i inseparable, en una sola plataforma, solucions i funcionalitats aportades per altres prove\u00efdors, i perqu\u00e8 els Usuaris es puguin beneficiar del servei corresponent \u00e9s absolutament necess\u00e0ria la comunicaci\u00f3 o acc\u00e9s a les seves dades per part de les esmentades entitats, cosa que s\u2019autoritza expressament.<\/p><p>Aquests serveis de tercers podran implicar la transmissi\u00f3 de dades a entitats ubicades fora del territori nacional; ara b\u00e9, la prioritat en tots els casos ser\u00e0 garantir el compliment de les obligacions que emanen de la legislaci\u00f3 vigent. S\u2019informar\u00e0 de la identitat dels possibles serveis de tercers utilitzats per Educamos en cada moment i de les seves pol\u00edtiques de privadesa corresponents a trav\u00e9s d\u2019aquesta secci\u00f3 del web, i mitjan\u00e7ant l\u2019\u00fas de la plataforma els Usuaris accepten la transmissi\u00f3 de les seves dades personals als pa\u00efsos indicats.<\/p><div class=\"table-responsive\"><style type=\"text\/css\">.table-responsive table th,.table-responsive table td {text-align: left !important;}<\/style><table class=\"table\"><thead><tr><th>Activitat<\/th><th>\u00c0mbit Educamos<\/th><th>Tercer<\/th><th>Lloc del tractament<\/th><th>Pol\u00edtiques de privadesa<\/th><\/tr><\/thead><tbody><tr><td>Allotjament<\/td><td>Espanya<\/td><td>Microsoft<\/td><td>Irlanda<\/td><td><a style=\"color: #0563c1;\" href=\"https:\/\/azure.microsoft.com\/es-es\/support\/trust-center\/\" target=\"_blank\" rel=\"noopener\">https:\/\/azure.microsoft.com\/es-es\/support\/trust-center\/<\/a><\/td><\/tr><tr><td>Allotjament<\/td><td>Am\u00e8rica Llatina<\/td><td>Microsoft<\/td><td>Estats Units<\/td><td><a style=\"color: #0563c1;\" href=\"https:\/\/azure.microsoft.com\/es-es\/support\/trust-center\/\" target=\"_blank\" rel=\"noopener\">https:\/\/azure.microsoft.com\/es-es\/support\/trust-center\/<\/a><\/td><\/tr><tr><td>Comunicacions (Office 365)<\/td><td>Espanya i Am\u00e8rica Llatina<\/td><td>Microsoft<\/td><td><a style=\"color: #0563c1;\" href=\"http:\/\/www.microsoft.com\/online\/legal\/v2\/?docid=25&amp;langid=es-ES\" target=\"_blank\" rel=\"noopener\">http:\/\/www.microsoft.com\/online\/legal\/v2\/?docid=25&amp;langid=es-ES<\/a><\/td><td><a style=\"color: #0563c1;\" href=\"https:\/\/products.office.com\/es-es\/business\/office-365-trust-center-cloud-computing-security?tab=7d4bf5d5-8549-acb8-3852-a62cc997fb45\" target=\"_blank\" rel=\"noopener\">https:\/\/products.office.com\/es-es\/business\/office-365-trust-center-cloud-computing-security?tab=7d4bf5d5-8549-acb8-3852-a62cc997fb45<\/a><\/td><\/tr><tr><td>Comunicacions (SMS)<\/td><td>Espanya<\/td><td>MSpubli<\/td><td>Espanya<\/td><td><a style=\"color: #0563c1;\" href=\"http:\/\/www.smspubli.com\/legal\/privacy-policy\" target=\"_blank\" rel=\"noopener\">http:\/\/www.smspubli.com\/legal\/privacy-policy<\/a><\/td><\/tr><tr><td>Comunicacions (Mailing)<\/td><td>Espanya i Am\u00e8rica Llatina<\/td><td>Mailjet SAS<\/td><td>Uni\u00f3 Europea<\/td><td><a style=\"color: #0563c1;\" href=\"https:\/\/www.mailjet.com\/privacy_policy\" target=\"_blank\" rel=\"noopener\">https:\/\/www.mailjet.com\/privacy_policy<\/a><\/td><\/tr><tr><td>Facturaci\u00f3 electr\u00f2nica<\/td><td>M\u00e8xic<\/td><td>IQ Target Business<\/td><td>M\u00e8xic<\/td><td><a style=\"color: #0563c1;\" href=\"http:\/\/www.iqtb.com\/aviso\/\" target=\"_blank\" rel=\"noopener\">http:\/\/www.iqtb.com\/aviso\/<\/a><\/td><\/tr><tr><td>Passarel\u00b7la de pagaments<\/td><td>Espanya i Am\u00e8rica Llatina<\/td><td>Kineox Solutions<\/td><td>Espanya<\/td><td><a style=\"color: #0563c1;\" href=\"https:\/\/kineox.com\/es\/politica-de-privacidad\/\" target=\"_blank\" rel=\"noopener\">https:\/\/kineox.com\/es\/politica-de-privacidad\/<\/a><\/td><\/tr><\/tbody><\/table><\/div>                            <\/div>\n                        <\/div>\n                    <\/div>\n                <\/div>\n            <\/div>\n        <\/section>\n\t\t\t\t\t\t<\/div>\n\t\t\t\t<\/div>\n\t\t\t\t\t<\/div>\n\t\t<\/div>\n\t\t\t\t\t<\/div>\n\t\t<\/section>\n\t\t\t\t<\/div>\n\t\t","protected":false},"excerpt":{"rendered":"<p>Solicitar informaci\u00f3nM\u00e1s info Abrir men\u00fa Cerrar men\u00fa Educamos \u00bfQu\u00e9 es? \u00bfPor qu\u00e9? Educamos Makers Contacto Funcionalidades Anal\u00edtica de datos Comunicaci\u00f3n del centro Gesti\u00f3n del centro Innovaci\u00f3n pedag\u00f3gica Beneficios para Centros educativos Red de escuelas Formaci\u00f3n Profesional Docentes Familias Alumnos\/as Insights Blog Ebooks Clientes Comunidad Educamos Cerca Tractament de Dades per part de Educamos Educamos \u00e9s [&hellip;]<\/p>\n","protected":false},"author":1,"featured_media":21314,"parent":0,"menu_order":0,"comment_status":"closed","ping_status":"closed","template":"","meta":{"_acf_changed":false,"footnotes":""},"class_list":["post-21481","page","type-page","status-publish","has-post-thumbnail","hentry"],"acf":[],"yoast_head":"<!-- This site is optimized with the Yoast SEO plugin v27.0 - https:\/\/yoast.com\/product\/yoast-seo-wordpress\/ -->\n<title>Tractament de Dades per part de Educamos | Educamos<\/title>\n<meta name=\"description\" content=\"Tratamiento de datos: Este sitio web es propiedad de SM, con domicilio social en calle Impresores, n\u00ba 2 (Parque Empresarial Prado del Espino), 28660 Boadilla del Monte, Madrid, Espa\u00f1a y C.I.F. n\u00ba B-86267432, inscrita en el Registro Mercantil de Madrid al Tomo 20087, Folio 160, Hoja M-523700.\" \/>\n<meta name=\"robots\" content=\"noindex, nofollow\" \/>\n<meta property=\"og:locale\" content=\"ca_ES\" \/>\n<meta property=\"og:type\" content=\"article\" \/>\n<meta property=\"og:title\" content=\"Tractament de Dades per part de Educamos | Educamos\" \/>\n<meta property=\"og:description\" content=\"Tratamiento de datos: Este sitio web es propiedad de SM, con domicilio social en calle Impresores, n\u00ba 2 (Parque Empresarial Prado del Espino), 28660 Boadilla del Monte, Madrid, Espa\u00f1a y C.I.F. n\u00ba B-86267432, inscrita en el Registro Mercantil de Madrid al Tomo 20087, Folio 160, Hoja M-523700.\" \/>\n<meta property=\"og:url\" content=\"https:\/\/educamos.com\/ca\/tractament-de-dades-de-educamos\/\" \/>\n<meta property=\"og:site_name\" content=\"Educamos\" \/>\n<meta property=\"article:modified_time\" content=\"2025-12-01T17:46:56+00:00\" \/>\n<meta property=\"og:image\" content=\"https:\/\/educamos.com\/wp-content\/uploads\/2023\/01\/rrss_generica_01-min.png\" \/>\n\t<meta property=\"og:image:width\" content=\"1200\" \/>\n\t<meta property=\"og:image:height\" content=\"600\" \/>\n\t<meta property=\"og:image:type\" content=\"image\/png\" \/>\n<meta name=\"twitter:card\" content=\"summary_large_image\" \/>\n<meta name=\"twitter:label1\" content=\"Temps estimat de lectura\" \/>\n\t<meta name=\"twitter:data1\" content=\"3 minuts\" \/>\n<script type=\"application\/ld+json\" class=\"yoast-schema-graph\">{\"@context\":\"https:\/\/schema.org\",\"@graph\":[{\"@type\":\"WebPage\",\"@id\":\"https:\/\/educamos.com\/ca\/tractament-de-dades-de-educamos\/\",\"url\":\"https:\/\/educamos.com\/ca\/tractament-de-dades-de-educamos\/\",\"name\":\"Tractament de Dades per part de Educamos | Educamos\",\"isPartOf\":{\"@id\":\"https:\/\/educamos.com\/ca\/#website\"},\"primaryImageOfPage\":{\"@id\":\"https:\/\/educamos.com\/ca\/tractament-de-dades-de-educamos\/#primaryimage\"},\"image\":{\"@id\":\"https:\/\/educamos.com\/ca\/tractament-de-dades-de-educamos\/#primaryimage\"},\"thumbnailUrl\":\"https:\/\/educamos.com\/wp-content\/uploads\/2023\/01\/rrss_generica_01-min.png\",\"datePublished\":\"2022-12-12T10:22:27+00:00\",\"dateModified\":\"2025-12-01T17:46:56+00:00\",\"description\":\"Tratamiento de datos: Este sitio web es propiedad de SM, con domicilio social en calle Impresores, n\u00ba 2 (Parque Empresarial Prado del Espino), 28660 Boadilla del Monte, Madrid, Espa\u00f1a y C.I.F. n\u00ba B-86267432, inscrita en el Registro Mercantil de Madrid al Tomo 20087, Folio 160, Hoja M-523700.\",\"breadcrumb\":{\"@id\":\"https:\/\/educamos.com\/ca\/tractament-de-dades-de-educamos\/#breadcrumb\"},\"inLanguage\":\"ca\",\"potentialAction\":[{\"@type\":\"ReadAction\",\"target\":[\"https:\/\/educamos.com\/ca\/tractament-de-dades-de-educamos\/\"]}]},{\"@type\":\"ImageObject\",\"inLanguage\":\"ca\",\"@id\":\"https:\/\/educamos.com\/ca\/tractament-de-dades-de-educamos\/#primaryimage\",\"url\":\"https:\/\/educamos.com\/wp-content\/uploads\/2023\/01\/rrss_generica_01-min.png\",\"contentUrl\":\"https:\/\/educamos.com\/wp-content\/uploads\/2023\/01\/rrss_generica_01-min.png\",\"width\":1200,\"height\":600},{\"@type\":\"BreadcrumbList\",\"@id\":\"https:\/\/educamos.com\/ca\/tractament-de-dades-de-educamos\/#breadcrumb\",\"itemListElement\":[{\"@type\":\"ListItem\",\"position\":1,\"name\":\"Inici\",\"item\":\"https:\/\/educamos.com\/ca\/\"},{\"@type\":\"ListItem\",\"position\":2,\"name\":\"Tractament de Dades per part de Educamos\"}]},{\"@type\":\"WebSite\",\"@id\":\"https:\/\/educamos.com\/ca\/#website\",\"url\":\"https:\/\/educamos.com\/ca\/\",\"name\":\"Educamos\",\"description\":\"La escuela de hoy\",\"potentialAction\":[{\"@type\":\"SearchAction\",\"target\":{\"@type\":\"EntryPoint\",\"urlTemplate\":\"https:\/\/educamos.com\/ca\/?s={search_term_string}\"},\"query-input\":{\"@type\":\"PropertyValueSpecification\",\"valueRequired\":true,\"valueName\":\"search_term_string\"}}],\"inLanguage\":\"ca\"}]}<\/script>\n<!-- \/ Yoast SEO plugin. -->","yoast_head_json":{"title":"Tractament de Dades per part de Educamos | Educamos","description":"Tratamiento de datos: Este sitio web es propiedad de SM, con domicilio social en calle Impresores, n\u00ba 2 (Parque Empresarial Prado del Espino), 28660 Boadilla del Monte, Madrid, Espa\u00f1a y C.I.F. n\u00ba B-86267432, inscrita en el Registro Mercantil de Madrid al Tomo 20087, Folio 160, Hoja M-523700.","robots":{"index":"noindex","follow":"nofollow"},"og_locale":"ca_ES","og_type":"article","og_title":"Tractament de Dades per part de Educamos | Educamos","og_description":"Tratamiento de datos: Este sitio web es propiedad de SM, con domicilio social en calle Impresores, n\u00ba 2 (Parque Empresarial Prado del Espino), 28660 Boadilla del Monte, Madrid, Espa\u00f1a y C.I.F. n\u00ba B-86267432, inscrita en el Registro Mercantil de Madrid al Tomo 20087, Folio 160, Hoja M-523700.","og_url":"https:\/\/educamos.com\/ca\/tractament-de-dades-de-educamos\/","og_site_name":"Educamos","article_modified_time":"2025-12-01T17:46:56+00:00","og_image":[{"width":1200,"height":600,"url":"https:\/\/educamos.com\/wp-content\/uploads\/2023\/01\/rrss_generica_01-min.png","type":"image\/png"}],"twitter_card":"summary_large_image","twitter_misc":{"Temps estimat de lectura":"3 minuts"},"schema":{"@context":"https:\/\/schema.org","@graph":[{"@type":"WebPage","@id":"https:\/\/educamos.com\/ca\/tractament-de-dades-de-educamos\/","url":"https:\/\/educamos.com\/ca\/tractament-de-dades-de-educamos\/","name":"Tractament de Dades per part de Educamos | Educamos","isPartOf":{"@id":"https:\/\/educamos.com\/ca\/#website"},"primaryImageOfPage":{"@id":"https:\/\/educamos.com\/ca\/tractament-de-dades-de-educamos\/#primaryimage"},"image":{"@id":"https:\/\/educamos.com\/ca\/tractament-de-dades-de-educamos\/#primaryimage"},"thumbnailUrl":"https:\/\/educamos.com\/wp-content\/uploads\/2023\/01\/rrss_generica_01-min.png","datePublished":"2022-12-12T10:22:27+00:00","dateModified":"2025-12-01T17:46:56+00:00","description":"Tratamiento de datos: Este sitio web es propiedad de SM, con domicilio social en calle Impresores, n\u00ba 2 (Parque Empresarial Prado del Espino), 28660 Boadilla del Monte, Madrid, Espa\u00f1a y C.I.F. n\u00ba B-86267432, inscrita en el Registro Mercantil de Madrid al Tomo 20087, Folio 160, Hoja M-523700.","breadcrumb":{"@id":"https:\/\/educamos.com\/ca\/tractament-de-dades-de-educamos\/#breadcrumb"},"inLanguage":"ca","potentialAction":[{"@type":"ReadAction","target":["https:\/\/educamos.com\/ca\/tractament-de-dades-de-educamos\/"]}]},{"@type":"ImageObject","inLanguage":"ca","@id":"https:\/\/educamos.com\/ca\/tractament-de-dades-de-educamos\/#primaryimage","url":"https:\/\/educamos.com\/wp-content\/uploads\/2023\/01\/rrss_generica_01-min.png","contentUrl":"https:\/\/educamos.com\/wp-content\/uploads\/2023\/01\/rrss_generica_01-min.png","width":1200,"height":600},{"@type":"BreadcrumbList","@id":"https:\/\/educamos.com\/ca\/tractament-de-dades-de-educamos\/#breadcrumb","itemListElement":[{"@type":"ListItem","position":1,"name":"Inici","item":"https:\/\/educamos.com\/ca\/"},{"@type":"ListItem","position":2,"name":"Tractament de Dades per part de Educamos"}]},{"@type":"WebSite","@id":"https:\/\/educamos.com\/ca\/#website","url":"https:\/\/educamos.com\/ca\/","name":"Educamos","description":"La escuela de hoy","potentialAction":[{"@type":"SearchAction","target":{"@type":"EntryPoint","urlTemplate":"https:\/\/educamos.com\/ca\/?s={search_term_string}"},"query-input":{"@type":"PropertyValueSpecification","valueRequired":true,"valueName":"search_term_string"}}],"inLanguage":"ca"}]}},"_links":{"self":[{"href":"https:\/\/educamos.com\/ca\/wp-json\/wp\/v2\/pages\/21481","targetHints":{"allow":["GET"]}}],"collection":[{"href":"https:\/\/educamos.com\/ca\/wp-json\/wp\/v2\/pages"}],"about":[{"href":"https:\/\/educamos.com\/ca\/wp-json\/wp\/v2\/types\/page"}],"author":[{"embeddable":true,"href":"https:\/\/educamos.com\/ca\/wp-json\/wp\/v2\/users\/1"}],"replies":[{"embeddable":true,"href":"https:\/\/educamos.com\/ca\/wp-json\/wp\/v2\/comments?post=21481"}],"version-history":[{"count":31,"href":"https:\/\/educamos.com\/ca\/wp-json\/wp\/v2\/pages\/21481\/revisions"}],"predecessor-version":[{"id":26766,"href":"https:\/\/educamos.com\/ca\/wp-json\/wp\/v2\/pages\/21481\/revisions\/26766"}],"wp:featuredmedia":[{"embeddable":true,"href":"https:\/\/educamos.com\/ca\/wp-json\/wp\/v2\/media\/21314"}],"wp:attachment":[{"href":"https:\/\/educamos.com\/ca\/wp-json\/wp\/v2\/media?parent=21481"}],"curies":[{"name":"wp","href":"https:\/\/api.w.org\/{rel}","templated":true}]}}