{"id":21483,"date":"2022-12-05T13:23:50","date_gmt":"2022-12-05T12:23:50","guid":{"rendered":"https:\/\/educamos.com\/politica-de-cookies\/"},"modified":"2025-01-31T10:40:37","modified_gmt":"2025-01-31T09:40:37","slug":"politica-de-cookies","status":"publish","type":"page","link":"https:\/\/educamos.com\/ca\/politica-de-cookies\/","title":{"rendered":"Pol\u00edtica de cookies"},"content":{"rendered":"\t\t<div data-elementor-type=\"wp-page\" data-elementor-id=\"21483\" class=\"elementor elementor-21483 elementor-5659\" data-elementor-post-type=\"page\">\n\t\t\t\t\t\t<section class=\"elementor-section elementor-top-section elementor-element elementor-element-1a6db18 elementor-section-full_width elementor-section-height-default elementor-section-height-default\" data-id=\"1a6db18\" data-element_type=\"section\" data-e-type=\"section\">\n\t\t\t\t\t\t<div class=\"elementor-container elementor-column-gap-default\">\n\t\t\t\t\t<div class=\"elementor-column elementor-col-100 elementor-top-column elementor-element elementor-element-aba13c1\" data-id=\"aba13c1\" data-element_type=\"column\" data-e-type=\"column\">\n\t\t\t<div class=\"elementor-widget-wrap elementor-element-populated\">\n\t\t\t\t\t\t<div class=\"elementor-element elementor-element-bf6394d elementor-widget elementor-widget-bloque-cabecera-menu\" data-id=\"bf6394d\" data-element_type=\"widget\" data-e-type=\"widget\" data-widget_type=\"bloque-cabecera-menu.default\">\n\t\t\t\t<div class=\"elementor-widget-container\">\n\t\t\t\t\t        <!-- Encabezado -->\n        <header class=\"header \">\n            <div id=\"sticky_header\" class=\"sticky-header \">\n                <div class=\"container\">\n                    <div class=\"row\">\n                        <div class=\"col-12 d-flex justify-content-between align-items-center\">\n                            <div class=\"logo\"><a href=\"https:\/\/educamos.com\/ca\/\"><img decoding=\"async\" src=\"https:\/\/educamos.com\/wp-content\/themes\/educamos\/images\/logotipo-2026.png\" class=\"img-fluid\" alt=\"Logotipo de Educamos\" \/><\/a><\/div>\n                                                            <div class=\"menu-header\">\n                                                                        <a href=\"\/ca\/solicita-una-demo\" class=\"btn btn-primary demo\" title=\"Sol\u00b7licitar informaci\u00f3\"><span class=\"d-none d-sm-block\">Sol\u00b7licitar informaci\u00f3<\/span><span class=\"d-block d-sm-none\">Demo<\/span><\/a>\n                                                                        <button data-target=\"#main_menu\" data-toggle=\"collapse\" class=\"navbar-toggle openMenu\" type=\"button\">\n                                        <i class=\"far fa-bars\"><\/i> <span class=\"sr-only\">Abrir men\u00fa<\/span>\n                                        <i class=\"far fa-times\"><\/i> <span class=\"sr-only\">Cerrar men\u00fa<\/span>    \n                                    <\/button>\n                                <\/div>\n\n                                <!-- MEGAMENU -->\n                                <div class=\"megamenu\">\n                                    <div class=\"container\">\n                                    <ul id=\"menu-menu-principal-catalan\" class=\"dropdown-menu\" itemscope itemtype=\"http:\/\/www.schema.org\/SiteNavigationElement\"><li  id=\"menu-item-22890\" class=\"menu-item menu-item-type-custom menu-item-object-custom menu-item-has-children dropdown menu-item-22890 nav-item\"><a href=\"#\" aria-expanded=\"false\" class=\"dropdown-toggle nav-link\" id=\"menu-item-dropdown-22890\" data-bs-toggle=\"dropdown\"><span itemprop=\"name\">Educamos<\/span><\/a>\n<ul class=\"dropdown-menu\" aria-labelledby=\"menu-item-dropdown-22890\">\n\t<li  id=\"menu-item-22896\" class=\"menu-item menu-item-type-post_type menu-item-object-page menu-item-22896 nav-item\"><a itemprop=\"url\" href=\"https:\/\/educamos.com\/ca\/que-es\/\" class=\"dropdown-item\"><span itemprop=\"name\">Qu\u00e8 \u00e9s?<\/span><\/a><\/li>\n\t<li  id=\"menu-item-22899\" class=\"menu-item menu-item-type-post_type menu-item-object-page menu-item-22899 nav-item\"><a itemprop=\"url\" href=\"https:\/\/educamos.com\/ca\/per-que\/\" class=\"dropdown-item\"><span itemprop=\"name\">Per qu\u00e8?<\/span><\/a><\/li>\n\t<li  id=\"menu-item-22898\" class=\"menu-item menu-item-type-post_type menu-item-object-page menu-item-22898 nav-item\"><a itemprop=\"url\" href=\"https:\/\/educamos.com\/ca\/educamos-makers\/\" class=\"dropdown-item\"><span itemprop=\"name\">Educamos Makers<\/span><\/a><\/li>\n\t<li  id=\"menu-item-22897\" class=\"menu-item menu-item-type-post_type menu-item-object-page menu-item-22897 nav-item\"><a itemprop=\"url\" href=\"https:\/\/educamos.com\/ca\/contacte\/\" class=\"dropdown-item\"><span itemprop=\"name\">Contacte<\/span><\/a><\/li>\n<\/ul>\n<\/li>\n<li  id=\"menu-item-22891\" class=\"menu-item menu-item-type-custom menu-item-object-custom menu-item-has-children dropdown menu-item-22891 nav-item\"><a href=\"#\" aria-expanded=\"false\" class=\"dropdown-toggle nav-link\" id=\"menu-item-dropdown-22891\" data-bs-toggle=\"dropdown\"><span itemprop=\"name\">Funcionalitats<\/span><\/a>\n<ul class=\"dropdown-menu\" aria-labelledby=\"menu-item-dropdown-22891\">\n\t<li  id=\"menu-item-22902\" class=\"menu-item menu-item-type-post_type menu-item-object-funcionalidades menu-item-22902 nav-item\"><a itemprop=\"url\" href=\"https:\/\/educamos.com\/ca\/funcionalitats\/analisi-de-dades\/\" class=\"dropdown-item\"><span itemprop=\"name\">An\u00e0lisi de Dades<\/span><\/a><\/li>\n\t<li  id=\"menu-item-22903\" class=\"menu-item menu-item-type-post_type menu-item-object-funcionalidades menu-item-22903 nav-item\"><a itemprop=\"url\" href=\"https:\/\/educamos.com\/ca\/funcionalitats\/comunicacio-del-centre\/\" class=\"dropdown-item\"><span itemprop=\"name\">Comunicaci\u00f3 del Centre<\/span><\/a><\/li>\n\t<li  id=\"menu-item-22901\" class=\"menu-item menu-item-type-post_type menu-item-object-funcionalidades menu-item-22901 nav-item\"><a itemprop=\"url\" href=\"https:\/\/educamos.com\/ca\/funcionalitats\/gestio-del-centre\/\" class=\"dropdown-item\"><span itemprop=\"name\">Gesti\u00f3 del Centre<\/span><\/a><\/li>\n\t<li  id=\"menu-item-22900\" class=\"menu-item menu-item-type-post_type menu-item-object-funcionalidades menu-item-22900 nav-item\"><a itemprop=\"url\" href=\"https:\/\/educamos.com\/ca\/funcionalitats\/innovacio-pedagogica\/\" class=\"dropdown-item\"><span itemprop=\"name\">Innovaci\u00f3 Pedag\u00f2gica<\/span><\/a><\/li>\n<\/ul>\n<\/li>\n<li  id=\"menu-item-22892\" class=\"menu-item menu-item-type-custom menu-item-object-custom menu-item-has-children dropdown menu-item-22892 nav-item\"><a href=\"#\" aria-expanded=\"false\" class=\"dropdown-toggle nav-link\" id=\"menu-item-dropdown-22892\" data-bs-toggle=\"dropdown\"><span itemprop=\"name\">Beneficis per<\/span><\/a>\n<ul class=\"dropdown-menu\" aria-labelledby=\"menu-item-dropdown-22892\">\n\t<li  id=\"menu-item-22908\" class=\"menu-item menu-item-type-post_type menu-item-object-beneficios menu-item-22908 nav-item\"><a itemprop=\"url\" href=\"https:\/\/educamos.com\/ca\/beneficis\/centres-educatius\/\" class=\"dropdown-item\"><span itemprop=\"name\">Centres Educatius<\/span><\/a><\/li>\n\t<li  id=\"menu-item-22909\" class=\"menu-item menu-item-type-post_type menu-item-object-beneficios menu-item-22909 nav-item\"><a itemprop=\"url\" href=\"https:\/\/educamos.com\/ca\/beneficis\/xarxes-escolars\/\" class=\"dropdown-item\"><span itemprop=\"name\">Xarxes escolars<\/span><\/a><\/li>\n\t<li  id=\"menu-item-22904\" class=\"menu-item menu-item-type-post_type menu-item-object-beneficios menu-item-22904 nav-item\"><a itemprop=\"url\" href=\"https:\/\/educamos.com\/ca\/beneficis\/formacio-professional\/\" class=\"dropdown-item\"><span itemprop=\"name\">Formaci\u00f3 professional<\/span><\/a><\/li>\n\t<li  id=\"menu-item-22906\" class=\"menu-item menu-item-type-post_type menu-item-object-beneficios menu-item-22906 nav-item\"><a itemprop=\"url\" href=\"https:\/\/educamos.com\/ca\/beneficis\/professors\/\" class=\"dropdown-item\"><span itemprop=\"name\">Professors<\/span><\/a><\/li>\n\t<li  id=\"menu-item-22907\" class=\"menu-item menu-item-type-post_type menu-item-object-beneficios menu-item-22907 nav-item\"><a itemprop=\"url\" href=\"https:\/\/educamos.com\/ca\/beneficis\/families\/\" class=\"dropdown-item\"><span itemprop=\"name\">Fam\u00edlies<\/span><\/a><\/li>\n\t<li  id=\"menu-item-22905\" class=\"menu-item menu-item-type-post_type menu-item-object-beneficios menu-item-22905 nav-item\"><a itemprop=\"url\" href=\"https:\/\/educamos.com\/ca\/beneficis\/alumnes\/\" class=\"dropdown-item\"><span itemprop=\"name\">Alumnes<\/span><\/a><\/li>\n<\/ul>\n<\/li>\n<li  id=\"menu-item-22893\" class=\"menu-item menu-item-type-custom menu-item-object-custom menu-item-has-children dropdown menu-item-22893 nav-item\"><a href=\"#\" aria-expanded=\"false\" class=\"dropdown-toggle nav-link\" id=\"menu-item-dropdown-22893\" data-bs-toggle=\"dropdown\"><span itemprop=\"name\">Insights<\/span><\/a>\n<ul class=\"dropdown-menu\" aria-labelledby=\"menu-item-dropdown-22893\">\n\t<li  id=\"menu-item-22911\" class=\"menu-item menu-item-type-taxonomy menu-item-object-category menu-item-22911 nav-item\"><a itemprop=\"url\" href=\"https:\/\/educamos.com\/ca\/blog-ca\/\" class=\"dropdown-item\"><span itemprop=\"name\">Blog<\/span><\/a><\/li>\n<\/ul>\n<\/li>\n<li  id=\"menu-item-22894\" class=\"menu-item menu-item-type-custom menu-item-object-custom menu-item-has-children dropdown menu-item-22894 nav-item\"><a href=\"#\" aria-expanded=\"false\" class=\"dropdown-toggle nav-link\" id=\"menu-item-dropdown-22894\" data-bs-toggle=\"dropdown\"><span itemprop=\"name\">Clients<\/span><\/a>\n<ul class=\"dropdown-menu\" aria-labelledby=\"menu-item-dropdown-22894\">\n\t<li  id=\"menu-item-22895\" class=\"link-externo menu-item menu-item-type-custom menu-item-object-custom menu-item-22895 nav-item\"><a target=\"_blank\" rel=\"noopener noreferrer\" itemprop=\"url\" href=\"https:\/\/www.educamoscerca.com\/\" class=\"dropdown-item\"><span itemprop=\"name\">Comunitat Educamos Cerca<\/span><\/a><\/li>\n<\/ul>\n<\/li>\n<\/ul>                                    <\/div>\n                                <\/div>\n                                                    <\/div>\n                    <\/div>\n                <\/div>\n            <\/div>\n        <\/header>\n        <!-- \/ -->\n\t\t\t\t\t\t<\/div>\n\t\t\t\t<\/div>\n\t\t\t\t<div class=\"elementor-element elementor-element-396b7d3 elementor-widget elementor-widget-bloque-texto\" data-id=\"396b7d3\" data-element_type=\"widget\" data-e-type=\"widget\" data-widget_type=\"bloque-texto.default\">\n\t\t\t\t<div class=\"elementor-widget-container\">\n\t\t\t\t\t        <!-- Texto a 2 columnas-->\n        <section class=\"bloque bloque-texto \">\n            <div class=\"container\">\n                                <div class=\"estrecho2\">\n                    <div class=\"row\">\n                        <div class=\"col-sm-12\">\n                            <div class=\"the_content\" data-aos=\"fade-up\" data-aos-duration=\"700\">\n                                <h1>Pol\u00edtica de cookies<\/h1>\n<script id=\"admindpo\" src=\"https:\/\/admindpo.grupo-sm.com\/dpoclient_v2.min.js\"data-baseurl=\"https:\/\/admindpo.grupo-sm.com\" data-sitename=\"cookiefirst-general\" data-document-type=\"cookies-policy\" data-language=\"cat\"><\/script>\n<div id=\"cookiefirst-policy-page\"><\/div>                            <\/div>\n                        <\/div>\n                    <\/div>\n                <\/div>\n            <\/div>\n        <\/section>\n\t\t\t\t\t\t<\/div>\n\t\t\t\t<\/div>\n\t\t\t\t\t<\/div>\n\t\t<\/div>\n\t\t\t\t\t<\/div>\n\t\t<\/section>\n\t\t\t\t<\/div>\n\t\t","protected":false},"excerpt":{"rendered":"<p>Sol\u00b7licitar informaci\u00f3Demo Abrir men\u00fa Cerrar men\u00fa SM Educamos Qu\u00e8 \u00e9s? Per qu\u00e8? Educamos Makers Contacte Funcionalitats An\u00e0lisi de Dades Comunicaci\u00f3 del Centre Gesti\u00f3 del Centre Innovaci\u00f3 Pedag\u00f2gica Beneficis per Centres Educatius Xarxes escolars Formaci\u00f3 professional Professors Fam\u00edlies Alumnes Insights Blog Ebooks Clients Comunitat Educamos Cerca Pol\u00edtica de cookies<\/p>\n","protected":false},"author":1,"featured_media":21314,"parent":0,"menu_order":0,"comment_status":"closed","ping_status":"closed","template":"","meta":{"_acf_changed":false,"footnotes":""},"class_list":["post-21483","page","type-page","status-publish","has-post-thumbnail","hentry"],"acf":[],"yoast_head":"<!-- This site is optimized with the Yoast SEO plugin v27.0 - https:\/\/yoast.com\/product\/yoast-seo-wordpress\/ -->\n<title>Pol\u00edtica de cookies | Educamos<\/title>\n<meta name=\"description\" content=\"SM Educamos: Con el fin de facilitar su navegaci\u00f3n por la Web, utilizamos Cookies u otros archivos de funcionalidad similar, en adelante, las \u201cCookies\u201d.\" \/>\n<meta name=\"robots\" content=\"index, follow, max-snippet:-1, max-image-preview:large, max-video-preview:-1\" \/>\n<link rel=\"canonical\" href=\"https:\/\/educamos.com\/ca\/politica-de-cookies\/\" \/>\n<meta property=\"og:locale\" content=\"ca_ES\" \/>\n<meta property=\"og:type\" content=\"article\" \/>\n<meta property=\"og:title\" content=\"Pol\u00edtica de cookies | Educamos\" \/>\n<meta property=\"og:description\" content=\"SM Educamos: Con el fin de facilitar su navegaci\u00f3n por la Web, utilizamos Cookies u otros archivos de funcionalidad similar, en adelante, las \u201cCookies\u201d.\" \/>\n<meta property=\"og:url\" content=\"https:\/\/educamos.com\/ca\/politica-de-cookies\/\" \/>\n<meta property=\"og:site_name\" content=\"Educamos\" \/>\n<meta property=\"article:modified_time\" content=\"2025-01-31T09:40:37+00:00\" \/>\n<meta property=\"og:image\" content=\"https:\/\/educamos.com\/wp-content\/uploads\/2023\/01\/rrss_generica_01-min.png\" \/>\n\t<meta property=\"og:image:width\" content=\"1200\" \/>\n\t<meta property=\"og:image:height\" content=\"600\" \/>\n\t<meta property=\"og:image:type\" content=\"image\/png\" \/>\n<meta name=\"twitter:card\" content=\"summary_large_image\" \/>\n<meta name=\"twitter:label1\" content=\"Temps estimat de lectura\" \/>\n\t<meta name=\"twitter:data1\" content=\"1 minut\" \/>\n<script type=\"application\/ld+json\" class=\"yoast-schema-graph\">{\"@context\":\"https:\/\/schema.org\",\"@graph\":[{\"@type\":\"WebPage\",\"@id\":\"https:\/\/educamos.com\/ca\/politica-de-cookies\/\",\"url\":\"https:\/\/educamos.com\/ca\/politica-de-cookies\/\",\"name\":\"Pol\u00edtica de cookies | Educamos\",\"isPartOf\":{\"@id\":\"https:\/\/educamos.com\/ca\/#website\"},\"primaryImageOfPage\":{\"@id\":\"https:\/\/educamos.com\/ca\/politica-de-cookies\/#primaryimage\"},\"image\":{\"@id\":\"https:\/\/educamos.com\/ca\/politica-de-cookies\/#primaryimage\"},\"thumbnailUrl\":\"https:\/\/educamos.com\/wp-content\/uploads\/2023\/01\/rrss_generica_01-min.png\",\"datePublished\":\"2022-12-05T12:23:50+00:00\",\"dateModified\":\"2025-01-31T09:40:37+00:00\",\"description\":\"SM Educamos: Con el fin de facilitar su navegaci\u00f3n por la Web, utilizamos Cookies u otros archivos de funcionalidad similar, en adelante, las \u201cCookies\u201d.\",\"breadcrumb\":{\"@id\":\"https:\/\/educamos.com\/ca\/politica-de-cookies\/#breadcrumb\"},\"inLanguage\":\"ca\",\"potentialAction\":[{\"@type\":\"ReadAction\",\"target\":[\"https:\/\/educamos.com\/ca\/politica-de-cookies\/\"]}]},{\"@type\":\"ImageObject\",\"inLanguage\":\"ca\",\"@id\":\"https:\/\/educamos.com\/ca\/politica-de-cookies\/#primaryimage\",\"url\":\"https:\/\/educamos.com\/wp-content\/uploads\/2023\/01\/rrss_generica_01-min.png\",\"contentUrl\":\"https:\/\/educamos.com\/wp-content\/uploads\/2023\/01\/rrss_generica_01-min.png\",\"width\":1200,\"height\":600},{\"@type\":\"BreadcrumbList\",\"@id\":\"https:\/\/educamos.com\/ca\/politica-de-cookies\/#breadcrumb\",\"itemListElement\":[{\"@type\":\"ListItem\",\"position\":1,\"name\":\"Inici\",\"item\":\"https:\/\/educamos.com\/ca\/\"},{\"@type\":\"ListItem\",\"position\":2,\"name\":\"Pol\u00edtica de cookies\"}]},{\"@type\":\"WebSite\",\"@id\":\"https:\/\/educamos.com\/ca\/#website\",\"url\":\"https:\/\/educamos.com\/ca\/\",\"name\":\"Educamos\",\"description\":\"La escuela de hoy\",\"potentialAction\":[{\"@type\":\"SearchAction\",\"target\":{\"@type\":\"EntryPoint\",\"urlTemplate\":\"https:\/\/educamos.com\/ca\/?s={search_term_string}\"},\"query-input\":{\"@type\":\"PropertyValueSpecification\",\"valueRequired\":true,\"valueName\":\"search_term_string\"}}],\"inLanguage\":\"ca\"}]}<\/script>\n<!-- \/ Yoast SEO plugin. -->","yoast_head_json":{"title":"Pol\u00edtica de cookies | Educamos","description":"SM Educamos: Con el fin de facilitar su navegaci\u00f3n por la Web, utilizamos Cookies u otros archivos de funcionalidad similar, en adelante, las \u201cCookies\u201d.","robots":{"index":"index","follow":"follow","max-snippet":"max-snippet:-1","max-image-preview":"max-image-preview:large","max-video-preview":"max-video-preview:-1"},"canonical":"https:\/\/educamos.com\/ca\/politica-de-cookies\/","og_locale":"ca_ES","og_type":"article","og_title":"Pol\u00edtica de cookies | Educamos","og_description":"SM Educamos: Con el fin de facilitar su navegaci\u00f3n por la Web, utilizamos Cookies u otros archivos de funcionalidad similar, en adelante, las \u201cCookies\u201d.","og_url":"https:\/\/educamos.com\/ca\/politica-de-cookies\/","og_site_name":"Educamos","article_modified_time":"2025-01-31T09:40:37+00:00","og_image":[{"width":1200,"height":600,"url":"https:\/\/educamos.com\/wp-content\/uploads\/2023\/01\/rrss_generica_01-min.png","type":"image\/png"}],"twitter_card":"summary_large_image","twitter_misc":{"Temps estimat de lectura":"1 minut"},"schema":{"@context":"https:\/\/schema.org","@graph":[{"@type":"WebPage","@id":"https:\/\/educamos.com\/ca\/politica-de-cookies\/","url":"https:\/\/educamos.com\/ca\/politica-de-cookies\/","name":"Pol\u00edtica de cookies | Educamos","isPartOf":{"@id":"https:\/\/educamos.com\/ca\/#website"},"primaryImageOfPage":{"@id":"https:\/\/educamos.com\/ca\/politica-de-cookies\/#primaryimage"},"image":{"@id":"https:\/\/educamos.com\/ca\/politica-de-cookies\/#primaryimage"},"thumbnailUrl":"https:\/\/educamos.com\/wp-content\/uploads\/2023\/01\/rrss_generica_01-min.png","datePublished":"2022-12-05T12:23:50+00:00","dateModified":"2025-01-31T09:40:37+00:00","description":"SM Educamos: Con el fin de facilitar su navegaci\u00f3n por la Web, utilizamos Cookies u otros archivos de funcionalidad similar, en adelante, las \u201cCookies\u201d.","breadcrumb":{"@id":"https:\/\/educamos.com\/ca\/politica-de-cookies\/#breadcrumb"},"inLanguage":"ca","potentialAction":[{"@type":"ReadAction","target":["https:\/\/educamos.com\/ca\/politica-de-cookies\/"]}]},{"@type":"ImageObject","inLanguage":"ca","@id":"https:\/\/educamos.com\/ca\/politica-de-cookies\/#primaryimage","url":"https:\/\/educamos.com\/wp-content\/uploads\/2023\/01\/rrss_generica_01-min.png","contentUrl":"https:\/\/educamos.com\/wp-content\/uploads\/2023\/01\/rrss_generica_01-min.png","width":1200,"height":600},{"@type":"BreadcrumbList","@id":"https:\/\/educamos.com\/ca\/politica-de-cookies\/#breadcrumb","itemListElement":[{"@type":"ListItem","position":1,"name":"Inici","item":"https:\/\/educamos.com\/ca\/"},{"@type":"ListItem","position":2,"name":"Pol\u00edtica de cookies"}]},{"@type":"WebSite","@id":"https:\/\/educamos.com\/ca\/#website","url":"https:\/\/educamos.com\/ca\/","name":"Educamos","description":"La escuela de hoy","potentialAction":[{"@type":"SearchAction","target":{"@type":"EntryPoint","urlTemplate":"https:\/\/educamos.com\/ca\/?s={search_term_string}"},"query-input":{"@type":"PropertyValueSpecification","valueRequired":true,"valueName":"search_term_string"}}],"inLanguage":"ca"}]}},"_links":{"self":[{"href":"https:\/\/educamos.com\/ca\/wp-json\/wp\/v2\/pages\/21483","targetHints":{"allow":["GET"]}}],"collection":[{"href":"https:\/\/educamos.com\/ca\/wp-json\/wp\/v2\/pages"}],"about":[{"href":"https:\/\/educamos.com\/ca\/wp-json\/wp\/v2\/types\/page"}],"author":[{"embeddable":true,"href":"https:\/\/educamos.com\/ca\/wp-json\/wp\/v2\/users\/1"}],"replies":[{"embeddable":true,"href":"https:\/\/educamos.com\/ca\/wp-json\/wp\/v2\/comments?post=21483"}],"version-history":[{"count":7,"href":"https:\/\/educamos.com\/ca\/wp-json\/wp\/v2\/pages\/21483\/revisions"}],"predecessor-version":[{"id":24153,"href":"https:\/\/educamos.com\/ca\/wp-json\/wp\/v2\/pages\/21483\/revisions\/24153"}],"wp:featuredmedia":[{"embeddable":true,"href":"https:\/\/educamos.com\/ca\/wp-json\/wp\/v2\/media\/21314"}],"wp:attachment":[{"href":"https:\/\/educamos.com\/ca\/wp-json\/wp\/v2\/media?parent=21483"}],"curies":[{"name":"wp","href":"https:\/\/api.w.org\/{rel}","templated":true}]}}