{"id":14599,"date":"2023-05-15T11:25:51","date_gmt":"2023-05-15T10:25:51","guid":{"rendered":"https:\/\/educamos.com\/politica-de-privacidad-eventos\/"},"modified":"2023-05-15T11:28:02","modified_gmt":"2023-05-15T10:28:02","slug":"politica-de-privacidad-eventos","status":"publish","type":"page","link":"https:\/\/educamos.com\/es-ar\/politica-de-privacidad-eventos\/","title":{"rendered":"Pol\u00edtica de privacidad eventos"},"content":{"rendered":"\t\t<div data-elementor-type=\"wp-page\" data-elementor-id=\"14599\" class=\"elementor elementor-14599 elementor-14593\" data-elementor-post-type=\"page\">\n\t\t\t\t\t\t<section class=\"elementor-section elementor-top-section elementor-element elementor-element-7510bce elementor-section-full_width elementor-section-height-default elementor-section-height-default\" data-id=\"7510bce\" data-element_type=\"section\" data-e-type=\"section\">\n\t\t\t\t\t\t<div class=\"elementor-container elementor-column-gap-default\">\n\t\t\t\t\t<div class=\"elementor-column elementor-col-100 elementor-top-column elementor-element elementor-element-a3c3ac5\" data-id=\"a3c3ac5\" data-element_type=\"column\" data-e-type=\"column\">\n\t\t\t<div class=\"elementor-widget-wrap elementor-element-populated\">\n\t\t\t\t\t\t<div class=\"elementor-element elementor-element-2d6e17b elementor-widget elementor-widget-bloque-cabecera-menu\" data-id=\"2d6e17b\" data-element_type=\"widget\" data-e-type=\"widget\" data-widget_type=\"bloque-cabecera-menu.default\">\n\t\t\t\t<div class=\"elementor-widget-container\">\n\t\t\t\t\t        <!-- Encabezado -->\n        <header class=\"header \">\n            <div id=\"sticky_header\" class=\"sticky-header \">\n                <div class=\"container\">\n                    <div class=\"row\">\n                        <div class=\"col-12 d-flex justify-content-between align-items-center\">\n                            <div class=\"logo\"><a href=\"https:\/\/educamos.com\/es-ar\/\"><img decoding=\"async\" src=\"https:\/\/educamos.com\/wp-content\/themes\/educamos\/images\/logotipo-2026.png\" class=\"img-fluid\" alt=\"Logotipo de Educamos\" \/><\/a><\/div>\n                                                            <div class=\"menu-header\">\n                                                                        <a href=\"\/es-ar\/solicita-una-demo\" class=\"btn btn-primary demo\" title=\"Solicitar informaci\u00f3n\"><span class=\"d-none d-sm-block\">Solicitar informaci\u00f3n<\/span><span class=\"d-block d-sm-none\">Mas info<\/span><\/a>\n                                                                        <button data-target=\"#main_menu\" data-toggle=\"collapse\" class=\"navbar-toggle openMenu\" type=\"button\">\n                                        <i class=\"far fa-bars\"><\/i> <span class=\"sr-only\">Abrir men\u00fa<\/span>\n                                        <i class=\"far fa-times\"><\/i> <span class=\"sr-only\">Cerrar men\u00fa<\/span>    \n                                    <\/button>\n                                <\/div>\n\n                                <!-- MEGAMENU -->\n                                <div class=\"megamenu\">\n                                    <div class=\"container\">\n                                    <ul id=\"menu-menu-principal-argentina\" class=\"dropdown-menu\" itemscope itemtype=\"http:\/\/www.schema.org\/SiteNavigationElement\"><li  id=\"menu-item-8930\" class=\"menu-item menu-item-type-custom menu-item-object-custom menu-item-has-children dropdown menu-item-8930 nav-item\"><a href=\"#\" aria-expanded=\"false\" class=\"dropdown-toggle nav-link\" id=\"menu-item-dropdown-8930\" data-bs-toggle=\"dropdown\"><span itemprop=\"name\">Educamos<\/span><\/a>\n<ul class=\"dropdown-menu\" aria-labelledby=\"menu-item-dropdown-8930\">\n\t<li  id=\"menu-item-10139\" class=\"menu-item menu-item-type-post_type menu-item-object-page menu-item-10139 nav-item\"><a itemprop=\"url\" href=\"https:\/\/educamos.com\/es-ar\/que-es\/\" class=\"dropdown-item\"><span itemprop=\"name\">\u00bfQu\u00e9 es?<\/span><\/a><\/li>\n\t<li  id=\"menu-item-10138\" class=\"menu-item menu-item-type-post_type menu-item-object-page menu-item-10138 nav-item\"><a itemprop=\"url\" href=\"https:\/\/educamos.com\/es-ar\/por-que\/\" class=\"dropdown-item\"><span itemprop=\"name\">\u00bfPor qu\u00e9?<\/span><\/a><\/li>\n\t<li  id=\"menu-item-10141\" class=\"menu-item menu-item-type-post_type menu-item-object-page menu-item-10141 nav-item\"><a itemprop=\"url\" href=\"https:\/\/educamos.com\/es-ar\/educamos-makers\/\" class=\"dropdown-item\"><span itemprop=\"name\">Educamos Makers<\/span><\/a><\/li>\n\t<li  id=\"menu-item-13016\" class=\"menu-item menu-item-type-post_type menu-item-object-page menu-item-13016 nav-item\"><a itemprop=\"url\" href=\"https:\/\/educamos.com\/es-ar\/contacto\/\" class=\"dropdown-item\"><span itemprop=\"name\">Contacto<\/span><\/a><\/li>\n<\/ul>\n<\/li>\n<li  id=\"menu-item-8933\" class=\"menu-item menu-item-type-post_type_archive menu-item-object-funcionalidades menu-item-has-children dropdown menu-item-8933 nav-item\"><a href=\"#\" aria-expanded=\"false\" class=\"dropdown-toggle nav-link\" id=\"menu-item-dropdown-8933\" data-bs-toggle=\"dropdown\"><span itemprop=\"name\">Funcionalidades<\/span><\/a>\n<ul class=\"dropdown-menu\" aria-labelledby=\"menu-item-dropdown-8933\">\n\t<li  id=\"menu-item-10144\" class=\"menu-item menu-item-type-post_type menu-item-object-funcionalidades menu-item-10144 nav-item\"><a itemprop=\"url\" href=\"https:\/\/educamos.com\/es-ar\/funcionalidades\/analitica-de-datos\/\" class=\"dropdown-item\"><span itemprop=\"name\">Anal\u00edtica de datos<\/span><\/a><\/li>\n\t<li  id=\"menu-item-10145\" class=\"menu-item menu-item-type-post_type menu-item-object-funcionalidades menu-item-10145 nav-item\"><a itemprop=\"url\" href=\"https:\/\/educamos.com\/es-ar\/funcionalidades\/comunicacion-del-colegio\/\" class=\"dropdown-item\"><span itemprop=\"name\">Comunicaci\u00f3n del colegio<\/span><\/a><\/li>\n\t<li  id=\"menu-item-10143\" class=\"menu-item menu-item-type-post_type menu-item-object-funcionalidades menu-item-10143 nav-item\"><a itemprop=\"url\" href=\"https:\/\/educamos.com\/es-ar\/funcionalidades\/gestion-del-colegio\/\" class=\"dropdown-item\"><span itemprop=\"name\">Gesti\u00f3n del colegio<\/span><\/a><\/li>\n\t<li  id=\"menu-item-10142\" class=\"menu-item menu-item-type-post_type menu-item-object-funcionalidades menu-item-10142 nav-item\"><a itemprop=\"url\" href=\"https:\/\/educamos.com\/es-ar\/funcionalidades\/innovacion-pedagogica\/\" class=\"dropdown-item\"><span itemprop=\"name\">Innovaci\u00f3n pedag\u00f3gica<\/span><\/a><\/li>\n<\/ul>\n<\/li>\n<li  id=\"menu-item-8936\" class=\"menu-item menu-item-type-post_type_archive menu-item-object-beneficios menu-item-has-children dropdown menu-item-8936 nav-item\"><a href=\"#\" aria-expanded=\"false\" class=\"dropdown-toggle nav-link\" id=\"menu-item-dropdown-8936\" data-bs-toggle=\"dropdown\"><span itemprop=\"name\">Beneficios para<\/span><\/a>\n<ul class=\"dropdown-menu\" aria-labelledby=\"menu-item-dropdown-8936\">\n\t<li  id=\"menu-item-8937\" class=\"menu-item menu-item-type-post_type menu-item-object-beneficios menu-item-8937 nav-item\"><a itemprop=\"url\" href=\"https:\/\/educamos.com\/es-ar\/beneficios\/instituciones-educativas\/\" class=\"dropdown-item\"><span itemprop=\"name\">Instituciones educativas<\/span><\/a><\/li>\n\t<li  id=\"menu-item-8938\" class=\"menu-item menu-item-type-post_type menu-item-object-beneficios menu-item-8938 nav-item\"><a itemprop=\"url\" href=\"https:\/\/educamos.com\/es-ar\/beneficios\/red-de-escuelas\/\" class=\"dropdown-item\"><span itemprop=\"name\">Red de escuelas<\/span><\/a><\/li>\n\t<li  id=\"menu-item-8939\" class=\"menu-item menu-item-type-post_type menu-item-object-beneficios menu-item-8939 nav-item\"><a itemprop=\"url\" href=\"https:\/\/educamos.com\/es-ar\/beneficios\/docentes\/\" class=\"dropdown-item\"><span itemprop=\"name\">Docentes<\/span><\/a><\/li>\n\t<li  id=\"menu-item-8949\" class=\"menu-item menu-item-type-post_type menu-item-object-beneficios menu-item-8949 nav-item\"><a itemprop=\"url\" href=\"https:\/\/educamos.com\/es-ar\/beneficios\/familias\/\" class=\"dropdown-item\"><span itemprop=\"name\">Familias<\/span><\/a><\/li>\n\t<li  id=\"menu-item-8950\" class=\"menu-item menu-item-type-post_type menu-item-object-beneficios menu-item-8950 nav-item\"><a itemprop=\"url\" href=\"https:\/\/educamos.com\/es-ar\/beneficios\/alumnos-as\/\" class=\"dropdown-item\"><span itemprop=\"name\">Alumnos\/as<\/span><\/a><\/li>\n<\/ul>\n<\/li>\n<li  id=\"menu-item-8951\" class=\"menu-item menu-item-type-custom menu-item-object-custom menu-item-has-children dropdown menu-item-8951 nav-item\"><a href=\"#\" aria-expanded=\"false\" class=\"dropdown-toggle nav-link\" id=\"menu-item-dropdown-8951\" data-bs-toggle=\"dropdown\"><span itemprop=\"name\">Insights<\/span><\/a>\n<ul class=\"dropdown-menu\" aria-labelledby=\"menu-item-dropdown-8951\">\n\t<li  id=\"menu-item-20604\" class=\"menu-item menu-item-type-taxonomy menu-item-object-category menu-item-20604 nav-item\"><a itemprop=\"url\" href=\"https:\/\/educamos.com\/es-ar\/blog\/\" class=\"dropdown-item\"><span itemprop=\"name\">Blog<\/span><\/a><\/li>\n\t<li  id=\"menu-item-20605\" class=\"menu-item menu-item-type-post_type_archive menu-item-object-ebook menu-item-20605 nav-item\"><a itemprop=\"url\" href=\"https:\/\/educamos.com\/es-ar\/ebook\/\" class=\"dropdown-item\"><span itemprop=\"name\">Ebooks<\/span><\/a><\/li>\n<\/ul>\n<\/li>\n<li  id=\"menu-item-8953\" class=\"menu-item menu-item-type-custom menu-item-object-custom menu-item-has-children dropdown menu-item-8953 nav-item\"><a href=\"#\" aria-expanded=\"false\" class=\"dropdown-toggle nav-link\" id=\"menu-item-dropdown-8953\" data-bs-toggle=\"dropdown\"><span itemprop=\"name\">Clientes<\/span><\/a>\n<ul class=\"dropdown-menu\" aria-labelledby=\"menu-item-dropdown-8953\">\n\t<li  id=\"menu-item-8954\" class=\"link-externo menu-item menu-item-type-custom menu-item-object-custom menu-item-8954 nav-item\"><a target=\"_blank\" rel=\"noopener noreferrer\" itemprop=\"url\" href=\"https:\/\/www.educamosmakers.com\/\" class=\"dropdown-item\"><span itemprop=\"name\">Comunidad Educamos Makers<\/span><\/a><\/li>\n<\/ul>\n<\/li>\n<\/ul>                                    <\/div>\n                                <\/div>\n                                                    <\/div>\n                    <\/div>\n                <\/div>\n            <\/div>\n        <\/header>\n        <!-- \/ -->\n\t\t\t\t\t\t<\/div>\n\t\t\t\t<\/div>\n\t\t\t\t<div class=\"elementor-element elementor-element-5d39e32 elementor-widget elementor-widget-bloque-texto\" data-id=\"5d39e32\" data-element_type=\"widget\" data-e-type=\"widget\" data-widget_type=\"bloque-texto.default\">\n\t\t\t\t<div class=\"elementor-widget-container\">\n\t\t\t\t\t        <!-- Texto a 2 columnas-->\n        <section class=\"bloque bloque-texto \">\n            <div class=\"container\">\n                <h1 class=\"titulos\" data-aos=\"fade-left\" data-aos-duration=\"700\">Pol\u00edtica de privacidad eventos<\/h1>                <div class=\"estrecho2\">\n                    <div class=\"row\">\n                        <div class=\"col-sm-12\">\n                            <div class=\"the_content\" data-aos=\"fade-up\" data-aos-duration=\"700\">\n                                <script id=\"admindpo\" src=\"https:\/\/admindpo.grupo-sm.com\/dpoclient_v2.min.js\"data-baseurl=\"https:\/\/admindpo.grupo-sm.com\" data-sitename=\"corporativa-sm-educamos-com\" data-document-type=\"Politica eventos\" data-language=\"ar\"><\/script>                            <\/div>\n                        <\/div>\n                    <\/div>\n                <\/div>\n            <\/div>\n        <\/section>\n\t\t\t\t\t\t<\/div>\n\t\t\t\t<\/div>\n\t\t\t\t\t<\/div>\n\t\t<\/div>\n\t\t\t\t\t<\/div>\n\t\t<\/section>\n\t\t\t\t<\/div>\n\t\t","protected":false},"excerpt":{"rendered":"<p>Solicita una demoDemo Abrir men\u00fa Cerrar men\u00fa SM Educamos \u00bfQu\u00e9 es? \u00bfPor qu\u00e9? Educamos Makers Contacto Funcionalidades Anal\u00edtica de datos Comunicaci\u00f3n del colegio Gesti\u00f3n del colegio Innovaci\u00f3n pedag\u00f3gica Beneficios para Instituciones educativas Red de escuelas Docentes Familias Alumnos\/as Insights Blog Clientes Comunidad Educamos Makers Pol\u00edtica de privacidad eventos<\/p>\n","protected":false},"author":1,"featured_media":0,"parent":0,"menu_order":0,"comment_status":"closed","ping_status":"closed","template":"","meta":{"_acf_changed":false,"footnotes":""},"class_list":["post-14599","page","type-page","status-publish","hentry"],"acf":[],"yoast_head":"<!-- This site is optimized with the Yoast SEO plugin v27.0 - https:\/\/yoast.com\/product\/yoast-seo-wordpress\/ -->\n<title>Pol\u00edtica de privacidad eventos | Educamos<\/title>\n<meta name=\"description\" content=\"Solicita una demoDemo Abrir men\u00fa Cerrar men\u00fa SM Educamos \u00bfQu\u00e9 es? \u00bfPor qu\u00e9? Educamos Makers Contacto Funcionalidades Anal\u00edtica de datos Comunicaci\u00f3n del\" \/>\n<meta name=\"robots\" content=\"index, follow, max-snippet:-1, max-image-preview:large, max-video-preview:-1\" \/>\n<link rel=\"canonical\" href=\"https:\/\/educamos.com\/es-ar\/politica-de-privacidad-eventos\/\" \/>\n<meta property=\"og:locale\" content=\"es_ES\" \/>\n<meta property=\"og:type\" content=\"article\" \/>\n<meta property=\"og:title\" content=\"Pol\u00edtica de privacidad eventos | Educamos\" \/>\n<meta property=\"og:description\" content=\"Solicita una demoDemo Abrir men\u00fa Cerrar men\u00fa SM Educamos \u00bfQu\u00e9 es? \u00bfPor qu\u00e9? Educamos Makers Contacto Funcionalidades Anal\u00edtica de datos Comunicaci\u00f3n del\" \/>\n<meta property=\"og:url\" content=\"https:\/\/educamos.com\/es-ar\/politica-de-privacidad-eventos\/\" \/>\n<meta property=\"og:site_name\" content=\"Educamos\" \/>\n<meta property=\"article:modified_time\" content=\"2023-05-15T10:28:02+00:00\" \/>\n<meta property=\"og:image\" content=\"https:\/\/educamos.com\/wp-content\/themes\/educamos\/images\/logotipo.png\" \/>\n<meta name=\"twitter:card\" content=\"summary_large_image\" \/>\n<meta name=\"twitter:label1\" content=\"Tiempo de lectura\" \/>\n\t<meta name=\"twitter:data1\" content=\"1 minuto\" \/>\n<script type=\"application\/ld+json\" class=\"yoast-schema-graph\">{\"@context\":\"https:\/\/schema.org\",\"@graph\":[{\"@type\":\"WebPage\",\"@id\":\"https:\/\/educamos.com\/es-ar\/politica-de-privacidad-eventos\/\",\"url\":\"https:\/\/educamos.com\/es-ar\/politica-de-privacidad-eventos\/\",\"name\":\"Pol\u00edtica de privacidad eventos | Educamos\",\"isPartOf\":{\"@id\":\"https:\/\/educamos.com\/es-ar\/#website\"},\"primaryImageOfPage\":{\"@id\":\"https:\/\/educamos.com\/es-ar\/politica-de-privacidad-eventos\/#primaryimage\"},\"image\":{\"@id\":\"https:\/\/educamos.com\/es-ar\/politica-de-privacidad-eventos\/#primaryimage\"},\"thumbnailUrl\":\"https:\/\/educamos.com\/wp-content\/themes\/educamos\/images\/logotipo.png\",\"datePublished\":\"2023-05-15T10:25:51+00:00\",\"dateModified\":\"2023-05-15T10:28:02+00:00\",\"description\":\"Solicita una demoDemo Abrir men\u00fa Cerrar men\u00fa SM Educamos \u00bfQu\u00e9 es? \u00bfPor qu\u00e9? Educamos Makers Contacto Funcionalidades Anal\u00edtica de datos Comunicaci\u00f3n del\",\"breadcrumb\":{\"@id\":\"https:\/\/educamos.com\/es-ar\/politica-de-privacidad-eventos\/#breadcrumb\"},\"inLanguage\":\"es-AR\",\"potentialAction\":[{\"@type\":\"ReadAction\",\"target\":[\"https:\/\/educamos.com\/es-ar\/politica-de-privacidad-eventos\/\"]}]},{\"@type\":\"ImageObject\",\"inLanguage\":\"es-AR\",\"@id\":\"https:\/\/educamos.com\/es-ar\/politica-de-privacidad-eventos\/#primaryimage\",\"url\":\"https:\/\/educamos.com\/wp-content\/themes\/educamos\/images\/logotipo.png\",\"contentUrl\":\"https:\/\/educamos.com\/wp-content\/themes\/educamos\/images\/logotipo.png\"},{\"@type\":\"BreadcrumbList\",\"@id\":\"https:\/\/educamos.com\/es-ar\/politica-de-privacidad-eventos\/#breadcrumb\",\"itemListElement\":[{\"@type\":\"ListItem\",\"position\":1,\"name\":\"Inicio\",\"item\":\"https:\/\/educamos.com\/es-ar\/\"},{\"@type\":\"ListItem\",\"position\":2,\"name\":\"Pol\u00edtica de privacidad eventos\"}]},{\"@type\":\"WebSite\",\"@id\":\"https:\/\/educamos.com\/es-ar\/#website\",\"url\":\"https:\/\/educamos.com\/es-ar\/\",\"name\":\"Educamos\",\"description\":\"La escuela de hoy\",\"potentialAction\":[{\"@type\":\"SearchAction\",\"target\":{\"@type\":\"EntryPoint\",\"urlTemplate\":\"https:\/\/educamos.com\/es-ar\/?s={search_term_string}\"},\"query-input\":{\"@type\":\"PropertyValueSpecification\",\"valueRequired\":true,\"valueName\":\"search_term_string\"}}],\"inLanguage\":\"es-AR\"}]}<\/script>\n<!-- \/ Yoast SEO plugin. -->","yoast_head_json":{"title":"Pol\u00edtica de privacidad eventos | Educamos","description":"Solicita una demoDemo Abrir men\u00fa Cerrar men\u00fa SM Educamos \u00bfQu\u00e9 es? \u00bfPor qu\u00e9? Educamos Makers Contacto Funcionalidades Anal\u00edtica de datos Comunicaci\u00f3n del","robots":{"index":"index","follow":"follow","max-snippet":"max-snippet:-1","max-image-preview":"max-image-preview:large","max-video-preview":"max-video-preview:-1"},"canonical":"https:\/\/educamos.com\/es-ar\/politica-de-privacidad-eventos\/","og_locale":"es_ES","og_type":"article","og_title":"Pol\u00edtica de privacidad eventos | Educamos","og_description":"Solicita una demoDemo Abrir men\u00fa Cerrar men\u00fa SM Educamos \u00bfQu\u00e9 es? \u00bfPor qu\u00e9? Educamos Makers Contacto Funcionalidades Anal\u00edtica de datos Comunicaci\u00f3n del","og_url":"https:\/\/educamos.com\/es-ar\/politica-de-privacidad-eventos\/","og_site_name":"Educamos","article_modified_time":"2023-05-15T10:28:02+00:00","og_image":[{"url":"https:\/\/educamos.com\/wp-content\/themes\/educamos\/images\/logotipo.png","type":"","width":"","height":""}],"twitter_card":"summary_large_image","twitter_misc":{"Tiempo de lectura":"1 minuto"},"schema":{"@context":"https:\/\/schema.org","@graph":[{"@type":"WebPage","@id":"https:\/\/educamos.com\/es-ar\/politica-de-privacidad-eventos\/","url":"https:\/\/educamos.com\/es-ar\/politica-de-privacidad-eventos\/","name":"Pol\u00edtica de privacidad eventos | Educamos","isPartOf":{"@id":"https:\/\/educamos.com\/es-ar\/#website"},"primaryImageOfPage":{"@id":"https:\/\/educamos.com\/es-ar\/politica-de-privacidad-eventos\/#primaryimage"},"image":{"@id":"https:\/\/educamos.com\/es-ar\/politica-de-privacidad-eventos\/#primaryimage"},"thumbnailUrl":"https:\/\/educamos.com\/wp-content\/themes\/educamos\/images\/logotipo.png","datePublished":"2023-05-15T10:25:51+00:00","dateModified":"2023-05-15T10:28:02+00:00","description":"Solicita una demoDemo Abrir men\u00fa Cerrar men\u00fa SM Educamos \u00bfQu\u00e9 es? \u00bfPor qu\u00e9? Educamos Makers Contacto Funcionalidades Anal\u00edtica de datos Comunicaci\u00f3n del","breadcrumb":{"@id":"https:\/\/educamos.com\/es-ar\/politica-de-privacidad-eventos\/#breadcrumb"},"inLanguage":"es-AR","potentialAction":[{"@type":"ReadAction","target":["https:\/\/educamos.com\/es-ar\/politica-de-privacidad-eventos\/"]}]},{"@type":"ImageObject","inLanguage":"es-AR","@id":"https:\/\/educamos.com\/es-ar\/politica-de-privacidad-eventos\/#primaryimage","url":"https:\/\/educamos.com\/wp-content\/themes\/educamos\/images\/logotipo.png","contentUrl":"https:\/\/educamos.com\/wp-content\/themes\/educamos\/images\/logotipo.png"},{"@type":"BreadcrumbList","@id":"https:\/\/educamos.com\/es-ar\/politica-de-privacidad-eventos\/#breadcrumb","itemListElement":[{"@type":"ListItem","position":1,"name":"Inicio","item":"https:\/\/educamos.com\/es-ar\/"},{"@type":"ListItem","position":2,"name":"Pol\u00edtica de privacidad eventos"}]},{"@type":"WebSite","@id":"https:\/\/educamos.com\/es-ar\/#website","url":"https:\/\/educamos.com\/es-ar\/","name":"Educamos","description":"La escuela de hoy","potentialAction":[{"@type":"SearchAction","target":{"@type":"EntryPoint","urlTemplate":"https:\/\/educamos.com\/es-ar\/?s={search_term_string}"},"query-input":{"@type":"PropertyValueSpecification","valueRequired":true,"valueName":"search_term_string"}}],"inLanguage":"es-AR"}]}},"_links":{"self":[{"href":"https:\/\/educamos.com\/es-ar\/wp-json\/wp\/v2\/pages\/14599","targetHints":{"allow":["GET"]}}],"collection":[{"href":"https:\/\/educamos.com\/es-ar\/wp-json\/wp\/v2\/pages"}],"about":[{"href":"https:\/\/educamos.com\/es-ar\/wp-json\/wp\/v2\/types\/page"}],"author":[{"embeddable":true,"href":"https:\/\/educamos.com\/es-ar\/wp-json\/wp\/v2\/users\/1"}],"replies":[{"embeddable":true,"href":"https:\/\/educamos.com\/es-ar\/wp-json\/wp\/v2\/comments?post=14599"}],"version-history":[{"count":3,"href":"https:\/\/educamos.com\/es-ar\/wp-json\/wp\/v2\/pages\/14599\/revisions"}],"predecessor-version":[{"id":14605,"href":"https:\/\/educamos.com\/es-ar\/wp-json\/wp\/v2\/pages\/14599\/revisions\/14605"}],"wp:attachment":[{"href":"https:\/\/educamos.com\/es-ar\/wp-json\/wp\/v2\/media?parent=14599"}],"curies":[{"name":"wp","href":"https:\/\/api.w.org\/{rel}","templated":true}]}}