{"id":8451,"date":"2022-12-12T11:22:27","date_gmt":"2022-12-12T10:22:27","guid":{"rendered":"https:\/\/educamos.com\/tratamiento-de-datos-educamos\/"},"modified":"2025-12-01T18:59:14","modified_gmt":"2025-12-01T17:59:14","slug":"tratamiento-de-datos-de-educamos","status":"publish","type":"page","link":"https:\/\/educamos.com\/es-ar\/tratamiento-de-datos-de-educamos\/","title":{"rendered":"Tratamiento de datos de Educamos"},"content":{"rendered":"\t\t<div data-elementor-type=\"wp-page\" data-elementor-id=\"8451\" class=\"elementor elementor-8451 elementor-6602\" data-elementor-post-type=\"page\">\n\t\t\t\t\t\t<section class=\"elementor-section elementor-top-section elementor-element elementor-element-f9ce5c7 elementor-section-full_width elementor-section-height-default elementor-section-height-default\" data-id=\"f9ce5c7\" data-element_type=\"section\" data-e-type=\"section\">\n\t\t\t\t\t\t<div class=\"elementor-container elementor-column-gap-default\">\n\t\t\t\t\t<div class=\"elementor-column elementor-col-100 elementor-top-column elementor-element elementor-element-8a99e8b\" data-id=\"8a99e8b\" data-element_type=\"column\" data-e-type=\"column\">\n\t\t\t<div class=\"elementor-widget-wrap elementor-element-populated\">\n\t\t\t\t\t\t<div class=\"elementor-element elementor-element-5dce965 elementor-widget elementor-widget-bloque-cabecera-menu\" data-id=\"5dce965\" data-element_type=\"widget\" data-e-type=\"widget\" data-widget_type=\"bloque-cabecera-menu.default\">\n\t\t\t\t<div class=\"elementor-widget-container\">\n\t\t\t\t\t        <!-- Encabezado -->\n        <header class=\"header \">\n            <div id=\"sticky_header\" class=\"sticky-header \">\n                <div class=\"container\">\n                    <div class=\"row\">\n                        <div class=\"col-12 d-flex justify-content-between align-items-center\">\n                            <div class=\"logo\"><a href=\"https:\/\/educamos.com\/es-ar\/\"><img decoding=\"async\" src=\"https:\/\/educamos.com\/wp-content\/themes\/educamos\/images\/logotipo-2026.png\" class=\"img-fluid\" alt=\"Logotipo de Educamos\" \/><\/a><\/div>\n                                                            <div class=\"menu-header\">\n                                                                        <a href=\"\/es-ar\/solicita-una-demo\" class=\"btn btn-primary demo\" title=\"Solicitar informaci\u00f3n\"><span class=\"d-none d-sm-block\">Solicitar informaci\u00f3n<\/span><span class=\"d-block d-sm-none\">Mas info<\/span><\/a>\n                                                                        <button data-target=\"#main_menu\" data-toggle=\"collapse\" class=\"navbar-toggle openMenu\" type=\"button\">\n                                        <i class=\"far fa-bars\"><\/i> <span class=\"sr-only\">Abrir men\u00fa<\/span>\n                                        <i class=\"far fa-times\"><\/i> <span class=\"sr-only\">Cerrar men\u00fa<\/span>    \n                                    <\/button>\n                                <\/div>\n\n                                <!-- MEGAMENU -->\n                                <div class=\"megamenu\">\n                                    <div class=\"container\">\n                                    <ul id=\"menu-menu-principal-argentina\" class=\"dropdown-menu\" itemscope itemtype=\"http:\/\/www.schema.org\/SiteNavigationElement\"><li  id=\"menu-item-8930\" class=\"menu-item menu-item-type-custom menu-item-object-custom menu-item-has-children dropdown menu-item-8930 nav-item\"><a href=\"#\" aria-expanded=\"false\" class=\"dropdown-toggle nav-link\" id=\"menu-item-dropdown-8930\" data-bs-toggle=\"dropdown\"><span itemprop=\"name\">Educamos<\/span><\/a>\n<ul class=\"dropdown-menu\" aria-labelledby=\"menu-item-dropdown-8930\">\n\t<li  id=\"menu-item-10139\" class=\"menu-item menu-item-type-post_type menu-item-object-page menu-item-10139 nav-item\"><a itemprop=\"url\" href=\"https:\/\/educamos.com\/es-ar\/que-es\/\" class=\"dropdown-item\"><span itemprop=\"name\">\u00bfQu\u00e9 es?<\/span><\/a><\/li>\n\t<li  id=\"menu-item-10138\" class=\"menu-item menu-item-type-post_type menu-item-object-page menu-item-10138 nav-item\"><a itemprop=\"url\" href=\"https:\/\/educamos.com\/es-ar\/por-que\/\" class=\"dropdown-item\"><span itemprop=\"name\">\u00bfPor qu\u00e9?<\/span><\/a><\/li>\n\t<li  id=\"menu-item-10141\" class=\"menu-item menu-item-type-post_type menu-item-object-page menu-item-10141 nav-item\"><a itemprop=\"url\" href=\"https:\/\/educamos.com\/es-ar\/educamos-makers\/\" class=\"dropdown-item\"><span itemprop=\"name\">Educamos Makers<\/span><\/a><\/li>\n\t<li  id=\"menu-item-13016\" class=\"menu-item menu-item-type-post_type menu-item-object-page menu-item-13016 nav-item\"><a itemprop=\"url\" href=\"https:\/\/educamos.com\/es-ar\/contacto\/\" class=\"dropdown-item\"><span itemprop=\"name\">Contacto<\/span><\/a><\/li>\n<\/ul>\n<\/li>\n<li  id=\"menu-item-8933\" class=\"menu-item menu-item-type-post_type_archive menu-item-object-funcionalidades menu-item-has-children dropdown menu-item-8933 nav-item\"><a href=\"#\" aria-expanded=\"false\" class=\"dropdown-toggle nav-link\" id=\"menu-item-dropdown-8933\" data-bs-toggle=\"dropdown\"><span itemprop=\"name\">Funcionalidades<\/span><\/a>\n<ul class=\"dropdown-menu\" aria-labelledby=\"menu-item-dropdown-8933\">\n\t<li  id=\"menu-item-10144\" class=\"menu-item menu-item-type-post_type menu-item-object-funcionalidades menu-item-10144 nav-item\"><a itemprop=\"url\" href=\"https:\/\/educamos.com\/es-ar\/funcionalidades\/analitica-de-datos\/\" class=\"dropdown-item\"><span itemprop=\"name\">Anal\u00edtica de datos<\/span><\/a><\/li>\n\t<li  id=\"menu-item-10145\" class=\"menu-item menu-item-type-post_type menu-item-object-funcionalidades menu-item-10145 nav-item\"><a itemprop=\"url\" href=\"https:\/\/educamos.com\/es-ar\/funcionalidades\/comunicacion-del-colegio\/\" class=\"dropdown-item\"><span itemprop=\"name\">Comunicaci\u00f3n del colegio<\/span><\/a><\/li>\n\t<li  id=\"menu-item-10143\" class=\"menu-item menu-item-type-post_type menu-item-object-funcionalidades menu-item-10143 nav-item\"><a itemprop=\"url\" href=\"https:\/\/educamos.com\/es-ar\/funcionalidades\/gestion-del-colegio\/\" class=\"dropdown-item\"><span itemprop=\"name\">Gesti\u00f3n del colegio<\/span><\/a><\/li>\n\t<li  id=\"menu-item-10142\" class=\"menu-item menu-item-type-post_type menu-item-object-funcionalidades menu-item-10142 nav-item\"><a itemprop=\"url\" href=\"https:\/\/educamos.com\/es-ar\/funcionalidades\/innovacion-pedagogica\/\" class=\"dropdown-item\"><span itemprop=\"name\">Innovaci\u00f3n pedag\u00f3gica<\/span><\/a><\/li>\n<\/ul>\n<\/li>\n<li  id=\"menu-item-8936\" class=\"menu-item menu-item-type-post_type_archive menu-item-object-beneficios menu-item-has-children dropdown menu-item-8936 nav-item\"><a href=\"#\" aria-expanded=\"false\" class=\"dropdown-toggle nav-link\" id=\"menu-item-dropdown-8936\" data-bs-toggle=\"dropdown\"><span itemprop=\"name\">Beneficios para<\/span><\/a>\n<ul class=\"dropdown-menu\" aria-labelledby=\"menu-item-dropdown-8936\">\n\t<li  id=\"menu-item-8937\" class=\"menu-item menu-item-type-post_type menu-item-object-beneficios menu-item-8937 nav-item\"><a itemprop=\"url\" href=\"https:\/\/educamos.com\/es-ar\/beneficios\/instituciones-educativas\/\" class=\"dropdown-item\"><span itemprop=\"name\">Instituciones educativas<\/span><\/a><\/li>\n\t<li  id=\"menu-item-8938\" class=\"menu-item menu-item-type-post_type menu-item-object-beneficios menu-item-8938 nav-item\"><a itemprop=\"url\" href=\"https:\/\/educamos.com\/es-ar\/beneficios\/red-de-escuelas\/\" class=\"dropdown-item\"><span itemprop=\"name\">Red de escuelas<\/span><\/a><\/li>\n\t<li  id=\"menu-item-8939\" class=\"menu-item menu-item-type-post_type menu-item-object-beneficios menu-item-8939 nav-item\"><a itemprop=\"url\" href=\"https:\/\/educamos.com\/es-ar\/beneficios\/docentes\/\" class=\"dropdown-item\"><span itemprop=\"name\">Docentes<\/span><\/a><\/li>\n\t<li  id=\"menu-item-8949\" class=\"menu-item menu-item-type-post_type menu-item-object-beneficios menu-item-8949 nav-item\"><a itemprop=\"url\" href=\"https:\/\/educamos.com\/es-ar\/beneficios\/familias\/\" class=\"dropdown-item\"><span itemprop=\"name\">Familias<\/span><\/a><\/li>\n\t<li  id=\"menu-item-8950\" class=\"menu-item menu-item-type-post_type menu-item-object-beneficios menu-item-8950 nav-item\"><a itemprop=\"url\" href=\"https:\/\/educamos.com\/es-ar\/beneficios\/alumnos-as\/\" class=\"dropdown-item\"><span itemprop=\"name\">Alumnos\/as<\/span><\/a><\/li>\n<\/ul>\n<\/li>\n<li  id=\"menu-item-8951\" class=\"menu-item menu-item-type-custom menu-item-object-custom menu-item-has-children dropdown menu-item-8951 nav-item\"><a href=\"#\" aria-expanded=\"false\" class=\"dropdown-toggle nav-link\" id=\"menu-item-dropdown-8951\" data-bs-toggle=\"dropdown\"><span itemprop=\"name\">Insights<\/span><\/a>\n<ul class=\"dropdown-menu\" aria-labelledby=\"menu-item-dropdown-8951\">\n\t<li  id=\"menu-item-20604\" class=\"menu-item menu-item-type-taxonomy menu-item-object-category menu-item-20604 nav-item\"><a itemprop=\"url\" href=\"https:\/\/educamos.com\/es-ar\/blog\/\" class=\"dropdown-item\"><span itemprop=\"name\">Blog<\/span><\/a><\/li>\n\t<li  id=\"menu-item-20605\" class=\"menu-item menu-item-type-post_type_archive menu-item-object-ebook menu-item-20605 nav-item\"><a itemprop=\"url\" href=\"https:\/\/educamos.com\/es-ar\/ebook\/\" class=\"dropdown-item\"><span itemprop=\"name\">Ebooks<\/span><\/a><\/li>\n<\/ul>\n<\/li>\n<li  id=\"menu-item-8953\" class=\"menu-item menu-item-type-custom menu-item-object-custom menu-item-has-children dropdown menu-item-8953 nav-item\"><a href=\"#\" aria-expanded=\"false\" class=\"dropdown-toggle nav-link\" id=\"menu-item-dropdown-8953\" data-bs-toggle=\"dropdown\"><span itemprop=\"name\">Clientes<\/span><\/a>\n<ul class=\"dropdown-menu\" aria-labelledby=\"menu-item-dropdown-8953\">\n\t<li  id=\"menu-item-8954\" class=\"link-externo menu-item menu-item-type-custom menu-item-object-custom menu-item-8954 nav-item\"><a target=\"_blank\" rel=\"noopener noreferrer\" itemprop=\"url\" href=\"https:\/\/www.educamosmakers.com\/\" class=\"dropdown-item\"><span itemprop=\"name\">Comunidad Educamos Makers<\/span><\/a><\/li>\n<\/ul>\n<\/li>\n<\/ul>                                    <\/div>\n                                <\/div>\n                                                    <\/div>\n                    <\/div>\n                <\/div>\n            <\/div>\n        <\/header>\n        <!-- \/ -->\n\t\t\t\t\t\t<\/div>\n\t\t\t\t<\/div>\n\t\t\t\t<div class=\"elementor-element elementor-element-2ca070b elementor-widget elementor-widget-bloque-texto\" data-id=\"2ca070b\" data-element_type=\"widget\" data-e-type=\"widget\" data-widget_type=\"bloque-texto.default\">\n\t\t\t\t<div class=\"elementor-widget-container\">\n\t\t\t\t\t        <!-- Texto a 2 columnas-->\n        <section class=\"bloque bloque-texto \">\n            <div class=\"container\">\n                                <div class=\"estrecho2\">\n                    <div class=\"row\">\n                        <div class=\"col-sm-12\">\n                            <div class=\"the_content\" data-aos=\"fade-up\" data-aos-duration=\"700\">\n                                <p>Tratamiento de datos de Educamos<\/p><p>Educamos es una plataforma de TGE que permite a los centros educativos tener centralizados, en una \u00fanica soluci\u00f3n, todos los procesos relacionados con su actividad tales como gesti\u00f3n administrativa y econ\u00f3mica, gesti\u00f3n acad\u00e9mica, comunicaciones con las familias, etc. En consecuencia, Educamos es solamente un encargado del tratamiento por cuenta de dichos centros de los datos de car\u00e1cter personal propiedad de estos, ya se trate de alumnos, padres\/representantes legales, profesores, personal administrativo, etc. (en adelante, los Usuarios).<\/p><p>El acceso a los datos de los Usuarios por parte de terceros ajenos a Educamos solo se realizar\u00e1 o bien (i) en el entorno de una posible contrataci\u00f3n o subcontrataci\u00f3n de servicios que sea necesaria para un mejor desarrollo de la relaci\u00f3n del centro con sus usuarios (por ejemplo, alojamiento, soporte t\u00e9cnico y uso de Educamos, realizaci\u00f3n de comunicaciones, etc.), o bien (ii) en aquellos casos en los que Educamos lo que hace es ofrecer de forma integrada e inseparable, en una sola plataforma, soluciones y funcionalidades aportadas por otros proveedores, resultando absolutamente necesario para que los Usuarios puedan beneficiarse del correspondiente servicio la comunicaci\u00f3n o acceso a sus datos por parte de las citadas entidades, lo que queda expresamente autorizado.<\/p><p>Estos servicios de terceros podr\u00e1n implicar la transmisi\u00f3n de datos a entidades ubicadas fuera del territorio nacional, siendo la prioridad en todo caso garantizar el cumplimiento de las obligaciones que emanan de la legislaci\u00f3n vigente. De la identidad de los posibles servicios de terceros utilizados por Educamos en cada momento y sus correspondientes pol\u00edticas de privacidad se informar\u00e1 a trav\u00e9s de esta secci\u00f3n de esta web, aceptando los Usuarios mediante el uso de la plataforma la transmisi\u00f3n de sus datos personales a los pa\u00edses se\u00f1alados.<\/p><div class=\"table-responsive\"><style type=\"text\/css\">.table-responsive table th,.table-responsive table td {text-align: left !important;}<\/style><table class=\"table\"><thead><tr><th>Actividad<\/th><th>\u00c1mbito Educamos<\/th><th>Tercero<\/th><th>Lugar de tratamiento<\/th><th>Pol\u00edticas de privacidad<\/th><\/tr><\/thead><tbody><tr><td>Alojamiento<\/td><td>Espa\u00f1a<\/td><td>Microsoft<\/td><td>Irlanda<\/td><td><a style=\"color: #0563c1;\" href=\"https:\/\/azure.microsoft.com\/es-es\/support\/trust-center\/\" target=\"_blank\" rel=\"noopener\">https:\/\/azure.microsoft.com\/es-es\/support\/trust-center\/<\/a><\/td><\/tr><tr><td>Alojamiento<\/td><td>Latinoam\u00e9rica<\/td><td>Microsoft<\/td><td>Estados Unidos<\/td><td><a style=\"color: #0563c1;\" href=\"https:\/\/azure.microsoft.com\/es-es\/support\/trust-center\/\" target=\"_blank\" rel=\"noopener\">https:\/\/azure.microsoft.com\/es-es\/support\/trust-center\/<\/a><\/td><\/tr><tr><td>Comunicaciones (Office 365)<\/td><td>Espa\u00f1a y Latinoam\u00e9rica<\/td><td>Microsoft<\/td><td><a style=\"color: #0563c1;\" href=\"http:\/\/www.microsoft.com\/online\/legal\/v2\/?docid=25&amp;langid=es-ES\" target=\"_blank\" rel=\"noopener\">http:\/\/www.microsoft.com\/online\/legal\/v2\/?docid=25&amp;langid=es-ES<\/a><\/td><td><a style=\"color: #0563c1;\" href=\"https:\/\/products.office.com\/es-es\/business\/office-365-trust-center-cloud-computing-security?tab=7d4bf5d5-8549-acb8-3852-a62cc997fb45\" target=\"_blank\" rel=\"noopener\">https:\/\/products.office.com\/es-es\/business\/office-365-trust-center-cloud-computing-security?tab=7d4bf5d5-8549-acb8-3852-a62cc997fb45<\/a><\/td><\/tr><tr><td>Comunicaciones (SMS)<\/td><td>Espa\u00f1a<\/td><td>MSpubli<\/td><td>Espa\u00f1a<\/td><td><a style=\"color: #0563c1;\" href=\"http:\/\/www.smspubli.com\/legal\/privacy-policy\" target=\"_blank\" rel=\"noopener\">http:\/\/www.smspubli.com\/legal\/privacy-policy<\/a><\/td><\/tr><tr><td>Comunicaciones (Mailing)<\/td><td>Espa\u00f1a y Latinoam\u00e9rica<\/td><td>Mailjet SAS<\/td><td>Uni\u00f3n Europea<\/td><td><a style=\"color: #0563c1;\" href=\"https:\/\/www.mailjet.com\/privacy_policy\" target=\"_blank\" rel=\"noopener\">https:\/\/www.mailjet.com\/privacy_policy<\/a><\/td><\/tr><tr><td>Facturaci\u00f3n electr\u00f3nica<\/td><td>M\u00e9xico<\/td><td>IQ Target Business<\/td><td>M\u00e9xico<\/td><td><a style=\"color: #0563c1;\" href=\"http:\/\/www.iqtb.com\/aviso\/\" target=\"_blank\" rel=\"noopener\">http:\/\/www.iqtb.com\/aviso\/<\/a><\/td><\/tr><tr><td>Pasarela de pagos<\/td><td>Espa\u00f1a y Latinoam\u00e9rica<\/td><td>Kineox Solutions<\/td><td>Espa\u00f1a<\/td><td><a style=\"color: #0563c1;\" href=\"https:\/\/kineox.com\/es\/politica-de-privacidad\/\" target=\"_blank\" rel=\"noopener\">https:\/\/kineox.com\/es\/politica-de-privacidad\/<\/a><\/td><\/tr><\/tbody><\/table><\/div>                            <\/div>\n                        <\/div>\n                    <\/div>\n                <\/div>\n            <\/div>\n        <\/section>\n\t\t\t\t\t\t<\/div>\n\t\t\t\t<\/div>\n\t\t\t\t\t<\/div>\n\t\t<\/div>\n\t\t\t\t\t<\/div>\n\t\t<\/section>\n\t\t\t\t<\/div>\n\t\t","protected":false},"excerpt":{"rendered":"<p>Solicitar informaci\u00f3nM\u00e1s info Abrir men\u00fa Cerrar men\u00fa Educamos \u00bfQu\u00e9 es? \u00bfPor qu\u00e9? Educamos Makers Contacto Funcionalidades Anal\u00edtica de datos Comunicaci\u00f3n del centro Gesti\u00f3n del centro Innovaci\u00f3n pedag\u00f3gica Beneficios para Centros educativos Red de escuelas Formaci\u00f3n Profesional Docentes Familias Alumnos\/as Insights Blog Ebooks Clientes Comunidad Educamos Cerca Tratamiento de datos de Educamos Educamos es una plataforma [&hellip;]<\/p>\n","protected":false},"author":1,"featured_media":9398,"parent":0,"menu_order":0,"comment_status":"closed","ping_status":"closed","template":"","meta":{"_acf_changed":false,"footnotes":""},"class_list":["post-8451","page","type-page","status-publish","has-post-thumbnail","hentry"],"acf":[],"yoast_head":"<!-- This site is optimized with the Yoast SEO plugin v27.0 - https:\/\/yoast.com\/product\/yoast-seo-wordpress\/ -->\n<title>Tratamiento de datos de Educamos | Educamos<\/title>\n<meta name=\"description\" content=\"Tratamiento de datos: Este sitio web es propiedad de SM, con domicilio social en calle Impresores, n\u00ba 2 (Parque Empresarial Prado del Espino), 28660 Boadilla del Monte, Madrid, Espa\u00f1a y C.I.F. n\u00ba B-86267432, inscrita en el Registro Mercantil de Madrid al Tomo 20087, Folio 160, Hoja M-523700.\" \/>\n<meta name=\"robots\" content=\"noindex, nofollow\" \/>\n<meta property=\"og:locale\" content=\"es_ES\" \/>\n<meta property=\"og:type\" content=\"article\" \/>\n<meta property=\"og:title\" content=\"Tratamiento de datos de Educamos | Educamos\" \/>\n<meta property=\"og:description\" content=\"Tratamiento de datos: Este sitio web es propiedad de SM, con domicilio social en calle Impresores, n\u00ba 2 (Parque Empresarial Prado del Espino), 28660 Boadilla del Monte, Madrid, Espa\u00f1a y C.I.F. n\u00ba B-86267432, inscrita en el Registro Mercantil de Madrid al Tomo 20087, Folio 160, Hoja M-523700.\" \/>\n<meta property=\"og:url\" content=\"https:\/\/educamos.com\/es-ar\/tratamiento-de-datos-de-educamos\/\" \/>\n<meta property=\"og:site_name\" content=\"Educamos\" \/>\n<meta property=\"article:modified_time\" content=\"2025-12-01T17:59:14+00:00\" \/>\n<meta property=\"og:image\" content=\"https:\/\/educamos.com\/wp-content\/uploads\/2023\/01\/rrss_generica_01.png\" \/>\n\t<meta property=\"og:image:width\" content=\"1200\" \/>\n\t<meta property=\"og:image:height\" content=\"600\" \/>\n\t<meta property=\"og:image:type\" content=\"image\/png\" \/>\n<meta name=\"twitter:card\" content=\"summary_large_image\" \/>\n<meta name=\"twitter:label1\" content=\"Tiempo de lectura\" \/>\n\t<meta name=\"twitter:data1\" content=\"3 minutos\" \/>\n<script type=\"application\/ld+json\" class=\"yoast-schema-graph\">{\"@context\":\"https:\/\/schema.org\",\"@graph\":[{\"@type\":\"WebPage\",\"@id\":\"https:\/\/educamos.com\/es-ar\/tratamiento-de-datos-de-educamos\/\",\"url\":\"https:\/\/educamos.com\/es-ar\/tratamiento-de-datos-de-educamos\/\",\"name\":\"Tratamiento de datos de Educamos | Educamos\",\"isPartOf\":{\"@id\":\"https:\/\/educamos.com\/es-ar\/#website\"},\"primaryImageOfPage\":{\"@id\":\"https:\/\/educamos.com\/es-ar\/tratamiento-de-datos-de-educamos\/#primaryimage\"},\"image\":{\"@id\":\"https:\/\/educamos.com\/es-ar\/tratamiento-de-datos-de-educamos\/#primaryimage\"},\"thumbnailUrl\":\"https:\/\/educamos.com\/wp-content\/uploads\/2023\/01\/rrss_generica_01.png\",\"datePublished\":\"2022-12-12T10:22:27+00:00\",\"dateModified\":\"2025-12-01T17:59:14+00:00\",\"description\":\"Tratamiento de datos: Este sitio web es propiedad de SM, con domicilio social en calle Impresores, n\u00ba 2 (Parque Empresarial Prado del Espino), 28660 Boadilla del Monte, Madrid, Espa\u00f1a y C.I.F. n\u00ba B-86267432, inscrita en el Registro Mercantil de Madrid al Tomo 20087, Folio 160, Hoja M-523700.\",\"breadcrumb\":{\"@id\":\"https:\/\/educamos.com\/es-ar\/tratamiento-de-datos-de-educamos\/#breadcrumb\"},\"inLanguage\":\"es-AR\",\"potentialAction\":[{\"@type\":\"ReadAction\",\"target\":[\"https:\/\/educamos.com\/es-ar\/tratamiento-de-datos-de-educamos\/\"]}]},{\"@type\":\"ImageObject\",\"inLanguage\":\"es-AR\",\"@id\":\"https:\/\/educamos.com\/es-ar\/tratamiento-de-datos-de-educamos\/#primaryimage\",\"url\":\"https:\/\/educamos.com\/wp-content\/uploads\/2023\/01\/rrss_generica_01.png\",\"contentUrl\":\"https:\/\/educamos.com\/wp-content\/uploads\/2023\/01\/rrss_generica_01.png\",\"width\":1200,\"height\":600},{\"@type\":\"BreadcrumbList\",\"@id\":\"https:\/\/educamos.com\/es-ar\/tratamiento-de-datos-de-educamos\/#breadcrumb\",\"itemListElement\":[{\"@type\":\"ListItem\",\"position\":1,\"name\":\"Inicio\",\"item\":\"https:\/\/educamos.com\/es-ar\/\"},{\"@type\":\"ListItem\",\"position\":2,\"name\":\"Tratamiento de datos de Educamos\"}]},{\"@type\":\"WebSite\",\"@id\":\"https:\/\/educamos.com\/es-ar\/#website\",\"url\":\"https:\/\/educamos.com\/es-ar\/\",\"name\":\"Educamos\",\"description\":\"La escuela de hoy\",\"potentialAction\":[{\"@type\":\"SearchAction\",\"target\":{\"@type\":\"EntryPoint\",\"urlTemplate\":\"https:\/\/educamos.com\/es-ar\/?s={search_term_string}\"},\"query-input\":{\"@type\":\"PropertyValueSpecification\",\"valueRequired\":true,\"valueName\":\"search_term_string\"}}],\"inLanguage\":\"es-AR\"}]}<\/script>\n<!-- \/ Yoast SEO plugin. -->","yoast_head_json":{"title":"Tratamiento de datos de Educamos | Educamos","description":"Tratamiento de datos: Este sitio web es propiedad de SM, con domicilio social en calle Impresores, n\u00ba 2 (Parque Empresarial Prado del Espino), 28660 Boadilla del Monte, Madrid, Espa\u00f1a y C.I.F. n\u00ba B-86267432, inscrita en el Registro Mercantil de Madrid al Tomo 20087, Folio 160, Hoja M-523700.","robots":{"index":"noindex","follow":"nofollow"},"og_locale":"es_ES","og_type":"article","og_title":"Tratamiento de datos de Educamos | Educamos","og_description":"Tratamiento de datos: Este sitio web es propiedad de SM, con domicilio social en calle Impresores, n\u00ba 2 (Parque Empresarial Prado del Espino), 28660 Boadilla del Monte, Madrid, Espa\u00f1a y C.I.F. n\u00ba B-86267432, inscrita en el Registro Mercantil de Madrid al Tomo 20087, Folio 160, Hoja M-523700.","og_url":"https:\/\/educamos.com\/es-ar\/tratamiento-de-datos-de-educamos\/","og_site_name":"Educamos","article_modified_time":"2025-12-01T17:59:14+00:00","og_image":[{"width":1200,"height":600,"url":"https:\/\/educamos.com\/wp-content\/uploads\/2023\/01\/rrss_generica_01.png","type":"image\/png"}],"twitter_card":"summary_large_image","twitter_misc":{"Tiempo de lectura":"3 minutos"},"schema":{"@context":"https:\/\/schema.org","@graph":[{"@type":"WebPage","@id":"https:\/\/educamos.com\/es-ar\/tratamiento-de-datos-de-educamos\/","url":"https:\/\/educamos.com\/es-ar\/tratamiento-de-datos-de-educamos\/","name":"Tratamiento de datos de Educamos | Educamos","isPartOf":{"@id":"https:\/\/educamos.com\/es-ar\/#website"},"primaryImageOfPage":{"@id":"https:\/\/educamos.com\/es-ar\/tratamiento-de-datos-de-educamos\/#primaryimage"},"image":{"@id":"https:\/\/educamos.com\/es-ar\/tratamiento-de-datos-de-educamos\/#primaryimage"},"thumbnailUrl":"https:\/\/educamos.com\/wp-content\/uploads\/2023\/01\/rrss_generica_01.png","datePublished":"2022-12-12T10:22:27+00:00","dateModified":"2025-12-01T17:59:14+00:00","description":"Tratamiento de datos: Este sitio web es propiedad de SM, con domicilio social en calle Impresores, n\u00ba 2 (Parque Empresarial Prado del Espino), 28660 Boadilla del Monte, Madrid, Espa\u00f1a y C.I.F. n\u00ba B-86267432, inscrita en el Registro Mercantil de Madrid al Tomo 20087, Folio 160, Hoja M-523700.","breadcrumb":{"@id":"https:\/\/educamos.com\/es-ar\/tratamiento-de-datos-de-educamos\/#breadcrumb"},"inLanguage":"es-AR","potentialAction":[{"@type":"ReadAction","target":["https:\/\/educamos.com\/es-ar\/tratamiento-de-datos-de-educamos\/"]}]},{"@type":"ImageObject","inLanguage":"es-AR","@id":"https:\/\/educamos.com\/es-ar\/tratamiento-de-datos-de-educamos\/#primaryimage","url":"https:\/\/educamos.com\/wp-content\/uploads\/2023\/01\/rrss_generica_01.png","contentUrl":"https:\/\/educamos.com\/wp-content\/uploads\/2023\/01\/rrss_generica_01.png","width":1200,"height":600},{"@type":"BreadcrumbList","@id":"https:\/\/educamos.com\/es-ar\/tratamiento-de-datos-de-educamos\/#breadcrumb","itemListElement":[{"@type":"ListItem","position":1,"name":"Inicio","item":"https:\/\/educamos.com\/es-ar\/"},{"@type":"ListItem","position":2,"name":"Tratamiento de datos de Educamos"}]},{"@type":"WebSite","@id":"https:\/\/educamos.com\/es-ar\/#website","url":"https:\/\/educamos.com\/es-ar\/","name":"Educamos","description":"La escuela de hoy","potentialAction":[{"@type":"SearchAction","target":{"@type":"EntryPoint","urlTemplate":"https:\/\/educamos.com\/es-ar\/?s={search_term_string}"},"query-input":{"@type":"PropertyValueSpecification","valueRequired":true,"valueName":"search_term_string"}}],"inLanguage":"es-AR"}]}},"_links":{"self":[{"href":"https:\/\/educamos.com\/es-ar\/wp-json\/wp\/v2\/pages\/8451","targetHints":{"allow":["GET"]}}],"collection":[{"href":"https:\/\/educamos.com\/es-ar\/wp-json\/wp\/v2\/pages"}],"about":[{"href":"https:\/\/educamos.com\/es-ar\/wp-json\/wp\/v2\/types\/page"}],"author":[{"embeddable":true,"href":"https:\/\/educamos.com\/es-ar\/wp-json\/wp\/v2\/users\/1"}],"replies":[{"embeddable":true,"href":"https:\/\/educamos.com\/es-ar\/wp-json\/wp\/v2\/comments?post=8451"}],"version-history":[{"count":23,"href":"https:\/\/educamos.com\/es-ar\/wp-json\/wp\/v2\/pages\/8451\/revisions"}],"predecessor-version":[{"id":26775,"href":"https:\/\/educamos.com\/es-ar\/wp-json\/wp\/v2\/pages\/8451\/revisions\/26775"}],"wp:featuredmedia":[{"embeddable":true,"href":"https:\/\/educamos.com\/es-ar\/wp-json\/wp\/v2\/media\/9398"}],"wp:attachment":[{"href":"https:\/\/educamos.com\/es-ar\/wp-json\/wp\/v2\/media?parent=8451"}],"curies":[{"name":"wp","href":"https:\/\/api.w.org\/{rel}","templated":true}]}}