{"id":8419,"date":"2022-12-05T13:23:50","date_gmt":"2022-12-05T12:23:50","guid":{"rendered":"https:\/\/educamos.com\/politica-de-cookies\/"},"modified":"2023-01-16T18:18:28","modified_gmt":"2023-01-16T17:18:28","slug":"politica-de-cookies","status":"publish","type":"page","link":"https:\/\/educamos.com\/es-cl\/politica-de-cookies\/","title":{"rendered":"Pol\u00edtica de cookies"},"content":{"rendered":"\t\t<div data-elementor-type=\"wp-page\" data-elementor-id=\"8419\" class=\"elementor elementor-8419 elementor-5659\" data-elementor-post-type=\"page\">\n\t\t\t\t\t\t<section class=\"elementor-section elementor-top-section elementor-element elementor-element-1a6db18 elementor-section-full_width elementor-section-height-default elementor-section-height-default\" data-id=\"1a6db18\" data-element_type=\"section\" data-e-type=\"section\">\n\t\t\t\t\t\t<div class=\"elementor-container elementor-column-gap-default\">\n\t\t\t\t\t<div class=\"elementor-column elementor-col-100 elementor-top-column elementor-element elementor-element-aba13c1\" data-id=\"aba13c1\" data-element_type=\"column\" data-e-type=\"column\">\n\t\t\t<div class=\"elementor-widget-wrap elementor-element-populated\">\n\t\t\t\t\t\t<div class=\"elementor-element elementor-element-bf6394d elementor-widget elementor-widget-bloque-cabecera-menu\" data-id=\"bf6394d\" data-element_type=\"widget\" data-e-type=\"widget\" data-widget_type=\"bloque-cabecera-menu.default\">\n\t\t\t\t<div class=\"elementor-widget-container\">\n\t\t\t\t\t        <!-- Encabezado -->\n        <header class=\"header \">\n            <div id=\"sticky_header\" class=\"sticky-header \">\n                <div class=\"container\">\n                    <div class=\"row\">\n                        <div class=\"col-12 d-flex justify-content-between align-items-center\">\n                            <div class=\"logo\"><a href=\"https:\/\/educamos.com\/es-cl\/\"><img decoding=\"async\" src=\"https:\/\/educamos.com\/wp-content\/themes\/educamos\/images\/logotipo-2026.png\" class=\"img-fluid\" alt=\"Logotipo de Educamos\" \/><\/a><\/div>\n                                                            <div class=\"menu-header\">\n                                                                        <a href=\"\/es-cl\/solicita-una-demo\" class=\"btn btn-primary demo\" title=\"Solicitar informaci\u00f3n\"><span class=\"d-none d-sm-block\">Solicitar informaci\u00f3n<\/span><span class=\"d-block d-sm-none\">M\u00e1s info<\/span><\/a>\n                                                                        <button data-target=\"#main_menu\" data-toggle=\"collapse\" class=\"navbar-toggle openMenu\" type=\"button\">\n                                        <i class=\"far fa-bars\"><\/i> <span class=\"sr-only\">Abrir men\u00fa<\/span>\n                                        <i class=\"far fa-times\"><\/i> <span class=\"sr-only\">Cerrar men\u00fa<\/span>    \n                                    <\/button>\n                                <\/div>\n\n                                <!-- MEGAMENU -->\n                                <div class=\"megamenu\">\n                                    <div class=\"container\">\n                                    <ul id=\"menu-menu-principal-chile\" class=\"dropdown-menu\" itemscope itemtype=\"http:\/\/www.schema.org\/SiteNavigationElement\"><li  id=\"menu-item-8940\" class=\"menu-item menu-item-type-custom menu-item-object-custom menu-item-has-children dropdown menu-item-8940 nav-item\"><a href=\"#\" aria-expanded=\"false\" class=\"dropdown-toggle nav-link\" id=\"menu-item-dropdown-8940\" data-bs-toggle=\"dropdown\"><span itemprop=\"name\">Educamos<\/span><\/a>\n<ul class=\"dropdown-menu\" aria-labelledby=\"menu-item-dropdown-8940\">\n\t<li  id=\"menu-item-10048\" class=\"menu-item menu-item-type-post_type menu-item-object-page menu-item-10048 nav-item\"><a itemprop=\"url\" href=\"https:\/\/educamos.com\/es-cl\/que-es\/\" class=\"dropdown-item\"><span itemprop=\"name\">\u00bfQu\u00e9 es?<\/span><\/a><\/li>\n\t<li  id=\"menu-item-10047\" class=\"menu-item menu-item-type-post_type menu-item-object-page menu-item-10047 nav-item\"><a itemprop=\"url\" href=\"https:\/\/educamos.com\/es-cl\/por-que\/\" class=\"dropdown-item\"><span itemprop=\"name\">\u00bfPor qu\u00e9?<\/span><\/a><\/li>\n\t<li  id=\"menu-item-10045\" class=\"menu-item menu-item-type-post_type menu-item-object-page menu-item-10045 nav-item\"><a itemprop=\"url\" href=\"https:\/\/educamos.com\/es-cl\/educamos-makers\/\" class=\"dropdown-item\"><span itemprop=\"name\">Educamos Makers<\/span><\/a><\/li>\n\t<li  id=\"menu-item-13017\" class=\"menu-item menu-item-type-post_type menu-item-object-page menu-item-13017 nav-item\"><a itemprop=\"url\" href=\"https:\/\/educamos.com\/es-cl\/contacto\/\" class=\"dropdown-item\"><span itemprop=\"name\">Contacto<\/span><\/a><\/li>\n<\/ul>\n<\/li>\n<li  id=\"menu-item-8941\" class=\"menu-item menu-item-type-post_type_archive menu-item-object-funcionalidades menu-item-has-children dropdown menu-item-8941 nav-item\"><a href=\"#\" aria-expanded=\"false\" class=\"dropdown-toggle nav-link\" id=\"menu-item-dropdown-8941\" data-bs-toggle=\"dropdown\"><span itemprop=\"name\">Funcionalidades<\/span><\/a>\n<ul class=\"dropdown-menu\" aria-labelledby=\"menu-item-dropdown-8941\">\n\t<li  id=\"menu-item-10029\" class=\"menu-item menu-item-type-post_type menu-item-object-funcionalidades menu-item-10029 nav-item\"><a itemprop=\"url\" href=\"https:\/\/educamos.com\/es-cl\/funcionalidades\/analitica-de-datos\/\" class=\"dropdown-item\"><span itemprop=\"name\">Anal\u00edtica de datos<\/span><\/a><\/li>\n\t<li  id=\"menu-item-10030\" class=\"menu-item menu-item-type-post_type menu-item-object-funcionalidades menu-item-10030 nav-item\"><a itemprop=\"url\" href=\"https:\/\/educamos.com\/es-cl\/funcionalidades\/comunicacion-del-colegio\/\" class=\"dropdown-item\"><span itemprop=\"name\">Comunicaci\u00f3n del colegio<\/span><\/a><\/li>\n\t<li  id=\"menu-item-10028\" class=\"menu-item menu-item-type-post_type menu-item-object-funcionalidades menu-item-10028 nav-item\"><a itemprop=\"url\" href=\"https:\/\/educamos.com\/es-cl\/funcionalidades\/gestion-del-colegio\/\" class=\"dropdown-item\"><span itemprop=\"name\">Gesti\u00f3n del colegio<\/span><\/a><\/li>\n\t<li  id=\"menu-item-10027\" class=\"menu-item menu-item-type-post_type menu-item-object-funcionalidades menu-item-10027 nav-item\"><a itemprop=\"url\" href=\"https:\/\/educamos.com\/es-cl\/funcionalidades\/innovacion-pedagogica\/\" class=\"dropdown-item\"><span itemprop=\"name\">Innovaci\u00f3n pedag\u00f3gica<\/span><\/a><\/li>\n<\/ul>\n<\/li>\n<li  id=\"menu-item-8942\" class=\"menu-item menu-item-type-post_type_archive menu-item-object-beneficios menu-item-has-children dropdown menu-item-8942 nav-item\"><a href=\"#\" aria-expanded=\"false\" class=\"dropdown-toggle nav-link\" id=\"menu-item-dropdown-8942\" data-bs-toggle=\"dropdown\"><span itemprop=\"name\">Beneficios para<\/span><\/a>\n<ul class=\"dropdown-menu\" aria-labelledby=\"menu-item-dropdown-8942\">\n\t<li  id=\"menu-item-10034\" class=\"menu-item menu-item-type-post_type menu-item-object-beneficios menu-item-10034 nav-item\"><a itemprop=\"url\" href=\"https:\/\/educamos.com\/es-cl\/beneficios\/centros-educativos\/\" class=\"dropdown-item\"><span itemprop=\"name\">Centros educativos<\/span><\/a><\/li>\n\t<li  id=\"menu-item-10035\" class=\"menu-item menu-item-type-post_type menu-item-object-beneficios menu-item-10035 nav-item\"><a itemprop=\"url\" href=\"https:\/\/educamos.com\/es-cl\/beneficios\/red-de-escuelas\/\" class=\"dropdown-item\"><span itemprop=\"name\">Red de escuelas<\/span><\/a><\/li>\n\t<li  id=\"menu-item-10032\" class=\"menu-item menu-item-type-post_type menu-item-object-beneficios menu-item-10032 nav-item\"><a itemprop=\"url\" href=\"https:\/\/educamos.com\/es-cl\/beneficios\/docentes\/\" class=\"dropdown-item\"><span itemprop=\"name\">Docentes<\/span><\/a><\/li>\n\t<li  id=\"menu-item-10033\" class=\"menu-item menu-item-type-post_type menu-item-object-beneficios menu-item-10033 nav-item\"><a itemprop=\"url\" href=\"https:\/\/educamos.com\/es-cl\/beneficios\/familias\/\" class=\"dropdown-item\"><span itemprop=\"name\">Familias<\/span><\/a><\/li>\n\t<li  id=\"menu-item-10031\" class=\"menu-item menu-item-type-post_type menu-item-object-beneficios menu-item-10031 nav-item\"><a itemprop=\"url\" href=\"https:\/\/educamos.com\/es-cl\/beneficios\/alumnos-as\/\" class=\"dropdown-item\"><span itemprop=\"name\">Alumnos\/as<\/span><\/a><\/li>\n<\/ul>\n<\/li>\n<li  id=\"menu-item-8956\" class=\"menu-item menu-item-type-custom menu-item-object-custom menu-item-has-children dropdown menu-item-8956 nav-item\"><a href=\"#\" aria-expanded=\"false\" class=\"dropdown-toggle nav-link\" id=\"menu-item-dropdown-8956\" data-bs-toggle=\"dropdown\"><span itemprop=\"name\">Insights<\/span><\/a>\n<ul class=\"dropdown-menu\" aria-labelledby=\"menu-item-dropdown-8956\">\n\t<li  id=\"menu-item-20606\" class=\"menu-item menu-item-type-taxonomy menu-item-object-category menu-item-20606 nav-item\"><a itemprop=\"url\" href=\"https:\/\/educamos.com\/es-cl\/blog\/\" class=\"dropdown-item\"><span itemprop=\"name\">Blog<\/span><\/a><\/li>\n\t<li  id=\"menu-item-20607\" class=\"menu-item menu-item-type-post_type_archive menu-item-object-ebook menu-item-20607 nav-item\"><a itemprop=\"url\" href=\"https:\/\/educamos.com\/es-cl\/ebook\/\" class=\"dropdown-item\"><span itemprop=\"name\">Ebooks<\/span><\/a><\/li>\n<\/ul>\n<\/li>\n<li  id=\"menu-item-8958\" class=\"menu-item menu-item-type-custom menu-item-object-custom menu-item-has-children dropdown menu-item-8958 nav-item\"><a href=\"#\" aria-expanded=\"false\" class=\"dropdown-toggle nav-link\" id=\"menu-item-dropdown-8958\" data-bs-toggle=\"dropdown\"><span itemprop=\"name\">Clientes<\/span><\/a>\n<ul class=\"dropdown-menu\" aria-labelledby=\"menu-item-dropdown-8958\">\n\t<li  id=\"menu-item-8959\" class=\"link-externo menu-item menu-item-type-custom menu-item-object-custom menu-item-8959 nav-item\"><a target=\"_blank\" rel=\"noopener noreferrer\" itemprop=\"url\" href=\"https:\/\/www.educamosmakers.com\/\" class=\"dropdown-item\"><span itemprop=\"name\">Comunidad Educamos Makers<\/span><\/a><\/li>\n<\/ul>\n<\/li>\n<\/ul>                                    <\/div>\n                                <\/div>\n                                                    <\/div>\n                    <\/div>\n                <\/div>\n            <\/div>\n        <\/header>\n        <!-- \/ -->\n\t\t\t\t\t\t<\/div>\n\t\t\t\t<\/div>\n\t\t\t\t<div class=\"elementor-element elementor-element-396b7d3 elementor-widget elementor-widget-bloque-texto\" data-id=\"396b7d3\" data-element_type=\"widget\" data-e-type=\"widget\" data-widget_type=\"bloque-texto.default\">\n\t\t\t\t<div class=\"elementor-widget-container\">\n\t\t\t\t\t        <!-- Texto a 2 columnas-->\n        <section class=\"bloque bloque-texto \">\n            <div class=\"container\">\n                                <div class=\"estrecho2\">\n                    <div class=\"row\">\n                        <div class=\"col-sm-12\">\n                            <div class=\"the_content\" data-aos=\"fade-up\" data-aos-duration=\"700\">\n                                <h1>Pol\u00edtica de cookies<\/h1>\n<script id=\"admindpo\" src=\"https:\/\/admindpo.grupo-sm.com\/dpoclient_v2.min.js\"data-baseurl=\"https:\/\/admindpo.grupo-sm.com\" data-sitename=\"cookiefirst-general\" data-document-type=\"cookies-policy\" data-language=\"cl\"><\/script>\n<div id=\"cookiefirst-policy-page\"><\/div>                            <\/div>\n                        <\/div>\n                    <\/div>\n                <\/div>\n            <\/div>\n        <\/section>\n\t\t\t\t\t\t<\/div>\n\t\t\t\t<\/div>\n\t\t\t\t\t<\/div>\n\t\t<\/div>\n\t\t\t\t\t<\/div>\n\t\t<\/section>\n\t\t\t\t<\/div>\n\t\t","protected":false},"excerpt":{"rendered":"<p>Solicita una demoDemo Abrir men\u00fa Cerrar men\u00fa SM Educamos \u00bfQu\u00e9 es? \u00bfPor qu\u00e9? Educamos Makers Contacto Funcionalidades Anal\u00edtica de datos Comunicaci\u00f3n del centro Gesti\u00f3n del centro Innovaci\u00f3n pedag\u00f3gica Beneficios para Centros educativos Red de escuelas Docentes Familias Alumnos\/as Insights Blog Clientes C. Educamos Makers Ecosistema Pol\u00edtica de cookies<\/p>\n","protected":false},"author":1,"featured_media":9399,"parent":0,"menu_order":0,"comment_status":"closed","ping_status":"closed","template":"","meta":{"_acf_changed":false,"footnotes":""},"class_list":["post-8419","page","type-page","status-publish","has-post-thumbnail","hentry"],"acf":[],"yoast_head":"<!-- This site is optimized with the Yoast SEO plugin v27.0 - https:\/\/yoast.com\/product\/yoast-seo-wordpress\/ -->\n<title>Pol\u00edtica de cookies | Educamos<\/title>\n<meta name=\"description\" content=\"SM Educamos: Con el fin de facilitar su navegaci\u00f3n por la Web, utilizamos Cookies u otros archivos de funcionalidad similar, en adelante, las \u201cCookies\u201d.\" \/>\n<meta name=\"robots\" content=\"index, follow, max-snippet:-1, max-image-preview:large, max-video-preview:-1\" \/>\n<link rel=\"canonical\" href=\"https:\/\/educamos.com\/es-cl\/politica-de-cookies\/\" \/>\n<meta property=\"og:locale\" content=\"es_ES\" \/>\n<meta property=\"og:type\" content=\"article\" \/>\n<meta property=\"og:title\" content=\"Pol\u00edtica de cookies | Educamos\" \/>\n<meta property=\"og:description\" content=\"SM Educamos: Con el fin de facilitar su navegaci\u00f3n por la Web, utilizamos Cookies u otros archivos de funcionalidad similar, en adelante, las \u201cCookies\u201d.\" \/>\n<meta property=\"og:url\" content=\"https:\/\/educamos.com\/es-cl\/politica-de-cookies\/\" \/>\n<meta property=\"og:site_name\" content=\"Educamos\" \/>\n<meta property=\"article:modified_time\" content=\"2023-01-16T17:18:28+00:00\" \/>\n<meta property=\"og:image\" content=\"https:\/\/educamos.com\/wp-content\/uploads\/2023\/01\/rrss_generica_01.png\" \/>\n\t<meta property=\"og:image:width\" content=\"1200\" \/>\n\t<meta property=\"og:image:height\" content=\"600\" \/>\n\t<meta property=\"og:image:type\" content=\"image\/png\" \/>\n<meta name=\"twitter:card\" content=\"summary_large_image\" \/>\n<meta name=\"twitter:label1\" content=\"Tiempo estimado de lectura\" \/>\n\t<meta name=\"twitter:data1\" content=\"1 minuto\" \/>\n<script type=\"application\/ld+json\" class=\"yoast-schema-graph\">{\"@context\":\"https:\/\/schema.org\",\"@graph\":[{\"@type\":\"WebPage\",\"@id\":\"https:\/\/educamos.com\/es-cl\/politica-de-cookies\/\",\"url\":\"https:\/\/educamos.com\/es-cl\/politica-de-cookies\/\",\"name\":\"Pol\u00edtica de cookies | Educamos\",\"isPartOf\":{\"@id\":\"https:\/\/educamos.com\/es-cl\/#website\"},\"primaryImageOfPage\":{\"@id\":\"https:\/\/educamos.com\/es-cl\/politica-de-cookies\/#primaryimage\"},\"image\":{\"@id\":\"https:\/\/educamos.com\/es-cl\/politica-de-cookies\/#primaryimage\"},\"thumbnailUrl\":\"https:\/\/educamos.com\/wp-content\/uploads\/2023\/01\/rrss_generica_01.png\",\"datePublished\":\"2022-12-05T12:23:50+00:00\",\"dateModified\":\"2023-01-16T17:18:28+00:00\",\"description\":\"SM Educamos: Con el fin de facilitar su navegaci\u00f3n por la Web, utilizamos Cookies u otros archivos de funcionalidad similar, en adelante, las \u201cCookies\u201d.\",\"breadcrumb\":{\"@id\":\"https:\/\/educamos.com\/es-cl\/politica-de-cookies\/#breadcrumb\"},\"inLanguage\":\"es-CL\",\"potentialAction\":[{\"@type\":\"ReadAction\",\"target\":[\"https:\/\/educamos.com\/es-cl\/politica-de-cookies\/\"]}]},{\"@type\":\"ImageObject\",\"inLanguage\":\"es-CL\",\"@id\":\"https:\/\/educamos.com\/es-cl\/politica-de-cookies\/#primaryimage\",\"url\":\"https:\/\/educamos.com\/wp-content\/uploads\/2023\/01\/rrss_generica_01.png\",\"contentUrl\":\"https:\/\/educamos.com\/wp-content\/uploads\/2023\/01\/rrss_generica_01.png\",\"width\":1200,\"height\":600},{\"@type\":\"BreadcrumbList\",\"@id\":\"https:\/\/educamos.com\/es-cl\/politica-de-cookies\/#breadcrumb\",\"itemListElement\":[{\"@type\":\"ListItem\",\"position\":1,\"name\":\"Inicio\",\"item\":\"https:\/\/educamos.com\/es-cl\/\"},{\"@type\":\"ListItem\",\"position\":2,\"name\":\"Pol\u00edtica de cookies\"}]},{\"@type\":\"WebSite\",\"@id\":\"https:\/\/educamos.com\/es-cl\/#website\",\"url\":\"https:\/\/educamos.com\/es-cl\/\",\"name\":\"Educamos\",\"description\":\"La escuela de hoy\",\"potentialAction\":[{\"@type\":\"SearchAction\",\"target\":{\"@type\":\"EntryPoint\",\"urlTemplate\":\"https:\/\/educamos.com\/es-cl\/?s={search_term_string}\"},\"query-input\":{\"@type\":\"PropertyValueSpecification\",\"valueRequired\":true,\"valueName\":\"search_term_string\"}}],\"inLanguage\":\"es-CL\"}]}<\/script>\n<!-- \/ Yoast SEO plugin. -->","yoast_head_json":{"title":"Pol\u00edtica de cookies | Educamos","description":"SM Educamos: Con el fin de facilitar su navegaci\u00f3n por la Web, utilizamos Cookies u otros archivos de funcionalidad similar, en adelante, las \u201cCookies\u201d.","robots":{"index":"index","follow":"follow","max-snippet":"max-snippet:-1","max-image-preview":"max-image-preview:large","max-video-preview":"max-video-preview:-1"},"canonical":"https:\/\/educamos.com\/es-cl\/politica-de-cookies\/","og_locale":"es_ES","og_type":"article","og_title":"Pol\u00edtica de cookies | Educamos","og_description":"SM Educamos: Con el fin de facilitar su navegaci\u00f3n por la Web, utilizamos Cookies u otros archivos de funcionalidad similar, en adelante, las \u201cCookies\u201d.","og_url":"https:\/\/educamos.com\/es-cl\/politica-de-cookies\/","og_site_name":"Educamos","article_modified_time":"2023-01-16T17:18:28+00:00","og_image":[{"width":1200,"height":600,"url":"https:\/\/educamos.com\/wp-content\/uploads\/2023\/01\/rrss_generica_01.png","type":"image\/png"}],"twitter_card":"summary_large_image","twitter_misc":{"Tiempo estimado de lectura":"1 minuto"},"schema":{"@context":"https:\/\/schema.org","@graph":[{"@type":"WebPage","@id":"https:\/\/educamos.com\/es-cl\/politica-de-cookies\/","url":"https:\/\/educamos.com\/es-cl\/politica-de-cookies\/","name":"Pol\u00edtica de cookies | Educamos","isPartOf":{"@id":"https:\/\/educamos.com\/es-cl\/#website"},"primaryImageOfPage":{"@id":"https:\/\/educamos.com\/es-cl\/politica-de-cookies\/#primaryimage"},"image":{"@id":"https:\/\/educamos.com\/es-cl\/politica-de-cookies\/#primaryimage"},"thumbnailUrl":"https:\/\/educamos.com\/wp-content\/uploads\/2023\/01\/rrss_generica_01.png","datePublished":"2022-12-05T12:23:50+00:00","dateModified":"2023-01-16T17:18:28+00:00","description":"SM Educamos: Con el fin de facilitar su navegaci\u00f3n por la Web, utilizamos Cookies u otros archivos de funcionalidad similar, en adelante, las \u201cCookies\u201d.","breadcrumb":{"@id":"https:\/\/educamos.com\/es-cl\/politica-de-cookies\/#breadcrumb"},"inLanguage":"es-CL","potentialAction":[{"@type":"ReadAction","target":["https:\/\/educamos.com\/es-cl\/politica-de-cookies\/"]}]},{"@type":"ImageObject","inLanguage":"es-CL","@id":"https:\/\/educamos.com\/es-cl\/politica-de-cookies\/#primaryimage","url":"https:\/\/educamos.com\/wp-content\/uploads\/2023\/01\/rrss_generica_01.png","contentUrl":"https:\/\/educamos.com\/wp-content\/uploads\/2023\/01\/rrss_generica_01.png","width":1200,"height":600},{"@type":"BreadcrumbList","@id":"https:\/\/educamos.com\/es-cl\/politica-de-cookies\/#breadcrumb","itemListElement":[{"@type":"ListItem","position":1,"name":"Inicio","item":"https:\/\/educamos.com\/es-cl\/"},{"@type":"ListItem","position":2,"name":"Pol\u00edtica de cookies"}]},{"@type":"WebSite","@id":"https:\/\/educamos.com\/es-cl\/#website","url":"https:\/\/educamos.com\/es-cl\/","name":"Educamos","description":"La escuela de hoy","potentialAction":[{"@type":"SearchAction","target":{"@type":"EntryPoint","urlTemplate":"https:\/\/educamos.com\/es-cl\/?s={search_term_string}"},"query-input":{"@type":"PropertyValueSpecification","valueRequired":true,"valueName":"search_term_string"}}],"inLanguage":"es-CL"}]}},"_links":{"self":[{"href":"https:\/\/educamos.com\/es-cl\/wp-json\/wp\/v2\/pages\/8419","targetHints":{"allow":["GET"]}}],"collection":[{"href":"https:\/\/educamos.com\/es-cl\/wp-json\/wp\/v2\/pages"}],"about":[{"href":"https:\/\/educamos.com\/es-cl\/wp-json\/wp\/v2\/types\/page"}],"author":[{"embeddable":true,"href":"https:\/\/educamos.com\/es-cl\/wp-json\/wp\/v2\/users\/1"}],"replies":[{"embeddable":true,"href":"https:\/\/educamos.com\/es-cl\/wp-json\/wp\/v2\/comments?post=8419"}],"version-history":[{"count":4,"href":"https:\/\/educamos.com\/es-cl\/wp-json\/wp\/v2\/pages\/8419\/revisions"}],"predecessor-version":[{"id":9664,"href":"https:\/\/educamos.com\/es-cl\/wp-json\/wp\/v2\/pages\/8419\/revisions\/9664"}],"wp:featuredmedia":[{"embeddable":true,"href":"https:\/\/educamos.com\/es-cl\/wp-json\/wp\/v2\/media\/9399"}],"wp:attachment":[{"href":"https:\/\/educamos.com\/es-cl\/wp-json\/wp\/v2\/media?parent=8419"}],"curies":[{"name":"wp","href":"https:\/\/api.w.org\/{rel}","templated":true}]}}