{"id":6985,"date":"2022-12-16T10:53:18","date_gmt":"2022-12-16T09:53:18","guid":{"rendered":"https:\/\/educamos.com\/?page_id=6985"},"modified":"2023-10-09T14:41:20","modified_gmt":"2023-10-09T13:41:20","slug":"solicitud-enviada","status":"publish","type":"page","link":"https:\/\/educamos.com\/es\/solicitud-enviada\/","title":{"rendered":"Solicitud enviada"},"content":{"rendered":"\t\t<div data-elementor-type=\"wp-page\" data-elementor-id=\"6985\" class=\"elementor elementor-6985\" data-elementor-post-type=\"page\">\n\t\t\t\t\t\t<section class=\"elementor-section elementor-top-section elementor-element elementor-element-c7bc12b elementor-section-full_width elementor-section-height-default elementor-section-height-default\" data-id=\"c7bc12b\" data-element_type=\"section\" data-e-type=\"section\">\n\t\t\t\t\t\t<div class=\"elementor-container elementor-column-gap-default\">\n\t\t\t\t\t<div class=\"elementor-column elementor-col-100 elementor-top-column elementor-element elementor-element-9c30763\" data-id=\"9c30763\" data-element_type=\"column\" data-e-type=\"column\">\n\t\t\t<div class=\"elementor-widget-wrap elementor-element-populated\">\n\t\t\t\t\t\t<div class=\"elementor-element elementor-element-f8c81f6 elementor-widget elementor-widget-bloque-cabecera-menu\" data-id=\"f8c81f6\" data-element_type=\"widget\" data-e-type=\"widget\" data-widget_type=\"bloque-cabecera-menu.default\">\n\t\t\t\t<div class=\"elementor-widget-container\">\n\t\t\t\t\t        <!-- Encabezado -->\n        <header class=\"header \">\n            <div id=\"sticky_header\" class=\"sticky-header \">\n                <div class=\"container\">\n                    <div class=\"row\">\n                        <div class=\"col-12 d-flex justify-content-between align-items-center\">\n                            <div class=\"logo\"><a href=\"https:\/\/educamos.com\/es\/\"><img decoding=\"async\" src=\"https:\/\/educamos.com\/wp-content\/themes\/educamos\/images\/logotipo-2026.png\" class=\"img-fluid\" alt=\"Logotipo de Educamos\" \/><\/a><\/div>\n                                                            <div class=\"menu-header\">\n                                                                        <a href=\"\/es\/solicita-una-demo\" class=\"btn btn-primary demo\" title=\"Solicitar informaci\u00f3n\"><span class=\"d-none d-sm-block\">Solicitar informaci\u00f3n<\/span><span class=\"d-block d-sm-none\">M\u00e1s info<\/span><\/a>\n                                                                        <button data-target=\"#main_menu\" data-toggle=\"collapse\" class=\"navbar-toggle openMenu\" type=\"button\">\n                                        <i class=\"far fa-bars\"><\/i> <span class=\"sr-only\">Abrir men\u00fa<\/span>\n                                        <i class=\"far fa-times\"><\/i> <span class=\"sr-only\">Cerrar men\u00fa<\/span>    \n                                    <\/button>\n                                <\/div>\n\n                                <!-- MEGAMENU -->\n                                <div class=\"megamenu\">\n                                    <div class=\"container\">\n                                    <ul id=\"menu-menu-principal-espana\" class=\"dropdown-menu\" itemscope itemtype=\"http:\/\/www.schema.org\/SiteNavigationElement\"><li  id=\"menu-item-746\" class=\"menu-item menu-item-type-custom menu-item-object-custom menu-item-has-children dropdown menu-item-746 nav-item\"><a href=\"#\" aria-expanded=\"false\" class=\"dropdown-toggle nav-link\" id=\"menu-item-dropdown-746\" data-bs-toggle=\"dropdown\"><span itemprop=\"name\">Educamos<\/span><\/a>\n<ul class=\"dropdown-menu\" aria-labelledby=\"menu-item-dropdown-746\">\n\t<li  id=\"menu-item-2722\" class=\"menu-item menu-item-type-post_type menu-item-object-page menu-item-2722 nav-item\"><a itemprop=\"url\" href=\"https:\/\/educamos.com\/es\/que-es\/\" class=\"dropdown-item\"><span itemprop=\"name\">\u00bfQu\u00e9 es?<\/span><\/a><\/li>\n\t<li  id=\"menu-item-2721\" class=\"menu-item menu-item-type-post_type menu-item-object-page menu-item-2721 nav-item\"><a itemprop=\"url\" href=\"https:\/\/educamos.com\/es\/por-que\/\" class=\"dropdown-item\"><span itemprop=\"name\">\u00bfPor qu\u00e9?<\/span><\/a><\/li>\n\t<li  id=\"menu-item-7714\" class=\"menu-item menu-item-type-post_type menu-item-object-page menu-item-7714 nav-item\"><a itemprop=\"url\" href=\"https:\/\/educamos.com\/es\/educamos-makers\/\" class=\"dropdown-item\"><span itemprop=\"name\">Educamos Makers<\/span><\/a><\/li>\n\t<li  id=\"menu-item-2720\" class=\"menu-item menu-item-type-post_type menu-item-object-page menu-item-2720 nav-item\"><a itemprop=\"url\" href=\"https:\/\/educamos.com\/es\/contacto\/\" class=\"dropdown-item\"><span itemprop=\"name\">Contacto<\/span><\/a><\/li>\n<\/ul>\n<\/li>\n<li  id=\"menu-item-764\" class=\"menu-item menu-item-type-post_type_archive menu-item-object-funcionalidades menu-item-has-children dropdown menu-item-764 nav-item\"><a href=\"#\" aria-expanded=\"false\" class=\"dropdown-toggle nav-link\" id=\"menu-item-dropdown-764\" data-bs-toggle=\"dropdown\"><span itemprop=\"name\">Funcionalidades<\/span><\/a>\n<ul class=\"dropdown-menu\" aria-labelledby=\"menu-item-dropdown-764\">\n\t<li  id=\"menu-item-765\" class=\"menu-item menu-item-type-post_type menu-item-object-funcionalidades menu-item-765 nav-item\"><a itemprop=\"url\" href=\"https:\/\/educamos.com\/es\/funcionalidades\/analitica-de-datos\/\" class=\"dropdown-item\"><span itemprop=\"name\">Anal\u00edtica de datos<\/span><\/a><\/li>\n\t<li  id=\"menu-item-766\" class=\"menu-item menu-item-type-post_type menu-item-object-funcionalidades menu-item-766 nav-item\"><a itemprop=\"url\" href=\"https:\/\/educamos.com\/es\/funcionalidades\/comunicacion-del-centro\/\" class=\"dropdown-item\"><span itemprop=\"name\">Comunicaci\u00f3n del centro<\/span><\/a><\/li>\n\t<li  id=\"menu-item-4325\" class=\"menu-item menu-item-type-post_type menu-item-object-funcionalidades menu-item-4325 nav-item\"><a itemprop=\"url\" href=\"https:\/\/educamos.com\/es\/funcionalidades\/gestion-del-centro\/\" class=\"dropdown-item\"><span itemprop=\"name\">Gesti\u00f3n del centro<\/span><\/a><\/li>\n\t<li  id=\"menu-item-4324\" class=\"menu-item menu-item-type-post_type menu-item-object-funcionalidades menu-item-4324 nav-item\"><a itemprop=\"url\" href=\"https:\/\/educamos.com\/es\/funcionalidades\/innovacion-pedagogica\/\" class=\"dropdown-item\"><span itemprop=\"name\">Innovaci\u00f3n pedag\u00f3gica<\/span><\/a><\/li>\n<\/ul>\n<\/li>\n<li  id=\"menu-item-767\" class=\"menu-item menu-item-type-post_type_archive menu-item-object-beneficios menu-item-has-children dropdown menu-item-767 nav-item\"><a href=\"#\" aria-expanded=\"false\" class=\"dropdown-toggle nav-link\" id=\"menu-item-dropdown-767\" data-bs-toggle=\"dropdown\"><span itemprop=\"name\">Beneficios para<\/span><\/a>\n<ul class=\"dropdown-menu\" aria-labelledby=\"menu-item-dropdown-767\">\n\t<li  id=\"menu-item-3407\" class=\"menu-item menu-item-type-post_type menu-item-object-beneficios menu-item-3407 nav-item\"><a itemprop=\"url\" href=\"https:\/\/educamos.com\/es\/beneficios\/centros-educativos\/\" class=\"dropdown-item\"><span itemprop=\"name\">Centros educativos<\/span><\/a><\/li>\n\t<li  id=\"menu-item-768\" class=\"menu-item menu-item-type-post_type menu-item-object-beneficios menu-item-768 nav-item\"><a itemprop=\"url\" href=\"https:\/\/educamos.com\/es\/beneficios\/red-de-escuelas\/\" class=\"dropdown-item\"><span itemprop=\"name\">Red de escuelas<\/span><\/a><\/li>\n\t<li  id=\"menu-item-15259\" class=\"menu-item menu-item-type-custom menu-item-object-custom menu-item-15259 nav-item\"><a itemprop=\"url\" href=\"https:\/\/educamos.com\/es\/beneficios\/formacion-profesional\/\" class=\"dropdown-item\"><span itemprop=\"name\">Formaci\u00f3n Profesional<\/span><\/a><\/li>\n\t<li  id=\"menu-item-5260\" class=\"menu-item menu-item-type-post_type menu-item-object-beneficios menu-item-5260 nav-item\"><a itemprop=\"url\" href=\"https:\/\/educamos.com\/es\/beneficios\/docentes\/\" class=\"dropdown-item\"><span itemprop=\"name\">Docentes<\/span><\/a><\/li>\n\t<li  id=\"menu-item-3406\" class=\"menu-item menu-item-type-post_type menu-item-object-beneficios menu-item-3406 nav-item\"><a itemprop=\"url\" href=\"https:\/\/educamos.com\/es\/beneficios\/familias\/\" class=\"dropdown-item\"><span itemprop=\"name\">Familias<\/span><\/a><\/li>\n\t<li  id=\"menu-item-5259\" class=\"menu-item menu-item-type-post_type menu-item-object-beneficios menu-item-5259 nav-item\"><a itemprop=\"url\" href=\"https:\/\/educamos.com\/es\/beneficios\/alumnos-as\/\" class=\"dropdown-item\"><span itemprop=\"name\">Alumnos\/as<\/span><\/a><\/li>\n<\/ul>\n<\/li>\n<li  id=\"menu-item-769\" class=\"menu-item menu-item-type-custom menu-item-object-custom menu-item-has-children dropdown menu-item-769 nav-item\"><a href=\"#\" aria-expanded=\"false\" class=\"dropdown-toggle nav-link\" id=\"menu-item-dropdown-769\" data-bs-toggle=\"dropdown\"><span itemprop=\"name\">Insights<\/span><\/a>\n<ul class=\"dropdown-menu\" aria-labelledby=\"menu-item-dropdown-769\">\n\t<li  id=\"menu-item-20587\" class=\"menu-item menu-item-type-taxonomy menu-item-object-category menu-item-20587 nav-item\"><a itemprop=\"url\" href=\"https:\/\/educamos.com\/es\/blog\/\" class=\"dropdown-item\"><span itemprop=\"name\">Blog<\/span><\/a><\/li>\n\t<li  id=\"menu-item-20499\" class=\"menu-item menu-item-type-post_type_archive menu-item-object-ebook menu-item-20499 nav-item\"><a itemprop=\"url\" href=\"https:\/\/educamos.com\/es\/ebook\/\" class=\"dropdown-item\"><span itemprop=\"name\">Ebooks<\/span><\/a><\/li>\n<\/ul>\n<\/li>\n<li  id=\"menu-item-770\" class=\"menu-item menu-item-type-custom menu-item-object-custom menu-item-has-children dropdown menu-item-770 nav-item\"><a href=\"#\" aria-expanded=\"false\" class=\"dropdown-toggle nav-link\" id=\"menu-item-dropdown-770\" data-bs-toggle=\"dropdown\"><span itemprop=\"name\">Clientes<\/span><\/a>\n<ul class=\"dropdown-menu\" aria-labelledby=\"menu-item-dropdown-770\">\n\t<li  id=\"menu-item-771\" class=\"link-externo menu-item menu-item-type-custom menu-item-object-custom menu-item-771 nav-item\"><a target=\"_blank\" rel=\"noopener noreferrer\" itemprop=\"url\" href=\"https:\/\/www.educamoscerca.com\/\" class=\"dropdown-item\"><span itemprop=\"name\">Comunidad Educamos Cerca<\/span><\/a><\/li>\n<\/ul>\n<\/li>\n<\/ul>                                    <\/div>\n                                <\/div>\n                                                    <\/div>\n                    <\/div>\n                <\/div>\n            <\/div>\n        <\/header>\n        <!-- \/ -->\n\t\t\t\t\t\t<\/div>\n\t\t\t\t<\/div>\n\t\t\t\t<div class=\"elementor-element elementor-element-1a23379 elementor-widget elementor-widget-bloque-cabecera-imagen\" data-id=\"1a23379\" data-element_type=\"widget\" data-e-type=\"widget\" data-widget_type=\"bloque-cabecera-imagen.default\">\n\t\t\t\t<div class=\"elementor-widget-container\">\n\t\t\t\t\t        <!-- Cabecera con imagen -->\n        <section class=\"bloque bloque-encabezado-pagina azul mb-0\">\n            <div class=\"container\">\n                <div class=\"row\">\n                    <div class=\"col-12 d-flex justify-content-between align-items-center\">\n                        <div class=\"datos\">\n                                                            <div data-aos=\"fade-left\" data-aos-duration=\"700\"><ol class=\"breadcrumb\"><li><a href=\"https:\/\/educamos.com\/es\/\">Inicio<\/a><\/li><\/ol><\/div>                                                        <h1 class=\"titulos\" data-aos=\"fade-left\" data-aos-duration=\"700\">Solicitud enviada<\/h1>                            <div class=\"subtitulos\" data-aos=\"fade-left\" data-aos-duration=\"700\"><p>Tu solicitud de informaci\u00f3n se ha enviado correctamente. Un miembro de nuestro equipo se pondr\u00e1 en contacto contigo pronto.<\/p><\/div>\n                                                                                    <div data-aos=\"zoom-in\" data-aos-delay=\"500\" data-aos-duration=\"700\">\n                                <a href=\"https:\/\/educamos.com\/es\/\" title=\"Volver a la p\u00e1gina de inicio\" href=\"https:\/\/educamos.com\/es\/\" class=\"btn btn-primary\">Volver a la p\u00e1gina de inicio<\/a>\n                            <\/div> \n                                                    <\/div>\n                        <div class=\"imagen transparente\"><img decoding=\"async\" src=\"https:\/\/educamos.com\/wp-content\/uploads\/2022\/11\/portada-datos.png\" class=\"img-fluid\" data-aos=\"fade-left\" data-aos-delay=\"600\" data-aos-duration=\"800\" alt=\"Solicitud enviada\"><div class=\"gradient\"><\/div><\/div>\n                    <\/div>\n                <\/div>\n            <\/div>\n        <\/section>\n\t\t\t\t\t\t<\/div>\n\t\t\t\t<\/div>\n\t\t\t\t\t<\/div>\n\t\t<\/div>\n\t\t\t\t\t<\/div>\n\t\t<\/section>\n\t\t\t\t<\/div>\n\t\t","protected":false},"excerpt":{"rendered":"<p>Solicitar informaci\u00f3nM\u00e1s info Abrir men\u00fa Cerrar men\u00fa SM Educamos \u00bfQu\u00e9 es? \u00bfPor qu\u00e9? Educamos Makers Contacto Funcionalidades Anal\u00edtica de datos Comunicaci\u00f3n del colegio Gesti\u00f3n del colegio Innovaci\u00f3n pedag\u00f3gica Beneficios para Centros educativos Red de escuelas Docentes Familias Alumnos\/as Insights Blog Clientes Comunidad Educamos Makers Inicio Solicitud enviada Tu solicitud de informaci\u00f3n se ha enviado correctamente. [&hellip;]<\/p>\n","protected":false},"author":2,"featured_media":9446,"parent":0,"menu_order":0,"comment_status":"closed","ping_status":"closed","template":"","meta":{"_acf_changed":false,"footnotes":""},"class_list":["post-6985","page","type-page","status-publish","has-post-thumbnail","hentry"],"acf":[],"yoast_head":"<!-- This site is optimized with the Yoast SEO plugin v27.0 - https:\/\/yoast.com\/product\/yoast-seo-wordpress\/ -->\n<title>Solicitud enviada | Educamos<\/title>\n<meta name=\"description\" content=\"Tu solicitud de Demo se ha enviado correctamente. Un miembro de nuestro equipo se pondr\u00e1 en contacto contigo pronto.\" \/>\n<meta name=\"robots\" content=\"index, follow, max-snippet:-1, max-image-preview:large, max-video-preview:-1\" \/>\n<link rel=\"canonical\" href=\"https:\/\/educamos.com\/es\/solicitud-enviada\/\" \/>\n<meta property=\"og:locale\" content=\"es_ES\" \/>\n<meta property=\"og:type\" content=\"article\" \/>\n<meta property=\"og:title\" content=\"Solicitud enviada | Educamos\" \/>\n<meta property=\"og:description\" content=\"Tu solicitud de Demo se ha enviado correctamente. Un miembro de nuestro equipo se pondr\u00e1 en contacto contigo pronto.\" \/>\n<meta property=\"og:url\" content=\"https:\/\/educamos.com\/es\/solicitud-enviada\/\" \/>\n<meta property=\"og:site_name\" content=\"Educamos\" \/>\n<meta property=\"article:modified_time\" content=\"2023-10-09T13:41:20+00:00\" \/>\n<meta property=\"og:image\" content=\"https:\/\/educamos.com\/wp-content\/uploads\/2023\/01\/rrss_generica_01-min.png\" \/>\n\t<meta property=\"og:image:width\" content=\"1200\" \/>\n\t<meta property=\"og:image:height\" content=\"600\" \/>\n\t<meta property=\"og:image:type\" content=\"image\/png\" \/>\n<meta name=\"twitter:card\" content=\"summary_large_image\" \/>\n<meta name=\"twitter:label1\" content=\"Tiempo de lectura\" \/>\n\t<meta name=\"twitter:data1\" content=\"1 minuto\" \/>\n<script type=\"application\/ld+json\" class=\"yoast-schema-graph\">{\"@context\":\"https:\/\/schema.org\",\"@graph\":[{\"@type\":\"WebPage\",\"@id\":\"https:\/\/educamos.com\/es\/solicitud-enviada\/\",\"url\":\"https:\/\/educamos.com\/es\/solicitud-enviada\/\",\"name\":\"Solicitud enviada | Educamos\",\"isPartOf\":{\"@id\":\"https:\/\/educamos.com\/es\/#website\"},\"primaryImageOfPage\":{\"@id\":\"https:\/\/educamos.com\/es\/solicitud-enviada\/#primaryimage\"},\"image\":{\"@id\":\"https:\/\/educamos.com\/es\/solicitud-enviada\/#primaryimage\"},\"thumbnailUrl\":\"https:\/\/educamos.com\/wp-content\/uploads\/2023\/01\/rrss_generica_01-min.png\",\"datePublished\":\"2022-12-16T09:53:18+00:00\",\"dateModified\":\"2023-10-09T13:41:20+00:00\",\"description\":\"Tu solicitud de Demo se ha enviado correctamente. Un miembro de nuestro equipo se pondr\u00e1 en contacto contigo pronto.\",\"breadcrumb\":{\"@id\":\"https:\/\/educamos.com\/es\/solicitud-enviada\/#breadcrumb\"},\"inLanguage\":\"es\",\"potentialAction\":[{\"@type\":\"ReadAction\",\"target\":[\"https:\/\/educamos.com\/es\/solicitud-enviada\/\"]}]},{\"@type\":\"ImageObject\",\"inLanguage\":\"es\",\"@id\":\"https:\/\/educamos.com\/es\/solicitud-enviada\/#primaryimage\",\"url\":\"https:\/\/educamos.com\/wp-content\/uploads\/2023\/01\/rrss_generica_01-min.png\",\"contentUrl\":\"https:\/\/educamos.com\/wp-content\/uploads\/2023\/01\/rrss_generica_01-min.png\",\"width\":1200,\"height\":600},{\"@type\":\"BreadcrumbList\",\"@id\":\"https:\/\/educamos.com\/es\/solicitud-enviada\/#breadcrumb\",\"itemListElement\":[{\"@type\":\"ListItem\",\"position\":1,\"name\":\"Inicio\",\"item\":\"https:\/\/educamos.com\/es\/\"},{\"@type\":\"ListItem\",\"position\":2,\"name\":\"Solicitud enviada\"}]},{\"@type\":\"WebSite\",\"@id\":\"https:\/\/educamos.com\/es\/#website\",\"url\":\"https:\/\/educamos.com\/es\/\",\"name\":\"Educamos\",\"description\":\"La escuela de hoy\",\"potentialAction\":[{\"@type\":\"SearchAction\",\"target\":{\"@type\":\"EntryPoint\",\"urlTemplate\":\"https:\/\/educamos.com\/es\/?s={search_term_string}\"},\"query-input\":{\"@type\":\"PropertyValueSpecification\",\"valueRequired\":true,\"valueName\":\"search_term_string\"}}],\"inLanguage\":\"es\"}]}<\/script>\n<!-- \/ Yoast SEO plugin. -->","yoast_head_json":{"title":"Solicitud enviada | Educamos","description":"Tu solicitud de Demo se ha enviado correctamente. Un miembro de nuestro equipo se pondr\u00e1 en contacto contigo pronto.","robots":{"index":"index","follow":"follow","max-snippet":"max-snippet:-1","max-image-preview":"max-image-preview:large","max-video-preview":"max-video-preview:-1"},"canonical":"https:\/\/educamos.com\/es\/solicitud-enviada\/","og_locale":"es_ES","og_type":"article","og_title":"Solicitud enviada | Educamos","og_description":"Tu solicitud de Demo se ha enviado correctamente. Un miembro de nuestro equipo se pondr\u00e1 en contacto contigo pronto.","og_url":"https:\/\/educamos.com\/es\/solicitud-enviada\/","og_site_name":"Educamos","article_modified_time":"2023-10-09T13:41:20+00:00","og_image":[{"width":1200,"height":600,"url":"https:\/\/educamos.com\/wp-content\/uploads\/2023\/01\/rrss_generica_01-min.png","type":"image\/png"}],"twitter_card":"summary_large_image","twitter_misc":{"Tiempo de lectura":"1 minuto"},"schema":{"@context":"https:\/\/schema.org","@graph":[{"@type":"WebPage","@id":"https:\/\/educamos.com\/es\/solicitud-enviada\/","url":"https:\/\/educamos.com\/es\/solicitud-enviada\/","name":"Solicitud enviada | Educamos","isPartOf":{"@id":"https:\/\/educamos.com\/es\/#website"},"primaryImageOfPage":{"@id":"https:\/\/educamos.com\/es\/solicitud-enviada\/#primaryimage"},"image":{"@id":"https:\/\/educamos.com\/es\/solicitud-enviada\/#primaryimage"},"thumbnailUrl":"https:\/\/educamos.com\/wp-content\/uploads\/2023\/01\/rrss_generica_01-min.png","datePublished":"2022-12-16T09:53:18+00:00","dateModified":"2023-10-09T13:41:20+00:00","description":"Tu solicitud de Demo se ha enviado correctamente. Un miembro de nuestro equipo se pondr\u00e1 en contacto contigo pronto.","breadcrumb":{"@id":"https:\/\/educamos.com\/es\/solicitud-enviada\/#breadcrumb"},"inLanguage":"es","potentialAction":[{"@type":"ReadAction","target":["https:\/\/educamos.com\/es\/solicitud-enviada\/"]}]},{"@type":"ImageObject","inLanguage":"es","@id":"https:\/\/educamos.com\/es\/solicitud-enviada\/#primaryimage","url":"https:\/\/educamos.com\/wp-content\/uploads\/2023\/01\/rrss_generica_01-min.png","contentUrl":"https:\/\/educamos.com\/wp-content\/uploads\/2023\/01\/rrss_generica_01-min.png","width":1200,"height":600},{"@type":"BreadcrumbList","@id":"https:\/\/educamos.com\/es\/solicitud-enviada\/#breadcrumb","itemListElement":[{"@type":"ListItem","position":1,"name":"Inicio","item":"https:\/\/educamos.com\/es\/"},{"@type":"ListItem","position":2,"name":"Solicitud enviada"}]},{"@type":"WebSite","@id":"https:\/\/educamos.com\/es\/#website","url":"https:\/\/educamos.com\/es\/","name":"Educamos","description":"La escuela de hoy","potentialAction":[{"@type":"SearchAction","target":{"@type":"EntryPoint","urlTemplate":"https:\/\/educamos.com\/es\/?s={search_term_string}"},"query-input":{"@type":"PropertyValueSpecification","valueRequired":true,"valueName":"search_term_string"}}],"inLanguage":"es"}]}},"_links":{"self":[{"href":"https:\/\/educamos.com\/es\/wp-json\/wp\/v2\/pages\/6985","targetHints":{"allow":["GET"]}}],"collection":[{"href":"https:\/\/educamos.com\/es\/wp-json\/wp\/v2\/pages"}],"about":[{"href":"https:\/\/educamos.com\/es\/wp-json\/wp\/v2\/types\/page"}],"author":[{"embeddable":true,"href":"https:\/\/educamos.com\/es\/wp-json\/wp\/v2\/users\/2"}],"replies":[{"embeddable":true,"href":"https:\/\/educamos.com\/es\/wp-json\/wp\/v2\/comments?post=6985"}],"version-history":[{"count":31,"href":"https:\/\/educamos.com\/es\/wp-json\/wp\/v2\/pages\/6985\/revisions"}],"predecessor-version":[{"id":24232,"href":"https:\/\/educamos.com\/es\/wp-json\/wp\/v2\/pages\/6985\/revisions\/24232"}],"wp:featuredmedia":[{"embeddable":true,"href":"https:\/\/educamos.com\/es\/wp-json\/wp\/v2\/media\/9446"}],"wp:attachment":[{"href":"https:\/\/educamos.com\/es\/wp-json\/wp\/v2\/media?parent=6985"}],"curies":[{"name":"wp","href":"https:\/\/api.w.org\/{rel}","templated":true}]}}