{"id":7869,"date":"2022-12-22T13:19:52","date_gmt":"2022-12-22T12:19:52","guid":{"rendered":"https:\/\/educamos.com\/?page_id=7869"},"modified":"2025-12-09T12:48:32","modified_gmt":"2025-12-09T11:48:32","slug":"kit-digital","status":"publish","type":"page","link":"https:\/\/educamos.com\/es\/kit-digital\/","title":{"rendered":"Kit digital"},"content":{"rendered":"\t\t<div data-elementor-type=\"wp-page\" data-elementor-id=\"7869\" class=\"elementor elementor-7869\" data-elementor-post-type=\"page\">\n\t\t\t\t\t\t<section class=\"elementor-section elementor-top-section elementor-element elementor-element-40cd2f2 elementor-section-full_width elementor-section-height-default elementor-section-height-default\" data-id=\"40cd2f2\" data-element_type=\"section\" data-e-type=\"section\">\n\t\t\t\t\t\t<div class=\"elementor-container elementor-column-gap-default\">\n\t\t\t\t\t<div class=\"elementor-column elementor-col-100 elementor-top-column elementor-element elementor-element-e286345\" data-id=\"e286345\" data-element_type=\"column\" data-e-type=\"column\">\n\t\t\t<div class=\"elementor-widget-wrap elementor-element-populated\">\n\t\t\t\t\t\t<div class=\"elementor-element elementor-element-94fd197 elementor-widget elementor-widget-bloque-cabecera-menu\" data-id=\"94fd197\" data-element_type=\"widget\" data-e-type=\"widget\" data-widget_type=\"bloque-cabecera-menu.default\">\n\t\t\t\t<div class=\"elementor-widget-container\">\n\t\t\t\t\t        <!-- Encabezado -->\n        <header class=\"header \">\n            <div id=\"sticky_header\" class=\"sticky-header \">\n                <div class=\"container\">\n                    <div class=\"row\">\n                        <div class=\"col-12 d-flex justify-content-between align-items-center\">\n                            <div class=\"logo\"><a href=\"https:\/\/educamos.com\/es\/\"><img decoding=\"async\" src=\"https:\/\/educamos.com\/wp-content\/themes\/educamos\/images\/logotipo-2026.png\" class=\"img-fluid\" alt=\"Logotipo de Educamos\" \/><\/a><\/div>\n                                                            <div class=\"menu-header\">\n                                                                        <a href=\"\/es\/solicita-una-demo\" class=\"btn btn-primary demo\" title=\"Solicitar informaci\u00f3n\"><span class=\"d-none d-sm-block\">Solicitar informaci\u00f3n<\/span><span class=\"d-block d-sm-none\">M\u00e1s info<\/span><\/a>\n                                                                        <button data-target=\"#main_menu\" data-toggle=\"collapse\" class=\"navbar-toggle openMenu\" type=\"button\">\n                                        <i class=\"far fa-bars\"><\/i> <span class=\"sr-only\">Abrir men\u00fa<\/span>\n                                        <i class=\"far fa-times\"><\/i> <span class=\"sr-only\">Cerrar men\u00fa<\/span>    \n                                    <\/button>\n                                <\/div>\n\n                                <!-- MEGAMENU -->\n                                <div class=\"megamenu\">\n                                    <div class=\"container\">\n                                    <ul id=\"menu-menu-principal-espana\" class=\"dropdown-menu\" itemscope itemtype=\"http:\/\/www.schema.org\/SiteNavigationElement\"><li  id=\"menu-item-746\" class=\"menu-item menu-item-type-custom menu-item-object-custom menu-item-has-children dropdown menu-item-746 nav-item\"><a href=\"#\" aria-expanded=\"false\" class=\"dropdown-toggle nav-link\" id=\"menu-item-dropdown-746\" data-bs-toggle=\"dropdown\"><span itemprop=\"name\">Educamos<\/span><\/a>\n<ul class=\"dropdown-menu\" aria-labelledby=\"menu-item-dropdown-746\">\n\t<li  id=\"menu-item-2722\" class=\"menu-item menu-item-type-post_type menu-item-object-page menu-item-2722 nav-item\"><a itemprop=\"url\" href=\"https:\/\/educamos.com\/es\/que-es\/\" class=\"dropdown-item\"><span itemprop=\"name\">\u00bfQu\u00e9 es?<\/span><\/a><\/li>\n\t<li  id=\"menu-item-2721\" class=\"menu-item menu-item-type-post_type menu-item-object-page menu-item-2721 nav-item\"><a itemprop=\"url\" href=\"https:\/\/educamos.com\/es\/por-que\/\" class=\"dropdown-item\"><span itemprop=\"name\">\u00bfPor qu\u00e9?<\/span><\/a><\/li>\n\t<li  id=\"menu-item-7714\" class=\"menu-item menu-item-type-post_type menu-item-object-page menu-item-7714 nav-item\"><a itemprop=\"url\" href=\"https:\/\/educamos.com\/es\/educamos-makers\/\" class=\"dropdown-item\"><span itemprop=\"name\">Educamos Makers<\/span><\/a><\/li>\n\t<li  id=\"menu-item-2720\" class=\"menu-item menu-item-type-post_type menu-item-object-page menu-item-2720 nav-item\"><a itemprop=\"url\" href=\"https:\/\/educamos.com\/es\/contacto\/\" class=\"dropdown-item\"><span itemprop=\"name\">Contacto<\/span><\/a><\/li>\n<\/ul>\n<\/li>\n<li  id=\"menu-item-764\" class=\"menu-item menu-item-type-post_type_archive menu-item-object-funcionalidades menu-item-has-children dropdown menu-item-764 nav-item\"><a href=\"#\" aria-expanded=\"false\" class=\"dropdown-toggle nav-link\" id=\"menu-item-dropdown-764\" data-bs-toggle=\"dropdown\"><span itemprop=\"name\">Funcionalidades<\/span><\/a>\n<ul class=\"dropdown-menu\" aria-labelledby=\"menu-item-dropdown-764\">\n\t<li  id=\"menu-item-765\" class=\"menu-item menu-item-type-post_type menu-item-object-funcionalidades menu-item-765 nav-item\"><a itemprop=\"url\" href=\"https:\/\/educamos.com\/es\/funcionalidades\/analitica-de-datos\/\" class=\"dropdown-item\"><span itemprop=\"name\">Anal\u00edtica de datos<\/span><\/a><\/li>\n\t<li  id=\"menu-item-766\" class=\"menu-item menu-item-type-post_type menu-item-object-funcionalidades menu-item-766 nav-item\"><a itemprop=\"url\" href=\"https:\/\/educamos.com\/es\/funcionalidades\/comunicacion-del-centro\/\" class=\"dropdown-item\"><span itemprop=\"name\">Comunicaci\u00f3n del centro<\/span><\/a><\/li>\n\t<li  id=\"menu-item-4325\" class=\"menu-item menu-item-type-post_type menu-item-object-funcionalidades menu-item-4325 nav-item\"><a itemprop=\"url\" href=\"https:\/\/educamos.com\/es\/funcionalidades\/gestion-del-centro\/\" class=\"dropdown-item\"><span itemprop=\"name\">Gesti\u00f3n del centro<\/span><\/a><\/li>\n\t<li  id=\"menu-item-4324\" class=\"menu-item menu-item-type-post_type menu-item-object-funcionalidades menu-item-4324 nav-item\"><a itemprop=\"url\" href=\"https:\/\/educamos.com\/es\/funcionalidades\/innovacion-pedagogica\/\" class=\"dropdown-item\"><span itemprop=\"name\">Innovaci\u00f3n pedag\u00f3gica<\/span><\/a><\/li>\n<\/ul>\n<\/li>\n<li  id=\"menu-item-767\" class=\"menu-item menu-item-type-post_type_archive menu-item-object-beneficios menu-item-has-children dropdown menu-item-767 nav-item\"><a href=\"#\" aria-expanded=\"false\" class=\"dropdown-toggle nav-link\" id=\"menu-item-dropdown-767\" data-bs-toggle=\"dropdown\"><span itemprop=\"name\">Beneficios para<\/span><\/a>\n<ul class=\"dropdown-menu\" aria-labelledby=\"menu-item-dropdown-767\">\n\t<li  id=\"menu-item-3407\" class=\"menu-item menu-item-type-post_type menu-item-object-beneficios menu-item-3407 nav-item\"><a itemprop=\"url\" href=\"https:\/\/educamos.com\/es\/beneficios\/centros-educativos\/\" class=\"dropdown-item\"><span itemprop=\"name\">Centros educativos<\/span><\/a><\/li>\n\t<li  id=\"menu-item-768\" class=\"menu-item menu-item-type-post_type menu-item-object-beneficios menu-item-768 nav-item\"><a itemprop=\"url\" href=\"https:\/\/educamos.com\/es\/beneficios\/red-de-escuelas\/\" class=\"dropdown-item\"><span itemprop=\"name\">Red de escuelas<\/span><\/a><\/li>\n\t<li  id=\"menu-item-15259\" class=\"menu-item menu-item-type-custom menu-item-object-custom menu-item-15259 nav-item\"><a itemprop=\"url\" href=\"https:\/\/educamos.com\/es\/beneficios\/formacion-profesional\/\" class=\"dropdown-item\"><span itemprop=\"name\">Formaci\u00f3n Profesional<\/span><\/a><\/li>\n\t<li  id=\"menu-item-5260\" class=\"menu-item menu-item-type-post_type menu-item-object-beneficios menu-item-5260 nav-item\"><a itemprop=\"url\" href=\"https:\/\/educamos.com\/es\/beneficios\/docentes\/\" class=\"dropdown-item\"><span itemprop=\"name\">Docentes<\/span><\/a><\/li>\n\t<li  id=\"menu-item-3406\" class=\"menu-item menu-item-type-post_type menu-item-object-beneficios menu-item-3406 nav-item\"><a itemprop=\"url\" href=\"https:\/\/educamos.com\/es\/beneficios\/familias\/\" class=\"dropdown-item\"><span itemprop=\"name\">Familias<\/span><\/a><\/li>\n\t<li  id=\"menu-item-5259\" class=\"menu-item menu-item-type-post_type menu-item-object-beneficios menu-item-5259 nav-item\"><a itemprop=\"url\" href=\"https:\/\/educamos.com\/es\/beneficios\/alumnos-as\/\" class=\"dropdown-item\"><span itemprop=\"name\">Alumnos\/as<\/span><\/a><\/li>\n<\/ul>\n<\/li>\n<li  id=\"menu-item-769\" class=\"menu-item menu-item-type-custom menu-item-object-custom menu-item-has-children dropdown menu-item-769 nav-item\"><a href=\"#\" aria-expanded=\"false\" class=\"dropdown-toggle nav-link\" id=\"menu-item-dropdown-769\" data-bs-toggle=\"dropdown\"><span itemprop=\"name\">Insights<\/span><\/a>\n<ul class=\"dropdown-menu\" aria-labelledby=\"menu-item-dropdown-769\">\n\t<li  id=\"menu-item-20587\" class=\"menu-item menu-item-type-taxonomy menu-item-object-category menu-item-20587 nav-item\"><a itemprop=\"url\" href=\"https:\/\/educamos.com\/es\/blog\/\" class=\"dropdown-item\"><span itemprop=\"name\">Blog<\/span><\/a><\/li>\n\t<li  id=\"menu-item-20499\" class=\"menu-item menu-item-type-post_type_archive menu-item-object-ebook menu-item-20499 nav-item\"><a itemprop=\"url\" href=\"https:\/\/educamos.com\/es\/ebook\/\" class=\"dropdown-item\"><span itemprop=\"name\">Ebooks<\/span><\/a><\/li>\n<\/ul>\n<\/li>\n<li  id=\"menu-item-770\" class=\"menu-item menu-item-type-custom menu-item-object-custom menu-item-has-children dropdown menu-item-770 nav-item\"><a href=\"#\" aria-expanded=\"false\" class=\"dropdown-toggle nav-link\" id=\"menu-item-dropdown-770\" data-bs-toggle=\"dropdown\"><span itemprop=\"name\">Clientes<\/span><\/a>\n<ul class=\"dropdown-menu\" aria-labelledby=\"menu-item-dropdown-770\">\n\t<li  id=\"menu-item-771\" class=\"link-externo menu-item menu-item-type-custom menu-item-object-custom menu-item-771 nav-item\"><a target=\"_blank\" rel=\"noopener noreferrer\" itemprop=\"url\" href=\"https:\/\/www.educamoscerca.com\/\" class=\"dropdown-item\"><span itemprop=\"name\">Comunidad Educamos Cerca<\/span><\/a><\/li>\n<\/ul>\n<\/li>\n<\/ul>                                    <\/div>\n                                <\/div>\n                                                    <\/div>\n                    <\/div>\n                <\/div>\n            <\/div>\n        <\/header>\n        <!-- \/ -->\n\t\t\t\t\t\t<\/div>\n\t\t\t\t<\/div>\n\t\t\t\t<div class=\"elementor-element elementor-element-377e8aa elementor-widget elementor-widget-bloque-imagen-centrada\" data-id=\"377e8aa\" data-element_type=\"widget\" data-e-type=\"widget\" data-widget_type=\"bloque-imagen-centrada.default\">\n\t\t\t\t<div class=\"elementor-widget-container\">\n\t\t\t\t\t        <!-- Bloque contenidos: Imagen bloque-imagen-centrada -->\n        <section class=\"bloque bloque-imagen-centrada \">\n            <div class=\"container\">\n                                                                <div class=\"estrecho3\">\n                    <div class=\"row\">\n                        <div class=\"col-12\">\n                            <figure class=\"figure imagen2\">\n                                <div class=\"image\" data-aos=\"fade-up\" data-aos-delay=\"800\" data-aos-duration=\"1200\"><img decoding=\"async\" src=\"https:\/\/educamos.com\/wp-content\/uploads\/2022\/12\/kit-956x279.png\" class=\"figure-img img-fluid\" alt=\"\"><\/div>\n                                                            <\/figure>\n                        <\/div>\n                    <\/div>\n                <\/div>\n            <\/div>\n                    <\/section>\n\n\t\t\t\t\t\t<\/div>\n\t\t\t\t<\/div>\n\t\t\t\t<div class=\"elementor-element elementor-element-f490656 elementor-widget elementor-widget-bloque-texto\" data-id=\"f490656\" data-element_type=\"widget\" data-e-type=\"widget\" data-widget_type=\"bloque-texto.default\">\n\t\t\t\t<div class=\"elementor-widget-container\">\n\t\t\t\t\t        <!-- Texto a 2 columnas-->\n        <section class=\"bloque bloque-texto \">\n            <div class=\"container\">\n                <h1 class=\"titulos\" data-aos=\"fade-left\" data-aos-duration=\"700\">Kit Digital<\/h1>                <div class=\"subtitulos\" data-aos=\"fade-left\" data-aos-duration=\"700\"><p>Benef\u00edciate de hasta 6.000\u20ac<\/p><\/div>\n                                <div class=\"estrecho2\">\n                    <div class=\"row\">\n                        <div class=\"col-sm-12\">\n                            <div class=\"the_content\" data-aos=\"fade-up\" data-aos-duration=\"700\">\n                                <p>Accede a las ayudas Kit Digital de los fondos Next Generation Europe para Espa\u00f1a, un fondo destinado a la inversi\u00f3n en \u201cDigitalizaci\u00f3n e innovaci\u00f3n\u201d, dentro del Plan de Recuperaci\u00f3n, Transformaci\u00f3n y Resiliencia. Con un total de 3.067 millones de euros, de los cuales se han liberado 500 millones para la primera convocatoria.<\/p><p><b>\u00bfCu\u00e1l ser\u00eda nuestra soluci\u00f3n ofertada?<\/b><\/p><ul><li><b>Nombre:<\/b> Educamos<\/li><li><b>Categor\u00eda:<\/b>\u00a0Gesti\u00f3n de procesos<\/li><li><b>Descripci\u00f3n:<\/b>\u00a0Plataforma de gesti\u00f3n integral (acad\u00e9mica, administrativa y econ\u00f3mica) y comunicaci\u00f3n para centros educativos. Digitaliza tus procesos de gesti\u00f3n y optimiza tus recursos<\/li><li><b>Precio:<\/b>\u00a03.000 \u20ac - 6.000\u20ac<\/li><\/ul><p>Ahora mismo nos encontramos en tr\u00e1mite de darnos de alta como agente digitalizador. Para cualquier duda que puedas tener, nos puedes contactar en\u00a0<a href=\"mailto:info@educamos.com\">info@educamos.com<\/a><\/p>                            <\/div>\n                        <\/div>\n                    <\/div>\n                <\/div>\n            <\/div>\n        <\/section>\n\t\t\t\t\t\t<\/div>\n\t\t\t\t<\/div>\n\t\t\t\t\t<\/div>\n\t\t<\/div>\n\t\t\t\t\t<\/div>\n\t\t<\/section>\n\t\t\t\t<\/div>\n\t\t","protected":false},"excerpt":{"rendered":"<p>Solicitar informaci\u00f3nM\u00e1s info Abrir men\u00fa Cerrar men\u00fa Educamos \u00bfQu\u00e9 es? \u00bfPor qu\u00e9? Educamos Makers Contacto Funcionalidades Anal\u00edtica de datos Comunicaci\u00f3n del centro Gesti\u00f3n del centro Innovaci\u00f3n pedag\u00f3gica Beneficios para Centros educativos Red de escuelas Formaci\u00f3n Profesional Docentes Familias Alumnos\/as Insights Blog Ebooks Clientes Comunidad Educamos Cerca Kit Digital Benef\u00edciate de hasta 6.000\u20ac Accede a las [&hellip;]<\/p>\n","protected":false},"author":4,"featured_media":9506,"parent":0,"menu_order":0,"comment_status":"closed","ping_status":"closed","template":"","meta":{"_acf_changed":false,"footnotes":""},"class_list":["post-7869","page","type-page","status-publish","has-post-thumbnail","hentry"],"acf":[],"yoast_head":"<!-- This site is optimized with the Yoast SEO plugin v27.0 - https:\/\/yoast.com\/product\/yoast-seo-wordpress\/ -->\n<title>Kit digital | Educamos<\/title>\n<meta name=\"description\" content=\"Accede a las ayudas Kit Digital de los fondos Next Generation Europe para Espa\u00f1a, un fondo destinado a la inversi\u00f3n en \u201cDigitalizaci\u00f3n e innovaci\u00f3n\u201d, dentro del Plan de Recuperaci\u00f3n, Transformaci\u00f3n y Resiliencia. Con un total de 3.067 millones de euros, de los cuales se han liberado 500 millones para la primera convocatoria.\" \/>\n<meta name=\"robots\" content=\"index, follow, max-snippet:-1, max-image-preview:large, max-video-preview:-1\" \/>\n<link rel=\"canonical\" href=\"https:\/\/educamos.com\/es\/kit-digital\/\" \/>\n<meta property=\"og:locale\" content=\"es_ES\" \/>\n<meta property=\"og:type\" content=\"article\" \/>\n<meta property=\"og:title\" content=\"Kit digital | Educamos\" \/>\n<meta property=\"og:description\" content=\"Accede a las ayudas Kit Digital de los fondos Next Generation Europe para Espa\u00f1a, un fondo destinado a la inversi\u00f3n en \u201cDigitalizaci\u00f3n e innovaci\u00f3n\u201d, dentro del Plan de Recuperaci\u00f3n, Transformaci\u00f3n y Resiliencia. Con un total de 3.067 millones de euros, de los cuales se han liberado 500 millones para la primera convocatoria.\" \/>\n<meta property=\"og:url\" content=\"https:\/\/educamos.com\/es\/kit-digital\/\" \/>\n<meta property=\"og:site_name\" content=\"Educamos\" \/>\n<meta property=\"article:modified_time\" content=\"2025-12-09T11:48:32+00:00\" \/>\n<meta property=\"og:image\" content=\"https:\/\/educamos.com\/wp-content\/uploads\/2023\/01\/rrss_kit_digital_01-min.png\" \/>\n\t<meta property=\"og:image:width\" content=\"1200\" \/>\n\t<meta property=\"og:image:height\" content=\"600\" \/>\n\t<meta property=\"og:image:type\" content=\"image\/png\" \/>\n<meta name=\"twitter:card\" content=\"summary_large_image\" \/>\n<meta name=\"twitter:label1\" content=\"Tiempo de lectura\" \/>\n\t<meta name=\"twitter:data1\" content=\"2 minutos\" \/>\n<script type=\"application\/ld+json\" class=\"yoast-schema-graph\">{\"@context\":\"https:\/\/schema.org\",\"@graph\":[{\"@type\":\"WebPage\",\"@id\":\"https:\/\/educamos.com\/es\/kit-digital\/\",\"url\":\"https:\/\/educamos.com\/es\/kit-digital\/\",\"name\":\"Kit digital | Educamos\",\"isPartOf\":{\"@id\":\"https:\/\/educamos.com\/es\/#website\"},\"primaryImageOfPage\":{\"@id\":\"https:\/\/educamos.com\/es\/kit-digital\/#primaryimage\"},\"image\":{\"@id\":\"https:\/\/educamos.com\/es\/kit-digital\/#primaryimage\"},\"thumbnailUrl\":\"https:\/\/educamos.com\/wp-content\/uploads\/2023\/01\/rrss_kit_digital_01-min.png\",\"datePublished\":\"2022-12-22T12:19:52+00:00\",\"dateModified\":\"2025-12-09T11:48:32+00:00\",\"description\":\"Accede a las ayudas Kit Digital de los fondos Next Generation Europe para Espa\u00f1a, un fondo destinado a la inversi\u00f3n en \u201cDigitalizaci\u00f3n e innovaci\u00f3n\u201d, dentro del Plan de Recuperaci\u00f3n, Transformaci\u00f3n y Resiliencia. Con un total de 3.067 millones de euros, de los cuales se han liberado 500 millones para la primera convocatoria.\",\"breadcrumb\":{\"@id\":\"https:\/\/educamos.com\/es\/kit-digital\/#breadcrumb\"},\"inLanguage\":\"es\",\"potentialAction\":[{\"@type\":\"ReadAction\",\"target\":[\"https:\/\/educamos.com\/es\/kit-digital\/\"]}]},{\"@type\":\"ImageObject\",\"inLanguage\":\"es\",\"@id\":\"https:\/\/educamos.com\/es\/kit-digital\/#primaryimage\",\"url\":\"https:\/\/educamos.com\/wp-content\/uploads\/2023\/01\/rrss_kit_digital_01-min.png\",\"contentUrl\":\"https:\/\/educamos.com\/wp-content\/uploads\/2023\/01\/rrss_kit_digital_01-min.png\",\"width\":1200,\"height\":600},{\"@type\":\"BreadcrumbList\",\"@id\":\"https:\/\/educamos.com\/es\/kit-digital\/#breadcrumb\",\"itemListElement\":[{\"@type\":\"ListItem\",\"position\":1,\"name\":\"Inicio\",\"item\":\"https:\/\/educamos.com\/es\/\"},{\"@type\":\"ListItem\",\"position\":2,\"name\":\"Kit digital\"}]},{\"@type\":\"WebSite\",\"@id\":\"https:\/\/educamos.com\/es\/#website\",\"url\":\"https:\/\/educamos.com\/es\/\",\"name\":\"Educamos\",\"description\":\"La escuela de hoy\",\"potentialAction\":[{\"@type\":\"SearchAction\",\"target\":{\"@type\":\"EntryPoint\",\"urlTemplate\":\"https:\/\/educamos.com\/es\/?s={search_term_string}\"},\"query-input\":{\"@type\":\"PropertyValueSpecification\",\"valueRequired\":true,\"valueName\":\"search_term_string\"}}],\"inLanguage\":\"es\"}]}<\/script>\n<!-- \/ Yoast SEO plugin. -->","yoast_head_json":{"title":"Kit digital | Educamos","description":"Accede a las ayudas Kit Digital de los fondos Next Generation Europe para Espa\u00f1a, un fondo destinado a la inversi\u00f3n en \u201cDigitalizaci\u00f3n e innovaci\u00f3n\u201d, dentro del Plan de Recuperaci\u00f3n, Transformaci\u00f3n y Resiliencia. Con un total de 3.067 millones de euros, de los cuales se han liberado 500 millones para la primera convocatoria.","robots":{"index":"index","follow":"follow","max-snippet":"max-snippet:-1","max-image-preview":"max-image-preview:large","max-video-preview":"max-video-preview:-1"},"canonical":"https:\/\/educamos.com\/es\/kit-digital\/","og_locale":"es_ES","og_type":"article","og_title":"Kit digital | Educamos","og_description":"Accede a las ayudas Kit Digital de los fondos Next Generation Europe para Espa\u00f1a, un fondo destinado a la inversi\u00f3n en \u201cDigitalizaci\u00f3n e innovaci\u00f3n\u201d, dentro del Plan de Recuperaci\u00f3n, Transformaci\u00f3n y Resiliencia. Con un total de 3.067 millones de euros, de los cuales se han liberado 500 millones para la primera convocatoria.","og_url":"https:\/\/educamos.com\/es\/kit-digital\/","og_site_name":"Educamos","article_modified_time":"2025-12-09T11:48:32+00:00","og_image":[{"width":1200,"height":600,"url":"https:\/\/educamos.com\/wp-content\/uploads\/2023\/01\/rrss_kit_digital_01-min.png","type":"image\/png"}],"twitter_card":"summary_large_image","twitter_misc":{"Tiempo de lectura":"2 minutos"},"schema":{"@context":"https:\/\/schema.org","@graph":[{"@type":"WebPage","@id":"https:\/\/educamos.com\/es\/kit-digital\/","url":"https:\/\/educamos.com\/es\/kit-digital\/","name":"Kit digital | Educamos","isPartOf":{"@id":"https:\/\/educamos.com\/es\/#website"},"primaryImageOfPage":{"@id":"https:\/\/educamos.com\/es\/kit-digital\/#primaryimage"},"image":{"@id":"https:\/\/educamos.com\/es\/kit-digital\/#primaryimage"},"thumbnailUrl":"https:\/\/educamos.com\/wp-content\/uploads\/2023\/01\/rrss_kit_digital_01-min.png","datePublished":"2022-12-22T12:19:52+00:00","dateModified":"2025-12-09T11:48:32+00:00","description":"Accede a las ayudas Kit Digital de los fondos Next Generation Europe para Espa\u00f1a, un fondo destinado a la inversi\u00f3n en \u201cDigitalizaci\u00f3n e innovaci\u00f3n\u201d, dentro del Plan de Recuperaci\u00f3n, Transformaci\u00f3n y Resiliencia. Con un total de 3.067 millones de euros, de los cuales se han liberado 500 millones para la primera convocatoria.","breadcrumb":{"@id":"https:\/\/educamos.com\/es\/kit-digital\/#breadcrumb"},"inLanguage":"es","potentialAction":[{"@type":"ReadAction","target":["https:\/\/educamos.com\/es\/kit-digital\/"]}]},{"@type":"ImageObject","inLanguage":"es","@id":"https:\/\/educamos.com\/es\/kit-digital\/#primaryimage","url":"https:\/\/educamos.com\/wp-content\/uploads\/2023\/01\/rrss_kit_digital_01-min.png","contentUrl":"https:\/\/educamos.com\/wp-content\/uploads\/2023\/01\/rrss_kit_digital_01-min.png","width":1200,"height":600},{"@type":"BreadcrumbList","@id":"https:\/\/educamos.com\/es\/kit-digital\/#breadcrumb","itemListElement":[{"@type":"ListItem","position":1,"name":"Inicio","item":"https:\/\/educamos.com\/es\/"},{"@type":"ListItem","position":2,"name":"Kit digital"}]},{"@type":"WebSite","@id":"https:\/\/educamos.com\/es\/#website","url":"https:\/\/educamos.com\/es\/","name":"Educamos","description":"La escuela de hoy","potentialAction":[{"@type":"SearchAction","target":{"@type":"EntryPoint","urlTemplate":"https:\/\/educamos.com\/es\/?s={search_term_string}"},"query-input":{"@type":"PropertyValueSpecification","valueRequired":true,"valueName":"search_term_string"}}],"inLanguage":"es"}]}},"_links":{"self":[{"href":"https:\/\/educamos.com\/es\/wp-json\/wp\/v2\/pages\/7869","targetHints":{"allow":["GET"]}}],"collection":[{"href":"https:\/\/educamos.com\/es\/wp-json\/wp\/v2\/pages"}],"about":[{"href":"https:\/\/educamos.com\/es\/wp-json\/wp\/v2\/types\/page"}],"author":[{"embeddable":true,"href":"https:\/\/educamos.com\/es\/wp-json\/wp\/v2\/users\/4"}],"replies":[{"embeddable":true,"href":"https:\/\/educamos.com\/es\/wp-json\/wp\/v2\/comments?post=7869"}],"version-history":[{"count":13,"href":"https:\/\/educamos.com\/es\/wp-json\/wp\/v2\/pages\/7869\/revisions"}],"predecessor-version":[{"id":27917,"href":"https:\/\/educamos.com\/es\/wp-json\/wp\/v2\/pages\/7869\/revisions\/27917"}],"wp:featuredmedia":[{"embeddable":true,"href":"https:\/\/educamos.com\/es\/wp-json\/wp\/v2\/media\/9506"}],"wp:attachment":[{"href":"https:\/\/educamos.com\/es\/wp-json\/wp\/v2\/media?parent=7869"}],"curies":[{"name":"wp","href":"https:\/\/api.w.org\/{rel}","templated":true}]}}