{"id":21345,"date":"2023-04-24T10:03:43","date_gmt":"2023-04-24T09:03:43","guid":{"rendered":"https:\/\/educamos.com\/pagos-online\/"},"modified":"2025-12-09T12:51:24","modified_gmt":"2025-12-09T11:51:24","slug":"pagos-online","status":"publish","type":"page","link":"https:\/\/educamos.com\/fr\/pagos-online\/","title":{"rendered":"pagos online"},"content":{"rendered":"\t\t<div data-elementor-type=\"wp-page\" data-elementor-id=\"21345\" class=\"elementor elementor-21345 elementor-14107\" data-elementor-post-type=\"page\">\n\t\t\t\t\t\t<section class=\"elementor-section elementor-top-section elementor-element elementor-element-b951e51 elementor-section-full_width elementor-section-height-default elementor-section-height-default\" data-id=\"b951e51\" data-element_type=\"section\" data-e-type=\"section\">\n\t\t\t\t\t\t<div class=\"elementor-container elementor-column-gap-default\">\n\t\t\t\t\t<div class=\"elementor-column elementor-col-100 elementor-top-column elementor-element elementor-element-7b0c429\" data-id=\"7b0c429\" data-element_type=\"column\" data-e-type=\"column\">\n\t\t\t<div class=\"elementor-widget-wrap elementor-element-populated\">\n\t\t\t\t\t\t<div class=\"elementor-element elementor-element-3c0e6e3 elementor-widget-widescreen__width-inherit elementor-widget elementor-widget-bloque-cabecera-menu-landing\" data-id=\"3c0e6e3\" data-element_type=\"widget\" data-e-type=\"widget\" data-widget_type=\"bloque-cabecera-menu-landing.default\">\n\t\t\t\t<div class=\"elementor-widget-container\">\n\t\t\t\t\t        <div class=\"header-editor\"><\/div>\n        <!-- Encabezado -->\n        <header class=\"header flotante no-sticky\">\n            <div id=\"sticky_header\" class=\"sticky-header no-sticky\"> \n                <div class=\"container\">\n                    <div class=\"row\">\n                        <div class=\"col-12 d-flex justify-content-between align-items-center\">\n                                                            <div class=\"logo\"><a href=\"https:\/\/educamos.com\/fr\/\"><img decoding=\"async\" src=\"https:\/\/educamos.com\/wp-content\/themes\/educamos\/images\/logotipo-2026.png\" class=\"img-fluid\" alt=\"Logotipo de Educamos\" \/><\/a><\/div>\n                                                                                <\/div>\n                    <\/div>\n                <\/div>\n            <\/div>\n        <\/header>\n        <!-- \/ -->\n\t\t\t\t\t\t<\/div>\n\t\t\t\t<\/div>\n\t\t\t\t<div class=\"elementor-element elementor-element-646ba99 elementor-widget-widescreen__width-inherit elementor-widget elementor-widget-bloque-cabecera-landing\" data-id=\"646ba99\" data-element_type=\"widget\" data-e-type=\"widget\" data-widget_type=\"bloque-cabecera-landing.default\">\n\t\t\t\t<div class=\"elementor-widget-container\">\n\t\t\t\t\t        <!-- Cabecera landing -->\n        <section class=\"bloque bloque-principal-foto mb-0\">\n            <div class=\"fotoportada\" data-aos=\"fade\" data-aos-duration=\"1200\">\n                                <img decoding=\"async\" src=\"https:\/\/educamos.com\/wp-content\/uploads\/2023\/04\/Diseno-sin-titulo-34.png\" class=\"image img-fluid d-block\" alt=\"pagos online\">\n                            <\/div>\n            <div class=\"container\">\n                <div class=\"row\">\n                    <div class=\"col-12\">\n                        <div class=\"datos\">\n                            <div class=\"datos-content\">\n                                <div class=\"gradient\"><\/div>\n                                <h1 class=\"titular\">\n                                    <div data-aos=\"fade-down\" data-aos-duration=\"700\">Para la gesti\u00f3n econ\u00f3mica de tu centro elige libertad en la forma de pago...<\/div>\n                                    <div data-aos=\"fade-left\" data-aos-delay=\"500\" data-aos-duration=\"700\" class=\"d-block\">y entra en el sorteo de dos iPad 11 Pro<\/div>\n                                <\/h1>\n                                                                                                <div data-aos=\"fade-up\" data-aos-delay=\"1000\" data-aos-duration=\"700\">\n                                    <a href=\"https:\/\/www.universalpay.es\/sorteo-2-ipad-11-pro\/\" title=\"M\u00e1s informaci\u00f3n\" href=\"https:\/\/www.universalpay.es\/sorteo-2-ipad-11-pro\/\" class=\"btn btn-primary\">M\u00e1s informaci\u00f3n<\/a>\n                                <\/div> \n                                                            <\/div>\n                        <\/div>\n                    <\/div>\n                <\/div>\n            <\/div>\n        <\/section>\n\t\t\t\t\t\t<\/div>\n\t\t\t\t<\/div>\n\t\t\t\t<div class=\"elementor-element elementor-element-10dd5f6 elementor-widget__width-inherit elementor-widget elementor-widget-bloque-texto\" data-id=\"10dd5f6\" data-element_type=\"widget\" data-e-type=\"widget\" data-widget_type=\"bloque-texto.default\">\n\t\t\t\t<div class=\"elementor-widget-container\">\n\t\t\t\t\t        <!-- Texto a 2 columnas-->\n        <section class=\"bloque bloque-texto mb-0\">\n            <div class=\"container\">\n                                <div class=\"subtitulos\" data-aos=\"fade-left\" data-aos-duration=\"700\"><p><span style=\"color: #ffffff\">En Educamos hemos trabajado para mejorar tu experiencia con la gesti\u00f3n econ\u00f3mica de tu centro escolar. Ahora, si lo deseas, podr\u00e1s obtener estos beneficios...<\/span><\/p><\/div>\n                                <div class=\"estrecho2\">\n                    <div class=\"row\">\n                        <div class=\"col-sm-12\">\n                            <div class=\"the_content\" data-aos=\"fade-up\" data-aos-duration=\"700\">\n                                <p><span style=\"color: #ffffff;\"><b>\u00b7 Libertad en la forma de pago<\/b><strong>.<\/strong> Sin necesidad de acudir al centro, tus familias podr\u00e1n pagar recibos, material escolar, etc., eligiendo la forma de pago que prefieran.<\/span><\/p><p><span style=\"color: #ffffff;\"><b>\u00b7 Pagos sin devoluci\u00f3n de recibos.<\/b>\u00a0Los pagos con tarjeta evitan los costes que implican para el centro educativo la devoluci\u00f3n de un recibo.<\/span><\/p><p><span style=\"color: #ffffff;\"><b>\u00b7 M\u00e1xima seguridad.<\/b>\u00a0Tratamiento de los datos de tarjeta en un entorno seguro, auditado por los principales emisores de tarjetas (Visa y Mastercard).<\/span><\/p><p><span style=\"color: #ffffff;\"><b>\u00b7 Visibilidad financiera. <\/b>Podr\u00e1s visualizar en tiempo real el estado de todos tus pagos, consultar y descargar movimientos, sacar informes y revisar los m\u00e9todos de pago de tus clientes, etc.<\/span><\/p><h2><span style=\"color: #ffffff;\"><strong>\u00a1Adem\u00e1s, si decides pasarte a UniversalPay, tu colegio entrar\u00e1 autom\u00e1ticamente en el sorteo de dos iPad!<\/strong><\/span><\/h2>                            <\/div>\n                        <\/div>\n                    <\/div>\n                <\/div>\n            <\/div>\n        <\/section>\n\t\t\t\t\t\t<\/div>\n\t\t\t\t<\/div>\n\t\t\t\t<div class=\"elementor-element elementor-element-d7644ac elementor-widget__width-inherit elementor-widget elementor-widget-portada-carrusel-logos\" data-id=\"d7644ac\" data-element_type=\"widget\" data-e-type=\"widget\" data-widget_type=\"portada-carrusel-logos.default\">\n\t\t\t\t<div class=\"elementor-widget-container\">\n\t\t\t\t\t        <!-- Bloque contenidos: Botones CTA + Enlaces -->\n        <section class=\"bloque bloque-botonera-cta-enlace  fondo\">\n            <div class=\"container\">\n                                                <div class=\"estrecho\">\n                    <div class=\"row\">\n                        <div class=\"col-12\" data-aos=\"zoom-in\" data-aos-duration=\"700\">\n                                                                                            <a href=\"https:\/\/www.universalpay.es\/sorteo-2-ipad-11-pro\/\" class=\"enlace btn-arrow\" title=\"M\u00e1s informaci\u00f3n\" href=\"https:\/\/www.universalpay.es\/sorteo-2-ipad-11-pro\/\">M\u00e1s informaci\u00f3n<\/a>\n                                                        <\/div>\n                    <\/div>\n                <\/div>\n            <\/div>\n        <\/section>\n        <!-- \/ -->\n\t\t\t\t\t\t<\/div>\n\t\t\t\t<\/div>\n\t\t\t\t<div class=\"elementor-element elementor-element-e72ffc4 elementor-widget elementor-widget-bloque-texto\" data-id=\"e72ffc4\" data-element_type=\"widget\" data-e-type=\"widget\" data-widget_type=\"bloque-texto.default\">\n\t\t\t\t<div class=\"elementor-widget-container\">\n\t\t\t\t\t        <!-- Texto a 2 columnas-->\n        <section class=\"bloque bloque-texto \">\n            <div class=\"container\">\n                                <div class=\"estrecho2\">\n                    <div class=\"row\">\n                        <div class=\"col-sm-12\">\n                            <div class=\"the_content\" data-aos=\"fade-up\" data-aos-duration=\"700\">\n                                <h1>Un nuevo compa\u00f1ero de clase<\/h1><p>La mejora de nuestro ecosistema y la integraci\u00f3n con terceros nos permite ofrecerte el mejor servicio. Te invitamos a descubrir por qu\u00e9 UniversalPay es un buen compa\u00f1ero de clase.<\/p><ul><li><strong>Tecnolog\u00eda. <\/strong>Se sit\u00faan en una fase continua de desarrollo e innovaci\u00f3n.<\/li><li><strong>Libertad bancaria. <\/strong>Podr\u00e1s aceptar pagos independientemente de cu\u00e1l sea el banco con el que trabajes.<\/li><li><strong>Soporte y atenci\u00f3n al cliente. <\/strong>Cuentas con una l\u00ednea telef\u00f3nica para resolver cualquier consulta o incidencia.<\/li><li><strong>Cumplimiento de normativas y requerimientos.<\/strong> Pagos seguros con su certificado PCI y sistema de seguridad para el control de fraude.<\/li><li><strong>Pagos online de forma inmediata.<\/strong> Podr\u00e1s comenzar a aceptar pagos desde Educamos de manera sencilla y sin complicaciones.<\/li><\/ul>                            <\/div>\n                        <\/div>\n                    <\/div>\n                <\/div>\n            <\/div>\n        <\/section>\n\t\t\t\t\t\t<\/div>\n\t\t\t\t<\/div>\n\t\t\t\t<div class=\"elementor-element elementor-element-a1ae704 elementor-widget elementor-widget-bloque-texto\" data-id=\"a1ae704\" data-element_type=\"widget\" data-e-type=\"widget\" data-widget_type=\"bloque-texto.default\">\n\t\t\t\t<div class=\"elementor-widget-container\">\n\t\t\t\t\t        <!-- Texto a 2 columnas-->\n        <section class=\"bloque bloque-texto \">\n            <div class=\"container\">\n                                <div class=\"subtitulos\" data-aos=\"fade-left\" data-aos-duration=\"700\"><p>Solicitar m\u00e1s informaci\u00f3n<\/p><\/div>\n                                <div class=\"estrecho2\">\n                    <div class=\"row\">\n                        <div class=\"col-sm-12\">\n                            <div class=\"the_content\" data-aos=\"fade-up\" data-aos-duration=\"700\">\n                                <p>Si est\u00e1s interesado en obtener m\u00e1s informaci\u00f3n, puedes ponerte en contacto con un especialista a trav\u00e9s del siguiente enlace sin ning\u00fan tipo de compromiso.<\/p>                            <\/div>\n                        <\/div>\n                    <\/div>\n                <\/div>\n            <\/div>\n        <\/section>\n\t\t\t\t\t\t<\/div>\n\t\t\t\t<\/div>\n\t\t\t\t<div class=\"elementor-element elementor-element-fe7c4f4 elementor-widget elementor-widget-portada-carrusel-logos\" data-id=\"fe7c4f4\" data-element_type=\"widget\" data-e-type=\"widget\" data-widget_type=\"portada-carrusel-logos.default\">\n\t\t\t\t<div class=\"elementor-widget-container\">\n\t\t\t\t\t        <!-- Bloque contenidos: Botones CTA + Enlaces -->\n        <section class=\"bloque bloque-botonera-cta-enlace  \">\n            <div class=\"container\">\n                                                <div class=\"estrecho\">\n                    <div class=\"row\">\n                        <div class=\"col-12\" data-aos=\"zoom-in\" data-aos-duration=\"700\">\n                                                                <a href=\"https:\/\/www.universalpay.es\/sorteo-2-ipad-11-pro\/\" class=\"btn btn-primary\" title=\"Contactar especialista\" href=\"https:\/\/www.universalpay.es\/sorteo-2-ipad-11-pro\/\">Contactar especialista<\/a>\n                                                                                    <\/div>\n                    <\/div>\n                <\/div>\n            <\/div>\n        <\/section>\n        <!-- \/ -->\n\t\t\t\t\t\t<\/div>\n\t\t\t\t<\/div>\n\t\t\t\t\t<\/div>\n\t\t<\/div>\n\t\t\t\t\t<\/div>\n\t\t<\/section>\n\t\t\t\t<\/div>\n\t\t","protected":false},"excerpt":{"rendered":"<p>Para la gesti\u00f3n econ\u00f3mica de tu centro elige libertad en la forma de pago&#8230; y entra en el sorteo de dos iPad 11 Pro M\u00e1s informaci\u00f3n En Educamos hemos trabajado para mejorar tu experiencia con la gesti\u00f3n econ\u00f3mica de tu centro escolar. Ahora, si lo deseas, podr\u00e1s obtener estos beneficios&#8230; \u00b7 Libertad en la forma [&hellip;]<\/p>\n","protected":false},"author":8,"featured_media":0,"parent":0,"menu_order":0,"comment_status":"closed","ping_status":"closed","template":"","meta":{"_acf_changed":false,"footnotes":""},"class_list":["post-21345","page","type-page","status-publish","hentry"],"acf":[],"yoast_head":"<!-- This site is optimized with the Yoast SEO plugin v27.0 - https:\/\/yoast.com\/product\/yoast-seo-wordpress\/ -->\n<title>pagos online | Educamos<\/title>\n<meta name=\"description\" content=\"Para la gesti\u00f3n econ\u00f3mica de tu centro elige libertad en la forma de pago... y entra en el sorteo de dos iPad 11 Pro M\u00e1s informaci\u00f3n En Educamos hemos\" \/>\n<meta name=\"robots\" content=\"index, follow, max-snippet:-1, max-image-preview:large, max-video-preview:-1\" \/>\n<link rel=\"canonical\" href=\"https:\/\/educamos.com\/fr\/pagos-online\/\" \/>\n<meta property=\"og:locale\" content=\"fr_FR\" \/>\n<meta property=\"og:type\" content=\"article\" \/>\n<meta property=\"og:title\" content=\"pagos online | Educamos\" \/>\n<meta property=\"og:description\" content=\"Para la gesti\u00f3n econ\u00f3mica de tu centro elige libertad en la forma de pago... y entra en el sorteo de dos iPad 11 Pro M\u00e1s informaci\u00f3n En Educamos hemos\" \/>\n<meta property=\"og:url\" content=\"https:\/\/educamos.com\/fr\/pagos-online\/\" \/>\n<meta property=\"og:site_name\" content=\"Educamos\" \/>\n<meta property=\"article:modified_time\" content=\"2025-12-09T11:51:24+00:00\" \/>\n<meta property=\"og:image\" content=\"https:\/\/educamos.com\/wp-content\/themes\/educamos\/images\/logotipo.png\" \/>\n<meta name=\"twitter:card\" content=\"summary_large_image\" \/>\n<meta name=\"twitter:label1\" content=\"Dur\u00e9e de lecture estim\u00e9e\" \/>\n\t<meta name=\"twitter:data1\" content=\"2 minutes\" \/>\n<script type=\"application\/ld+json\" class=\"yoast-schema-graph\">{\"@context\":\"https:\/\/schema.org\",\"@graph\":[{\"@type\":\"WebPage\",\"@id\":\"https:\/\/educamos.com\/fr\/pagos-online\/\",\"url\":\"https:\/\/educamos.com\/fr\/pagos-online\/\",\"name\":\"pagos online | Educamos\",\"isPartOf\":{\"@id\":\"https:\/\/educamos.com\/fr\/#website\"},\"primaryImageOfPage\":{\"@id\":\"https:\/\/educamos.com\/fr\/pagos-online\/#primaryimage\"},\"image\":{\"@id\":\"https:\/\/educamos.com\/fr\/pagos-online\/#primaryimage\"},\"thumbnailUrl\":\"https:\/\/educamos.com\/wp-content\/themes\/educamos\/images\/logotipo.png\",\"datePublished\":\"2023-04-24T09:03:43+00:00\",\"dateModified\":\"2025-12-09T11:51:24+00:00\",\"description\":\"Para la gesti\u00f3n econ\u00f3mica de tu centro elige libertad en la forma de pago... y entra en el sorteo de dos iPad 11 Pro M\u00e1s informaci\u00f3n En Educamos hemos\",\"breadcrumb\":{\"@id\":\"https:\/\/educamos.com\/fr\/pagos-online\/#breadcrumb\"},\"inLanguage\":\"fr-FR\",\"potentialAction\":[{\"@type\":\"ReadAction\",\"target\":[\"https:\/\/educamos.com\/fr\/pagos-online\/\"]}]},{\"@type\":\"ImageObject\",\"inLanguage\":\"fr-FR\",\"@id\":\"https:\/\/educamos.com\/fr\/pagos-online\/#primaryimage\",\"url\":\"https:\/\/educamos.com\/wp-content\/themes\/educamos\/images\/logotipo.png\",\"contentUrl\":\"https:\/\/educamos.com\/wp-content\/themes\/educamos\/images\/logotipo.png\"},{\"@type\":\"BreadcrumbList\",\"@id\":\"https:\/\/educamos.com\/fr\/pagos-online\/#breadcrumb\",\"itemListElement\":[{\"@type\":\"ListItem\",\"position\":1,\"name\":\"Accueil\",\"item\":\"https:\/\/educamos.com\/fr\/\"},{\"@type\":\"ListItem\",\"position\":2,\"name\":\"pagos online\"}]},{\"@type\":\"WebSite\",\"@id\":\"https:\/\/educamos.com\/fr\/#website\",\"url\":\"https:\/\/educamos.com\/fr\/\",\"name\":\"Educamos\",\"description\":\"La escuela de hoy\",\"potentialAction\":[{\"@type\":\"SearchAction\",\"target\":{\"@type\":\"EntryPoint\",\"urlTemplate\":\"https:\/\/educamos.com\/fr\/?s={search_term_string}\"},\"query-input\":{\"@type\":\"PropertyValueSpecification\",\"valueRequired\":true,\"valueName\":\"search_term_string\"}}],\"inLanguage\":\"fr-FR\"}]}<\/script>\n<!-- \/ Yoast SEO plugin. -->","yoast_head_json":{"title":"pagos online | Educamos","description":"Para la gesti\u00f3n econ\u00f3mica de tu centro elige libertad en la forma de pago... y entra en el sorteo de dos iPad 11 Pro M\u00e1s informaci\u00f3n En Educamos hemos","robots":{"index":"index","follow":"follow","max-snippet":"max-snippet:-1","max-image-preview":"max-image-preview:large","max-video-preview":"max-video-preview:-1"},"canonical":"https:\/\/educamos.com\/fr\/pagos-online\/","og_locale":"fr_FR","og_type":"article","og_title":"pagos online | Educamos","og_description":"Para la gesti\u00f3n econ\u00f3mica de tu centro elige libertad en la forma de pago... y entra en el sorteo de dos iPad 11 Pro M\u00e1s informaci\u00f3n En Educamos hemos","og_url":"https:\/\/educamos.com\/fr\/pagos-online\/","og_site_name":"Educamos","article_modified_time":"2025-12-09T11:51:24+00:00","og_image":[{"url":"https:\/\/educamos.com\/wp-content\/themes\/educamos\/images\/logotipo.png","type":"","width":"","height":""}],"twitter_card":"summary_large_image","twitter_misc":{"Dur\u00e9e de lecture estim\u00e9e":"2 minutes"},"schema":{"@context":"https:\/\/schema.org","@graph":[{"@type":"WebPage","@id":"https:\/\/educamos.com\/fr\/pagos-online\/","url":"https:\/\/educamos.com\/fr\/pagos-online\/","name":"pagos online | Educamos","isPartOf":{"@id":"https:\/\/educamos.com\/fr\/#website"},"primaryImageOfPage":{"@id":"https:\/\/educamos.com\/fr\/pagos-online\/#primaryimage"},"image":{"@id":"https:\/\/educamos.com\/fr\/pagos-online\/#primaryimage"},"thumbnailUrl":"https:\/\/educamos.com\/wp-content\/themes\/educamos\/images\/logotipo.png","datePublished":"2023-04-24T09:03:43+00:00","dateModified":"2025-12-09T11:51:24+00:00","description":"Para la gesti\u00f3n econ\u00f3mica de tu centro elige libertad en la forma de pago... y entra en el sorteo de dos iPad 11 Pro M\u00e1s informaci\u00f3n En Educamos hemos","breadcrumb":{"@id":"https:\/\/educamos.com\/fr\/pagos-online\/#breadcrumb"},"inLanguage":"fr-FR","potentialAction":[{"@type":"ReadAction","target":["https:\/\/educamos.com\/fr\/pagos-online\/"]}]},{"@type":"ImageObject","inLanguage":"fr-FR","@id":"https:\/\/educamos.com\/fr\/pagos-online\/#primaryimage","url":"https:\/\/educamos.com\/wp-content\/themes\/educamos\/images\/logotipo.png","contentUrl":"https:\/\/educamos.com\/wp-content\/themes\/educamos\/images\/logotipo.png"},{"@type":"BreadcrumbList","@id":"https:\/\/educamos.com\/fr\/pagos-online\/#breadcrumb","itemListElement":[{"@type":"ListItem","position":1,"name":"Accueil","item":"https:\/\/educamos.com\/fr\/"},{"@type":"ListItem","position":2,"name":"pagos online"}]},{"@type":"WebSite","@id":"https:\/\/educamos.com\/fr\/#website","url":"https:\/\/educamos.com\/fr\/","name":"Educamos","description":"La escuela de hoy","potentialAction":[{"@type":"SearchAction","target":{"@type":"EntryPoint","urlTemplate":"https:\/\/educamos.com\/fr\/?s={search_term_string}"},"query-input":{"@type":"PropertyValueSpecification","valueRequired":true,"valueName":"search_term_string"}}],"inLanguage":"fr-FR"}]}},"_links":{"self":[{"href":"https:\/\/educamos.com\/fr\/wp-json\/wp\/v2\/pages\/21345","targetHints":{"allow":["GET"]}}],"collection":[{"href":"https:\/\/educamos.com\/fr\/wp-json\/wp\/v2\/pages"}],"about":[{"href":"https:\/\/educamos.com\/fr\/wp-json\/wp\/v2\/types\/page"}],"author":[{"embeddable":true,"href":"https:\/\/educamos.com\/fr\/wp-json\/wp\/v2\/users\/8"}],"replies":[{"embeddable":true,"href":"https:\/\/educamos.com\/fr\/wp-json\/wp\/v2\/comments?post=21345"}],"version-history":[{"count":3,"href":"https:\/\/educamos.com\/fr\/wp-json\/wp\/v2\/pages\/21345\/revisions"}],"predecessor-version":[{"id":27931,"href":"https:\/\/educamos.com\/fr\/wp-json\/wp\/v2\/pages\/21345\/revisions\/27931"}],"wp:attachment":[{"href":"https:\/\/educamos.com\/fr\/wp-json\/wp\/v2\/media?parent=21345"}],"curies":[{"name":"wp","href":"https:\/\/api.w.org\/{rel}","templated":true}]}}