{"id":21482,"date":"2022-12-12T11:22:27","date_gmt":"2022-12-12T10:22:27","guid":{"rendered":"https:\/\/educamos.com\/tratamiento-de-datos-sm-educamos\/"},"modified":"2025-12-01T18:47:32","modified_gmt":"2025-12-01T17:47:32","slug":"traitement-des-donnees-educamos","status":"publish","type":"page","link":"https:\/\/educamos.com\/fr\/traitement-des-donnees-educamos\/","title":{"rendered":"Traitement des donn\u00e9es Educamos"},"content":{"rendered":"\t\t<div data-elementor-type=\"wp-page\" data-elementor-id=\"21482\" class=\"elementor elementor-21482 elementor-6602\" data-elementor-post-type=\"page\">\n\t\t\t\t\t\t<section class=\"elementor-section elementor-top-section elementor-element elementor-element-f9ce5c7 elementor-section-full_width elementor-section-height-default elementor-section-height-default\" data-id=\"f9ce5c7\" data-element_type=\"section\" data-e-type=\"section\">\n\t\t\t\t\t\t<div class=\"elementor-container elementor-column-gap-default\">\n\t\t\t\t\t<div class=\"elementor-column elementor-col-100 elementor-top-column elementor-element elementor-element-8a99e8b\" data-id=\"8a99e8b\" data-element_type=\"column\" data-e-type=\"column\">\n\t\t\t<div class=\"elementor-widget-wrap elementor-element-populated\">\n\t\t\t\t\t\t<div class=\"elementor-element elementor-element-5dce965 elementor-widget elementor-widget-bloque-cabecera-menu\" data-id=\"5dce965\" data-element_type=\"widget\" data-e-type=\"widget\" data-widget_type=\"bloque-cabecera-menu.default\">\n\t\t\t\t<div class=\"elementor-widget-container\">\n\t\t\t\t\t        <!-- Encabezado -->\n        <header class=\"header \">\n            <div id=\"sticky_header\" class=\"sticky-header \">\n                <div class=\"container\">\n                    <div class=\"row\">\n                        <div class=\"col-12 d-flex justify-content-between align-items-center\">\n                            <div class=\"logo\"><a href=\"https:\/\/educamos.com\/fr\/\"><img decoding=\"async\" src=\"https:\/\/educamos.com\/wp-content\/themes\/educamos\/images\/logotipo-2026.png\" class=\"img-fluid\" alt=\"Logotipo de Educamos\" \/><\/a><\/div>\n                                                            <div class=\"menu-header\">\n                                                                        <a href=\"\/fr\/demander-des-informations\/\" class=\"btn btn-primary demo\" title=\"Demander des informations\"><span class=\"d-none d-sm-block\">Demander des informations<\/span><span class=\"d-block d-sm-none\">Demo<\/span><\/a>\n                                                                        <button data-target=\"#main_menu\" data-toggle=\"collapse\" class=\"navbar-toggle openMenu\" type=\"button\">\n                                        <i class=\"far fa-bars\"><\/i> <span class=\"sr-only\">Abrir men\u00fa<\/span>\n                                        <i class=\"far fa-times\"><\/i> <span class=\"sr-only\">Cerrar men\u00fa<\/span>    \n                                    <\/button>\n                                <\/div>\n\n                                <!-- MEGAMENU -->\n                                <div class=\"megamenu\">\n                                    <div class=\"container\">\n                                    <ul id=\"menu-menu-principal-frances\" class=\"dropdown-menu\" itemscope itemtype=\"http:\/\/www.schema.org\/SiteNavigationElement\"><li  id=\"menu-item-23559\" class=\"menu-item menu-item-type-custom menu-item-object-custom menu-item-has-children dropdown menu-item-23559 nav-item\"><a href=\"#\" aria-expanded=\"false\" class=\"dropdown-toggle nav-link\" id=\"menu-item-dropdown-23559\" data-bs-toggle=\"dropdown\"><span itemprop=\"name\">Educamos<\/span><\/a>\n<ul class=\"dropdown-menu\" aria-labelledby=\"menu-item-dropdown-23559\">\n\t<li  id=\"menu-item-23561\" class=\"menu-item menu-item-type-post_type menu-item-object-page menu-item-23561 nav-item\"><a itemprop=\"url\" href=\"https:\/\/educamos.com\/fr\/qu-est-ce-que\/\" class=\"dropdown-item\"><span itemprop=\"name\">Qu\u2019est-ce que c\u2019est ?\u00a0<\/span><\/a><\/li>\n\t<li  id=\"menu-item-23560\" class=\"menu-item menu-item-type-post_type menu-item-object-page menu-item-23560 nav-item\"><a itemprop=\"url\" href=\"https:\/\/educamos.com\/fr\/pourquoi-nous\/\" class=\"dropdown-item\"><span itemprop=\"name\">Pourquoi nous ?<\/span><\/a><\/li>\n\t<li  id=\"menu-item-23563\" class=\"menu-item menu-item-type-post_type menu-item-object-page menu-item-23563 nav-item\"><a itemprop=\"url\" href=\"https:\/\/educamos.com\/fr\/educamos-makers\/\" class=\"dropdown-item\"><span itemprop=\"name\">Educamos Makers<\/span><\/a><\/li>\n\t<li  id=\"menu-item-23562\" class=\"menu-item menu-item-type-post_type menu-item-object-page menu-item-23562 nav-item\"><a itemprop=\"url\" href=\"https:\/\/educamos.com\/fr\/contact\/\" class=\"dropdown-item\"><span itemprop=\"name\">Contact<\/span><\/a><\/li>\n<\/ul>\n<\/li>\n<li  id=\"menu-item-23564\" class=\"menu-item menu-item-type-custom menu-item-object-custom menu-item-has-children dropdown menu-item-23564 nav-item\"><a href=\"#\" aria-expanded=\"false\" class=\"dropdown-toggle nav-link\" id=\"menu-item-dropdown-23564\" data-bs-toggle=\"dropdown\"><span itemprop=\"name\">Fonctionnalit\u00e9s<\/span><\/a>\n<ul class=\"dropdown-menu\" aria-labelledby=\"menu-item-dropdown-23564\">\n\t<li  id=\"menu-item-23569\" class=\"menu-item menu-item-type-post_type menu-item-object-funcionalidades menu-item-23569 nav-item\"><a itemprop=\"url\" href=\"https:\/\/educamos.com\/fr\/fonctionnalites\/analyse-de-donnees\/\" class=\"dropdown-item\"><span itemprop=\"name\">Analyse de donn\u00e9es<\/span><\/a><\/li>\n\t<li  id=\"menu-item-23570\" class=\"menu-item menu-item-type-post_type menu-item-object-funcionalidades menu-item-23570 nav-item\"><a itemprop=\"url\" href=\"https:\/\/educamos.com\/fr\/fonctionnalites\/communication-du-centre\/\" class=\"dropdown-item\"><span itemprop=\"name\">Communication du centre<\/span><\/a><\/li>\n\t<li  id=\"menu-item-23568\" class=\"menu-item menu-item-type-post_type menu-item-object-funcionalidades menu-item-23568 nav-item\"><a itemprop=\"url\" href=\"https:\/\/educamos.com\/fr\/fonctionnalites\/gestion-du-centre\/\" class=\"dropdown-item\"><span itemprop=\"name\">Gestion du centre<\/span><\/a><\/li>\n\t<li  id=\"menu-item-23567\" class=\"menu-item menu-item-type-post_type menu-item-object-funcionalidades menu-item-23567 nav-item\"><a itemprop=\"url\" href=\"https:\/\/educamos.com\/fr\/fonctionnalites\/innovation-pedagogique\/\" class=\"dropdown-item\"><span itemprop=\"name\">Innovation p\u00e9dagogique<\/span><\/a><\/li>\n<\/ul>\n<\/li>\n<li  id=\"menu-item-23552\" class=\"menu-item menu-item-type-custom menu-item-object-custom menu-item-has-children dropdown menu-item-23552 nav-item\"><a href=\"#\" aria-expanded=\"false\" class=\"dropdown-toggle nav-link\" id=\"menu-item-dropdown-23552\" data-bs-toggle=\"dropdown\"><span itemprop=\"name\">Avantages pour<\/span><\/a>\n<ul class=\"dropdown-menu\" aria-labelledby=\"menu-item-dropdown-23552\">\n\t<li  id=\"menu-item-23553\" class=\"menu-item menu-item-type-post_type menu-item-object-beneficios menu-item-23553 nav-item\"><a itemprop=\"url\" href=\"https:\/\/educamos.com\/fr\/avantages\/centres-educatifs\/\" class=\"dropdown-item\"><span itemprop=\"name\">Centres \u00e9ducatifs<\/span><\/a><\/li>\n\t<li  id=\"menu-item-23558\" class=\"menu-item menu-item-type-post_type menu-item-object-beneficios menu-item-23558 nav-item\"><a itemprop=\"url\" href=\"https:\/\/educamos.com\/fr\/avantages\/reseaux-scolaires\/\" class=\"dropdown-item\"><span itemprop=\"name\">R\u00e9seaux scolaires<\/span><\/a><\/li>\n\t<li  id=\"menu-item-23554\" class=\"menu-item menu-item-type-post_type menu-item-object-beneficios menu-item-23554 nav-item\"><a itemprop=\"url\" href=\"https:\/\/educamos.com\/fr\/avantages\/formation-professionnelle\/\" class=\"dropdown-item\"><span itemprop=\"name\">Formation professionnelle<\/span><\/a><\/li>\n\t<li  id=\"menu-item-23556\" class=\"menu-item menu-item-type-post_type menu-item-object-beneficios menu-item-23556 nav-item\"><a itemprop=\"url\" href=\"https:\/\/educamos.com\/fr\/avantages\/enseignants\/\" class=\"dropdown-item\"><span itemprop=\"name\">Enseignants<\/span><\/a><\/li>\n\t<li  id=\"menu-item-23557\" class=\"menu-item menu-item-type-post_type menu-item-object-beneficios menu-item-23557 nav-item\"><a itemprop=\"url\" href=\"https:\/\/educamos.com\/fr\/avantages\/families\/\" class=\"dropdown-item\"><span itemprop=\"name\">Familles<\/span><\/a><\/li>\n\t<li  id=\"menu-item-23555\" class=\"menu-item menu-item-type-post_type menu-item-object-beneficios menu-item-23555 nav-item\"><a itemprop=\"url\" href=\"https:\/\/educamos.com\/fr\/avantages\/etudiants\/\" class=\"dropdown-item\"><span itemprop=\"name\">\u00c9tudiants<\/span><\/a><\/li>\n<\/ul>\n<\/li>\n<li  id=\"menu-item-23565\" class=\"menu-item menu-item-type-custom menu-item-object-custom menu-item-has-children dropdown menu-item-23565 nav-item\"><a href=\"#\" aria-expanded=\"false\" class=\"dropdown-toggle nav-link\" id=\"menu-item-dropdown-23565\" data-bs-toggle=\"dropdown\"><span itemprop=\"name\">Insights<\/span><\/a>\n<ul class=\"dropdown-menu\" aria-labelledby=\"menu-item-dropdown-23565\">\n\t<li  id=\"menu-item-23571\" class=\"menu-item menu-item-type-taxonomy menu-item-object-category menu-item-23571 nav-item\"><a itemprop=\"url\" href=\"https:\/\/educamos.com\/fr\/blog-fr\/\" class=\"dropdown-item\"><span itemprop=\"name\">Blog<\/span><\/a><\/li>\n<\/ul>\n<\/li>\n<li  id=\"menu-item-23566\" class=\"menu-item menu-item-type-custom menu-item-object-custom menu-item-has-children dropdown menu-item-23566 nav-item\"><a href=\"#\" aria-expanded=\"false\" class=\"dropdown-toggle nav-link\" id=\"menu-item-dropdown-23566\" data-bs-toggle=\"dropdown\"><span itemprop=\"name\">Clients<\/span><\/a>\n<ul class=\"dropdown-menu\" aria-labelledby=\"menu-item-dropdown-23566\">\n\t<li  id=\"menu-item-23572\" class=\"link-externo menu-item menu-item-type-custom menu-item-object-custom menu-item-23572 nav-item\"><a target=\"_blank\" rel=\"noopener noreferrer\" itemprop=\"url\" href=\"https:\/\/www.educamoscerca.com\/\" class=\"dropdown-item\"><span itemprop=\"name\">Educamos Cerca<\/span><\/a><\/li>\n<\/ul>\n<\/li>\n<\/ul>                                    <\/div>\n                                <\/div>\n                                                    <\/div>\n                    <\/div>\n                <\/div>\n            <\/div>\n        <\/header>\n        <!-- \/ -->\n\t\t\t\t\t\t<\/div>\n\t\t\t\t<\/div>\n\t\t\t\t<div class=\"elementor-element elementor-element-2ca070b elementor-widget elementor-widget-bloque-texto\" data-id=\"2ca070b\" data-element_type=\"widget\" data-e-type=\"widget\" data-widget_type=\"bloque-texto.default\">\n\t\t\t\t<div class=\"elementor-widget-container\">\n\t\t\t\t\t        <!-- Texto a 2 columnas-->\n        <section class=\"bloque bloque-texto \">\n            <div class=\"container\">\n                <h1 class=\"titulos\" data-aos=\"fade-left\" data-aos-duration=\"700\">Traitement des donn\u00e9es Educamos<\/h1>                <div class=\"estrecho2\">\n                    <div class=\"row\">\n                        <div class=\"col-sm-12\">\n                            <div class=\"the_content\" data-aos=\"fade-up\" data-aos-duration=\"700\">\n                                <p>Educamos est une plateforme TGE qui permet aux \u00e9tablissements d'enseignement de centraliser, dans une solution unique, tous les processus li\u00e9s \u00e0 leur activit\u00e9, tels que la gestion administrative et financi\u00e8re, la gestion acad\u00e9mique, les communications avec les familles, etc. Par cons\u00e9quent, Educamos n'est qu'un responsable du traitement, pour le compte de ces \u00e9tablissements, des donn\u00e9es personnelles dont elles sont propri\u00e9taires, qu'il s'agisse d'\u00e9l\u00e8ves, de parents\/repr\u00e9sentants l\u00e9gaux, d'enseignants, de personnel administratif, etc. (ci-apr\u00e8s, les Utilisateurs).<\/p><p>L'acc\u00e8s aux donn\u00e9es des Utilisateurs par des tiers ext\u00e9rieurs \u00e0 Educamos ne se fera que (i) dans le cadre d'une \u00e9ventuelle contractualisation ou sous-traitance de services n\u00e9cessaires au meilleur d\u00e9veloppement de la relation de l'\u00e9tablissement avec ses utilisateurs (par exemple, h\u00e9bergement, support technique et utilisation de Educamos, communications, etc.), ou (ii) dans les cas o\u00f9 Educamos offre des solutions et fonctionnalit\u00e9s int\u00e9gr\u00e9es et indissociables fournies par d'autres fournisseurs sur une plateforme unique, \u00e9tant absolument n\u00e9cessaire pour que les Utilisateurs puisse b\u00e9n\u00e9ficier du service correspondant, la communication ou l'acc\u00e8s \u00e0 leurs donn\u00e9es par les entit\u00e9s susmentionn\u00e9es est express\u00e9ment autoris\u00e9e.<\/p><p>Ces services de tiers peuvent impliquer la transmission de donn\u00e9es \u00e0 des entit\u00e9s situ\u00e9es en dehors du territoire national, la priorit\u00e9 \u00e9tant dans tous les cas de garantir le respect des obligations d\u00e9coulant de la l\u00e9gislation en vigueur. L'identit\u00e9 des \u00e9ventuels services de tiers utilis\u00e9s par Educamos \u00e0 tout moment et leurs politiques de confidentialit\u00e9 correspondantes sont communiqu\u00e9es dans cette section du site Web, et les utilisateurs acceptent, en utilisant la plateforme, la transmission de leurs donn\u00e9es personnelles aux pays indiqu\u00e9s.<\/p><div class=\"table-responsive\"><style type=\"text\/css\">.table-responsive table th,.table-responsive table td {text-align: left !important;}<\/style><table class=\"table\"><thead><tr><th>Activit\u00e9<\/th><th>Domaine Educamos<\/th><th>Tiers<\/th><th>Lieu de traitement<\/th><th>Politique de confidentialit\u00e9<\/th><\/tr><\/thead><tbody><tr><td>H\u00e9bergement<\/td><td>Espagne<\/td><td>Microsoft<\/td><td>Irlande<\/td><td><a style=\"color: #0563c1;\" href=\"https:\/\/azure.microsoft.com\/es-es\/support\/trust-center\/\" target=\"_blank\" rel=\"noopener\">https:\/\/azure.microsoft.com\/es-es\/support\/trust-center\/<\/a><\/td><\/tr><tr><td>H\u00e9bergement<\/td><td>Am\u00e9rique latine<\/td><td>Microsoft<\/td><td>\u00c9tats-Unis<\/td><td><a style=\"color: #0563c1;\" href=\"https:\/\/azure.microsoft.com\/es-es\/support\/trust-center\/\" target=\"_blank\" rel=\"noopener\">https:\/\/azure.microsoft.com\/es-es\/support\/trust-center\/<\/a><\/td><\/tr><tr><td>Communications (Office 365)<\/td><td>Espagne et Am\u00e9rique latine<\/td><td>Microsoft<\/td><td><a style=\"color: #0563c1;\" href=\"http:\/\/www.microsoft.com\/online\/legal\/v2\/?docid=25&amp;langid=es-ES\" target=\"_blank\" rel=\"noopener\">http:\/\/www.microsoft.com\/online\/legal\/v2\/?docid=25&amp;langid=es-ES<\/a><\/td><td><a style=\"color: #0563c1;\" href=\"https:\/\/products.office.com\/es-es\/business\/office-365-trust-center-cloud-computing-security?tab=7d4bf5d5-8549-acb8-3852-a62cc997fb45\" target=\"_blank\" rel=\"noopener\">https:\/\/products.office.com\/es-es\/business\/office-365-trust-center-cloud-computing-security?tab=7d4bf5d5-8549-acb8-3852-a62cc997fb45<\/a><\/td><\/tr><tr><td>Communications (SMS)<\/td><td>Espagne<\/td><td>MSpubli<\/td><td>Espagne<\/td><td><a style=\"color: #0563c1;\" href=\"http:\/\/www.smspubli.com\/legal\/privacy-policy\" target=\"_blank\" rel=\"noopener\">http:\/\/www.smspubli.com\/legal\/privacy-policy<\/a><\/td><\/tr><tr><td>Communications (Mailing)<\/td><td>Espagne et Am\u00e9rique latine<\/td><td>Mailjet SAS<\/td><td>Union europ\u00e9enne<\/td><td><a style=\"color: #0563c1;\" href=\"https:\/\/www.mailjet.com\/privacy_policy\" target=\"_blank\" rel=\"noopener\">https:\/\/www.mailjet.com\/privacy_policy<\/a><\/td><\/tr><tr><td>Facturation \u00e9lectronique<\/td><td>Mexique<\/td><td>IQ Target Business<\/td><td>Mexique<\/td><td><a style=\"color: #0563c1;\" href=\"http:\/\/www.iqtb.com\/aviso\/\" target=\"_blank\" rel=\"noopener\">http:\/\/www.iqtb.com\/aviso\/<\/a><\/td><\/tr><tr><td>Passerelle de paiement<\/td><td>Espagne et Am\u00e9rique latine<\/td><td>Kineox Solutions<\/td><td>Espagne<\/td><td><a style=\"color: #0563c1;\" href=\"https:\/\/kineox.com\/es\/politica-de-privacidad\/\" target=\"_blank\" rel=\"noopener\">https:\/\/kineox.com\/es\/politica-de-privacidad\/<\/a><\/td><\/tr><\/tbody><\/table><\/div>                            <\/div>\n                        <\/div>\n                    <\/div>\n                <\/div>\n            <\/div>\n        <\/section>\n\t\t\t\t\t\t<\/div>\n\t\t\t\t<\/div>\n\t\t\t\t\t<\/div>\n\t\t<\/div>\n\t\t\t\t\t<\/div>\n\t\t<\/section>\n\t\t\t\t<\/div>\n\t\t","protected":false},"excerpt":{"rendered":"<p>Solicitar informaci\u00f3nM\u00e1s info Abrir men\u00fa Cerrar men\u00fa Educamos \u00bfQu\u00e9 es? \u00bfPor qu\u00e9? Educamos Makers Contacto Funcionalidades Anal\u00edtica de datos Comunicaci\u00f3n del centro Gesti\u00f3n del centro Innovaci\u00f3n pedag\u00f3gica Beneficios para Centros educativos Red de escuelas Formaci\u00f3n Profesional Docentes Familias Alumnos\/as Insights Blog Ebooks Clientes Comunidad Educamos Cerca Traitement des donn\u00e9es Educamos Educamos est une plateforme TGE [&hellip;]<\/p>\n","protected":false},"author":1,"featured_media":21316,"parent":0,"menu_order":0,"comment_status":"closed","ping_status":"closed","template":"","meta":{"_acf_changed":false,"footnotes":""},"class_list":["post-21482","page","type-page","status-publish","has-post-thumbnail","hentry"],"acf":[],"yoast_head":"<!-- This site is optimized with the Yoast SEO plugin v27.0 - https:\/\/yoast.com\/product\/yoast-seo-wordpress\/ -->\n<title>Traitement des donn\u00e9es Educamos | Educamos<\/title>\n<meta name=\"description\" content=\"Tratamiento de datos: Este sitio web es propiedad de SM, con domicilio social en calle Impresores, n\u00ba 2 (Parque Empresarial Prado del Espino), 28660 Boadilla del Monte, Madrid, Espa\u00f1a y C.I.F. n\u00ba B-86267432, inscrita en el Registro Mercantil de Madrid al Tomo 20087, Folio 160, Hoja M-523700.\" \/>\n<meta name=\"robots\" content=\"noindex, nofollow\" \/>\n<meta property=\"og:locale\" content=\"fr_FR\" \/>\n<meta property=\"og:type\" content=\"article\" \/>\n<meta property=\"og:title\" content=\"Traitement des donn\u00e9es Educamos | Educamos\" \/>\n<meta property=\"og:description\" content=\"Tratamiento de datos: Este sitio web es propiedad de SM, con domicilio social en calle Impresores, n\u00ba 2 (Parque Empresarial Prado del Espino), 28660 Boadilla del Monte, Madrid, Espa\u00f1a y C.I.F. n\u00ba B-86267432, inscrita en el Registro Mercantil de Madrid al Tomo 20087, Folio 160, Hoja M-523700.\" \/>\n<meta property=\"og:url\" content=\"https:\/\/educamos.com\/fr\/traitement-des-donnees-educamos\/\" \/>\n<meta property=\"og:site_name\" content=\"Educamos\" \/>\n<meta property=\"article:modified_time\" content=\"2025-12-01T17:47:32+00:00\" \/>\n<meta property=\"og:image\" content=\"https:\/\/educamos.com\/wp-content\/uploads\/2023\/01\/rrss_generica_01-min.png\" \/>\n\t<meta property=\"og:image:width\" content=\"1200\" \/>\n\t<meta property=\"og:image:height\" content=\"600\" \/>\n\t<meta property=\"og:image:type\" content=\"image\/png\" \/>\n<meta name=\"twitter:card\" content=\"summary_large_image\" \/>\n<meta name=\"twitter:label1\" content=\"Dur\u00e9e de lecture estim\u00e9e\" \/>\n\t<meta name=\"twitter:data1\" content=\"3 minutes\" \/>\n<script type=\"application\/ld+json\" class=\"yoast-schema-graph\">{\"@context\":\"https:\/\/schema.org\",\"@graph\":[{\"@type\":\"WebPage\",\"@id\":\"https:\/\/educamos.com\/fr\/traitement-des-donnees-educamos\/\",\"url\":\"https:\/\/educamos.com\/fr\/traitement-des-donnees-educamos\/\",\"name\":\"Traitement des donn\u00e9es Educamos | Educamos\",\"isPartOf\":{\"@id\":\"https:\/\/educamos.com\/fr\/#website\"},\"primaryImageOfPage\":{\"@id\":\"https:\/\/educamos.com\/fr\/traitement-des-donnees-educamos\/#primaryimage\"},\"image\":{\"@id\":\"https:\/\/educamos.com\/fr\/traitement-des-donnees-educamos\/#primaryimage\"},\"thumbnailUrl\":\"https:\/\/educamos.com\/wp-content\/uploads\/2023\/01\/rrss_generica_01-min.png\",\"datePublished\":\"2022-12-12T10:22:27+00:00\",\"dateModified\":\"2025-12-01T17:47:32+00:00\",\"description\":\"Tratamiento de datos: Este sitio web es propiedad de SM, con domicilio social en calle Impresores, n\u00ba 2 (Parque Empresarial Prado del Espino), 28660 Boadilla del Monte, Madrid, Espa\u00f1a y C.I.F. n\u00ba B-86267432, inscrita en el Registro Mercantil de Madrid al Tomo 20087, Folio 160, Hoja M-523700.\",\"breadcrumb\":{\"@id\":\"https:\/\/educamos.com\/fr\/traitement-des-donnees-educamos\/#breadcrumb\"},\"inLanguage\":\"fr-FR\",\"potentialAction\":[{\"@type\":\"ReadAction\",\"target\":[\"https:\/\/educamos.com\/fr\/traitement-des-donnees-educamos\/\"]}]},{\"@type\":\"ImageObject\",\"inLanguage\":\"fr-FR\",\"@id\":\"https:\/\/educamos.com\/fr\/traitement-des-donnees-educamos\/#primaryimage\",\"url\":\"https:\/\/educamos.com\/wp-content\/uploads\/2023\/01\/rrss_generica_01-min.png\",\"contentUrl\":\"https:\/\/educamos.com\/wp-content\/uploads\/2023\/01\/rrss_generica_01-min.png\",\"width\":1200,\"height\":600},{\"@type\":\"BreadcrumbList\",\"@id\":\"https:\/\/educamos.com\/fr\/traitement-des-donnees-educamos\/#breadcrumb\",\"itemListElement\":[{\"@type\":\"ListItem\",\"position\":1,\"name\":\"Accueil\",\"item\":\"https:\/\/educamos.com\/fr\/\"},{\"@type\":\"ListItem\",\"position\":2,\"name\":\"Traitement des donn\u00e9es Educamos\"}]},{\"@type\":\"WebSite\",\"@id\":\"https:\/\/educamos.com\/fr\/#website\",\"url\":\"https:\/\/educamos.com\/fr\/\",\"name\":\"Educamos\",\"description\":\"La escuela de hoy\",\"potentialAction\":[{\"@type\":\"SearchAction\",\"target\":{\"@type\":\"EntryPoint\",\"urlTemplate\":\"https:\/\/educamos.com\/fr\/?s={search_term_string}\"},\"query-input\":{\"@type\":\"PropertyValueSpecification\",\"valueRequired\":true,\"valueName\":\"search_term_string\"}}],\"inLanguage\":\"fr-FR\"}]}<\/script>\n<!-- \/ Yoast SEO plugin. -->","yoast_head_json":{"title":"Traitement des donn\u00e9es Educamos | Educamos","description":"Tratamiento de datos: Este sitio web es propiedad de SM, con domicilio social en calle Impresores, n\u00ba 2 (Parque Empresarial Prado del Espino), 28660 Boadilla del Monte, Madrid, Espa\u00f1a y C.I.F. n\u00ba B-86267432, inscrita en el Registro Mercantil de Madrid al Tomo 20087, Folio 160, Hoja M-523700.","robots":{"index":"noindex","follow":"nofollow"},"og_locale":"fr_FR","og_type":"article","og_title":"Traitement des donn\u00e9es Educamos | Educamos","og_description":"Tratamiento de datos: Este sitio web es propiedad de SM, con domicilio social en calle Impresores, n\u00ba 2 (Parque Empresarial Prado del Espino), 28660 Boadilla del Monte, Madrid, Espa\u00f1a y C.I.F. n\u00ba B-86267432, inscrita en el Registro Mercantil de Madrid al Tomo 20087, Folio 160, Hoja M-523700.","og_url":"https:\/\/educamos.com\/fr\/traitement-des-donnees-educamos\/","og_site_name":"Educamos","article_modified_time":"2025-12-01T17:47:32+00:00","og_image":[{"width":1200,"height":600,"url":"https:\/\/educamos.com\/wp-content\/uploads\/2023\/01\/rrss_generica_01-min.png","type":"image\/png"}],"twitter_card":"summary_large_image","twitter_misc":{"Dur\u00e9e de lecture estim\u00e9e":"3 minutes"},"schema":{"@context":"https:\/\/schema.org","@graph":[{"@type":"WebPage","@id":"https:\/\/educamos.com\/fr\/traitement-des-donnees-educamos\/","url":"https:\/\/educamos.com\/fr\/traitement-des-donnees-educamos\/","name":"Traitement des donn\u00e9es Educamos | Educamos","isPartOf":{"@id":"https:\/\/educamos.com\/fr\/#website"},"primaryImageOfPage":{"@id":"https:\/\/educamos.com\/fr\/traitement-des-donnees-educamos\/#primaryimage"},"image":{"@id":"https:\/\/educamos.com\/fr\/traitement-des-donnees-educamos\/#primaryimage"},"thumbnailUrl":"https:\/\/educamos.com\/wp-content\/uploads\/2023\/01\/rrss_generica_01-min.png","datePublished":"2022-12-12T10:22:27+00:00","dateModified":"2025-12-01T17:47:32+00:00","description":"Tratamiento de datos: Este sitio web es propiedad de SM, con domicilio social en calle Impresores, n\u00ba 2 (Parque Empresarial Prado del Espino), 28660 Boadilla del Monte, Madrid, Espa\u00f1a y C.I.F. n\u00ba B-86267432, inscrita en el Registro Mercantil de Madrid al Tomo 20087, Folio 160, Hoja M-523700.","breadcrumb":{"@id":"https:\/\/educamos.com\/fr\/traitement-des-donnees-educamos\/#breadcrumb"},"inLanguage":"fr-FR","potentialAction":[{"@type":"ReadAction","target":["https:\/\/educamos.com\/fr\/traitement-des-donnees-educamos\/"]}]},{"@type":"ImageObject","inLanguage":"fr-FR","@id":"https:\/\/educamos.com\/fr\/traitement-des-donnees-educamos\/#primaryimage","url":"https:\/\/educamos.com\/wp-content\/uploads\/2023\/01\/rrss_generica_01-min.png","contentUrl":"https:\/\/educamos.com\/wp-content\/uploads\/2023\/01\/rrss_generica_01-min.png","width":1200,"height":600},{"@type":"BreadcrumbList","@id":"https:\/\/educamos.com\/fr\/traitement-des-donnees-educamos\/#breadcrumb","itemListElement":[{"@type":"ListItem","position":1,"name":"Accueil","item":"https:\/\/educamos.com\/fr\/"},{"@type":"ListItem","position":2,"name":"Traitement des donn\u00e9es Educamos"}]},{"@type":"WebSite","@id":"https:\/\/educamos.com\/fr\/#website","url":"https:\/\/educamos.com\/fr\/","name":"Educamos","description":"La escuela de hoy","potentialAction":[{"@type":"SearchAction","target":{"@type":"EntryPoint","urlTemplate":"https:\/\/educamos.com\/fr\/?s={search_term_string}"},"query-input":{"@type":"PropertyValueSpecification","valueRequired":true,"valueName":"search_term_string"}}],"inLanguage":"fr-FR"}]}},"_links":{"self":[{"href":"https:\/\/educamos.com\/fr\/wp-json\/wp\/v2\/pages\/21482","targetHints":{"allow":["GET"]}}],"collection":[{"href":"https:\/\/educamos.com\/fr\/wp-json\/wp\/v2\/pages"}],"about":[{"href":"https:\/\/educamos.com\/fr\/wp-json\/wp\/v2\/types\/page"}],"author":[{"embeddable":true,"href":"https:\/\/educamos.com\/fr\/wp-json\/wp\/v2\/users\/1"}],"replies":[{"embeddable":true,"href":"https:\/\/educamos.com\/fr\/wp-json\/wp\/v2\/comments?post=21482"}],"version-history":[{"count":14,"href":"https:\/\/educamos.com\/fr\/wp-json\/wp\/v2\/pages\/21482\/revisions"}],"predecessor-version":[{"id":26768,"href":"https:\/\/educamos.com\/fr\/wp-json\/wp\/v2\/pages\/21482\/revisions\/26768"}],"wp:featuredmedia":[{"embeddable":true,"href":"https:\/\/educamos.com\/fr\/wp-json\/wp\/v2\/media\/21316"}],"wp:attachment":[{"href":"https:\/\/educamos.com\/fr\/wp-json\/wp\/v2\/media?parent=21482"}],"curies":[{"name":"wp","href":"https:\/\/api.w.org\/{rel}","templated":true}]}}