{"id":21484,"date":"2022-12-05T13:23:50","date_gmt":"2022-12-05T12:23:50","guid":{"rendered":"https:\/\/educamos.com\/politica-de-cookies\/"},"modified":"2025-01-31T10:48:14","modified_gmt":"2025-01-31T09:48:14","slug":"politique-de-cookies","status":"publish","type":"page","link":"https:\/\/educamos.com\/fr\/politique-de-cookies\/","title":{"rendered":"Politique de cookies"},"content":{"rendered":"\t\t<div data-elementor-type=\"wp-page\" data-elementor-id=\"21484\" class=\"elementor elementor-21484 elementor-5659\" data-elementor-post-type=\"page\">\n\t\t\t\t\t\t<section class=\"elementor-section elementor-top-section elementor-element elementor-element-1a6db18 elementor-section-full_width elementor-section-height-default elementor-section-height-default\" data-id=\"1a6db18\" data-element_type=\"section\" data-e-type=\"section\">\n\t\t\t\t\t\t<div class=\"elementor-container elementor-column-gap-default\">\n\t\t\t\t\t<div class=\"elementor-column elementor-col-100 elementor-top-column elementor-element elementor-element-aba13c1\" data-id=\"aba13c1\" data-element_type=\"column\" data-e-type=\"column\">\n\t\t\t<div class=\"elementor-widget-wrap elementor-element-populated\">\n\t\t\t\t\t\t<div class=\"elementor-element elementor-element-bf6394d elementor-widget elementor-widget-bloque-cabecera-menu\" data-id=\"bf6394d\" data-element_type=\"widget\" data-e-type=\"widget\" data-widget_type=\"bloque-cabecera-menu.default\">\n\t\t\t\t<div class=\"elementor-widget-container\">\n\t\t\t\t\t        <!-- Encabezado -->\n        <header class=\"header \">\n            <div id=\"sticky_header\" class=\"sticky-header \">\n                <div class=\"container\">\n                    <div class=\"row\">\n                        <div class=\"col-12 d-flex justify-content-between align-items-center\">\n                            <div class=\"logo\"><a href=\"https:\/\/educamos.com\/fr\/\"><img decoding=\"async\" src=\"https:\/\/educamos.com\/wp-content\/themes\/educamos\/images\/logotipo-2026.png\" class=\"img-fluid\" alt=\"Logotipo de Educamos\" \/><\/a><\/div>\n                                                            <div class=\"menu-header\">\n                                                                        <a href=\"\/fr\/demander-des-informations\/\" class=\"btn btn-primary demo\" title=\"Demander des informations\"><span class=\"d-none d-sm-block\">Demander des informations<\/span><span class=\"d-block d-sm-none\">Demo<\/span><\/a>\n                                                                        <button data-target=\"#main_menu\" data-toggle=\"collapse\" class=\"navbar-toggle openMenu\" type=\"button\">\n                                        <i class=\"far fa-bars\"><\/i> <span class=\"sr-only\">Abrir men\u00fa<\/span>\n                                        <i class=\"far fa-times\"><\/i> <span class=\"sr-only\">Cerrar men\u00fa<\/span>    \n                                    <\/button>\n                                <\/div>\n\n                                <!-- MEGAMENU -->\n                                <div class=\"megamenu\">\n                                    <div class=\"container\">\n                                    <ul id=\"menu-menu-principal-frances\" class=\"dropdown-menu\" itemscope itemtype=\"http:\/\/www.schema.org\/SiteNavigationElement\"><li  id=\"menu-item-23559\" class=\"menu-item menu-item-type-custom menu-item-object-custom menu-item-has-children dropdown menu-item-23559 nav-item\"><a href=\"#\" aria-expanded=\"false\" class=\"dropdown-toggle nav-link\" id=\"menu-item-dropdown-23559\" data-bs-toggle=\"dropdown\"><span itemprop=\"name\">Educamos<\/span><\/a>\n<ul class=\"dropdown-menu\" aria-labelledby=\"menu-item-dropdown-23559\">\n\t<li  id=\"menu-item-23561\" class=\"menu-item menu-item-type-post_type menu-item-object-page menu-item-23561 nav-item\"><a itemprop=\"url\" href=\"https:\/\/educamos.com\/fr\/qu-est-ce-que\/\" class=\"dropdown-item\"><span itemprop=\"name\">Qu\u2019est-ce que c\u2019est ?\u00a0<\/span><\/a><\/li>\n\t<li  id=\"menu-item-23560\" class=\"menu-item menu-item-type-post_type menu-item-object-page menu-item-23560 nav-item\"><a itemprop=\"url\" href=\"https:\/\/educamos.com\/fr\/pourquoi-nous\/\" class=\"dropdown-item\"><span itemprop=\"name\">Pourquoi nous ?<\/span><\/a><\/li>\n\t<li  id=\"menu-item-23563\" class=\"menu-item menu-item-type-post_type menu-item-object-page menu-item-23563 nav-item\"><a itemprop=\"url\" href=\"https:\/\/educamos.com\/fr\/educamos-makers\/\" class=\"dropdown-item\"><span itemprop=\"name\">Educamos Makers<\/span><\/a><\/li>\n\t<li  id=\"menu-item-23562\" class=\"menu-item menu-item-type-post_type menu-item-object-page menu-item-23562 nav-item\"><a itemprop=\"url\" href=\"https:\/\/educamos.com\/fr\/contact\/\" class=\"dropdown-item\"><span itemprop=\"name\">Contact<\/span><\/a><\/li>\n<\/ul>\n<\/li>\n<li  id=\"menu-item-23564\" class=\"menu-item menu-item-type-custom menu-item-object-custom menu-item-has-children dropdown menu-item-23564 nav-item\"><a href=\"#\" aria-expanded=\"false\" class=\"dropdown-toggle nav-link\" id=\"menu-item-dropdown-23564\" data-bs-toggle=\"dropdown\"><span itemprop=\"name\">Fonctionnalit\u00e9s<\/span><\/a>\n<ul class=\"dropdown-menu\" aria-labelledby=\"menu-item-dropdown-23564\">\n\t<li  id=\"menu-item-23569\" class=\"menu-item menu-item-type-post_type menu-item-object-funcionalidades menu-item-23569 nav-item\"><a itemprop=\"url\" href=\"https:\/\/educamos.com\/fr\/fonctionnalites\/analyse-de-donnees\/\" class=\"dropdown-item\"><span itemprop=\"name\">Analyse de donn\u00e9es<\/span><\/a><\/li>\n\t<li  id=\"menu-item-23570\" class=\"menu-item menu-item-type-post_type menu-item-object-funcionalidades menu-item-23570 nav-item\"><a itemprop=\"url\" href=\"https:\/\/educamos.com\/fr\/fonctionnalites\/communication-du-centre\/\" class=\"dropdown-item\"><span itemprop=\"name\">Communication du centre<\/span><\/a><\/li>\n\t<li  id=\"menu-item-23568\" class=\"menu-item menu-item-type-post_type menu-item-object-funcionalidades menu-item-23568 nav-item\"><a itemprop=\"url\" href=\"https:\/\/educamos.com\/fr\/fonctionnalites\/gestion-du-centre\/\" class=\"dropdown-item\"><span itemprop=\"name\">Gestion du centre<\/span><\/a><\/li>\n\t<li  id=\"menu-item-23567\" class=\"menu-item menu-item-type-post_type menu-item-object-funcionalidades menu-item-23567 nav-item\"><a itemprop=\"url\" href=\"https:\/\/educamos.com\/fr\/fonctionnalites\/innovation-pedagogique\/\" class=\"dropdown-item\"><span itemprop=\"name\">Innovation p\u00e9dagogique<\/span><\/a><\/li>\n<\/ul>\n<\/li>\n<li  id=\"menu-item-23552\" class=\"menu-item menu-item-type-custom menu-item-object-custom menu-item-has-children dropdown menu-item-23552 nav-item\"><a href=\"#\" aria-expanded=\"false\" class=\"dropdown-toggle nav-link\" id=\"menu-item-dropdown-23552\" data-bs-toggle=\"dropdown\"><span itemprop=\"name\">Avantages pour<\/span><\/a>\n<ul class=\"dropdown-menu\" aria-labelledby=\"menu-item-dropdown-23552\">\n\t<li  id=\"menu-item-23553\" class=\"menu-item menu-item-type-post_type menu-item-object-beneficios menu-item-23553 nav-item\"><a itemprop=\"url\" href=\"https:\/\/educamos.com\/fr\/avantages\/centres-educatifs\/\" class=\"dropdown-item\"><span itemprop=\"name\">Centres \u00e9ducatifs<\/span><\/a><\/li>\n\t<li  id=\"menu-item-23558\" class=\"menu-item menu-item-type-post_type menu-item-object-beneficios menu-item-23558 nav-item\"><a itemprop=\"url\" href=\"https:\/\/educamos.com\/fr\/avantages\/reseaux-scolaires\/\" class=\"dropdown-item\"><span itemprop=\"name\">R\u00e9seaux scolaires<\/span><\/a><\/li>\n\t<li  id=\"menu-item-23554\" class=\"menu-item menu-item-type-post_type menu-item-object-beneficios menu-item-23554 nav-item\"><a itemprop=\"url\" href=\"https:\/\/educamos.com\/fr\/avantages\/formation-professionnelle\/\" class=\"dropdown-item\"><span itemprop=\"name\">Formation professionnelle<\/span><\/a><\/li>\n\t<li  id=\"menu-item-23556\" class=\"menu-item menu-item-type-post_type menu-item-object-beneficios menu-item-23556 nav-item\"><a itemprop=\"url\" href=\"https:\/\/educamos.com\/fr\/avantages\/enseignants\/\" class=\"dropdown-item\"><span itemprop=\"name\">Enseignants<\/span><\/a><\/li>\n\t<li  id=\"menu-item-23557\" class=\"menu-item menu-item-type-post_type menu-item-object-beneficios menu-item-23557 nav-item\"><a itemprop=\"url\" href=\"https:\/\/educamos.com\/fr\/avantages\/families\/\" class=\"dropdown-item\"><span itemprop=\"name\">Familles<\/span><\/a><\/li>\n\t<li  id=\"menu-item-23555\" class=\"menu-item menu-item-type-post_type menu-item-object-beneficios menu-item-23555 nav-item\"><a itemprop=\"url\" href=\"https:\/\/educamos.com\/fr\/avantages\/etudiants\/\" class=\"dropdown-item\"><span itemprop=\"name\">\u00c9tudiants<\/span><\/a><\/li>\n<\/ul>\n<\/li>\n<li  id=\"menu-item-23565\" class=\"menu-item menu-item-type-custom menu-item-object-custom menu-item-has-children dropdown menu-item-23565 nav-item\"><a href=\"#\" aria-expanded=\"false\" class=\"dropdown-toggle nav-link\" id=\"menu-item-dropdown-23565\" data-bs-toggle=\"dropdown\"><span itemprop=\"name\">Insights<\/span><\/a>\n<ul class=\"dropdown-menu\" aria-labelledby=\"menu-item-dropdown-23565\">\n\t<li  id=\"menu-item-23571\" class=\"menu-item menu-item-type-taxonomy menu-item-object-category menu-item-23571 nav-item\"><a itemprop=\"url\" href=\"https:\/\/educamos.com\/fr\/blog-fr\/\" class=\"dropdown-item\"><span itemprop=\"name\">Blog<\/span><\/a><\/li>\n<\/ul>\n<\/li>\n<li  id=\"menu-item-23566\" class=\"menu-item menu-item-type-custom menu-item-object-custom menu-item-has-children dropdown menu-item-23566 nav-item\"><a href=\"#\" aria-expanded=\"false\" class=\"dropdown-toggle nav-link\" id=\"menu-item-dropdown-23566\" data-bs-toggle=\"dropdown\"><span itemprop=\"name\">Clients<\/span><\/a>\n<ul class=\"dropdown-menu\" aria-labelledby=\"menu-item-dropdown-23566\">\n\t<li  id=\"menu-item-23572\" class=\"link-externo menu-item menu-item-type-custom menu-item-object-custom menu-item-23572 nav-item\"><a target=\"_blank\" rel=\"noopener noreferrer\" itemprop=\"url\" href=\"https:\/\/www.educamoscerca.com\/\" class=\"dropdown-item\"><span itemprop=\"name\">Educamos Cerca<\/span><\/a><\/li>\n<\/ul>\n<\/li>\n<\/ul>                                    <\/div>\n                                <\/div>\n                                                    <\/div>\n                    <\/div>\n                <\/div>\n            <\/div>\n        <\/header>\n        <!-- \/ -->\n\t\t\t\t\t\t<\/div>\n\t\t\t\t<\/div>\n\t\t\t\t<div class=\"elementor-element elementor-element-396b7d3 elementor-widget elementor-widget-bloque-texto\" data-id=\"396b7d3\" data-element_type=\"widget\" data-e-type=\"widget\" data-widget_type=\"bloque-texto.default\">\n\t\t\t\t<div class=\"elementor-widget-container\">\n\t\t\t\t\t        <!-- Texto a 2 columnas-->\n        <section class=\"bloque bloque-texto \">\n            <div class=\"container\">\n                                <div class=\"estrecho2\">\n                    <div class=\"row\">\n                        <div class=\"col-sm-12\">\n                            <div class=\"the_content\" data-aos=\"fade-up\" data-aos-duration=\"700\">\n                                <h1>Politique de cookies<\/h1>\n<script id=\"admindpo\" src=\"https:\/\/admindpo.grupo-sm.com\/dpoclient_v2.min.js\"data-baseurl=\"https:\/\/admindpo.grupo-sm.com\" data-sitename=\"cookiefirst-general\" data-document-type=\"cookies-policy\" data-language=\"fr\"><\/script>\n<div id=\"cookiefirst-policy-page\"><\/div>                            <\/div>\n                        <\/div>\n                    <\/div>\n                <\/div>\n            <\/div>\n        <\/section>\n\t\t\t\t\t\t<\/div>\n\t\t\t\t<\/div>\n\t\t\t\t\t<\/div>\n\t\t<\/div>\n\t\t\t\t\t<\/div>\n\t\t<\/section>\n\t\t\t\t<\/div>\n\t\t","protected":false},"excerpt":{"rendered":"<p>Abrir men\u00fa Cerrar men\u00fa SM Educamos Qu\u2019est-ce que c\u2019est ?\u00a0 Pourquoi nous ? Educamos Makers Contact Fonctionnalit\u00e9s Analyse de donn\u00e9es Communication du centre Gestion du centre Innovation p\u00e9dagogique Avantages pour Centres \u00e9ducatifs R\u00e9seaux scolaires Formation professionnelle Enseignants Familles \u00c9tudiants Insights Blog Clients Educamos Cerca Politique de cookies<\/p>\n","protected":false},"author":1,"featured_media":21316,"parent":0,"menu_order":0,"comment_status":"closed","ping_status":"closed","template":"","meta":{"_acf_changed":false,"footnotes":""},"class_list":["post-21484","page","type-page","status-publish","has-post-thumbnail","hentry"],"acf":[],"yoast_head":"<!-- This site is optimized with the Yoast SEO plugin v27.0 - https:\/\/yoast.com\/product\/yoast-seo-wordpress\/ -->\n<title>Politique de cookies | Educamos<\/title>\n<meta name=\"description\" content=\"SM Educamos: Con el fin de facilitar su navegaci\u00f3n por la Web, utilizamos Cookies u otros archivos de funcionalidad similar, en adelante, las \u201cCookies\u201d.\" \/>\n<meta name=\"robots\" content=\"noindex, nofollow\" \/>\n<meta property=\"og:locale\" content=\"fr_FR\" \/>\n<meta property=\"og:type\" content=\"article\" \/>\n<meta property=\"og:title\" content=\"Politique de cookies | Educamos\" \/>\n<meta property=\"og:description\" content=\"SM Educamos: Con el fin de facilitar su navegaci\u00f3n por la Web, utilizamos Cookies u otros archivos de funcionalidad similar, en adelante, las \u201cCookies\u201d.\" \/>\n<meta property=\"og:url\" content=\"https:\/\/educamos.com\/fr\/politique-de-cookies\/\" \/>\n<meta property=\"og:site_name\" content=\"Educamos\" \/>\n<meta property=\"article:modified_time\" content=\"2025-01-31T09:48:14+00:00\" \/>\n<meta property=\"og:image\" content=\"https:\/\/educamos.com\/wp-content\/uploads\/2023\/01\/rrss_generica_01-min.png\" \/>\n\t<meta property=\"og:image:width\" content=\"1200\" \/>\n\t<meta property=\"og:image:height\" content=\"600\" \/>\n\t<meta property=\"og:image:type\" content=\"image\/png\" \/>\n<meta name=\"twitter:card\" content=\"summary_large_image\" \/>\n<meta name=\"twitter:label1\" content=\"Dur\u00e9e de lecture estim\u00e9e\" \/>\n\t<meta name=\"twitter:data1\" content=\"1 minute\" \/>\n<script type=\"application\/ld+json\" class=\"yoast-schema-graph\">{\"@context\":\"https:\/\/schema.org\",\"@graph\":[{\"@type\":\"WebPage\",\"@id\":\"https:\/\/educamos.com\/fr\/politique-de-cookies\/\",\"url\":\"https:\/\/educamos.com\/fr\/politique-de-cookies\/\",\"name\":\"Politique de cookies | Educamos\",\"isPartOf\":{\"@id\":\"https:\/\/educamos.com\/fr\/#website\"},\"primaryImageOfPage\":{\"@id\":\"https:\/\/educamos.com\/fr\/politique-de-cookies\/#primaryimage\"},\"image\":{\"@id\":\"https:\/\/educamos.com\/fr\/politique-de-cookies\/#primaryimage\"},\"thumbnailUrl\":\"https:\/\/educamos.com\/wp-content\/uploads\/2023\/01\/rrss_generica_01-min.png\",\"datePublished\":\"2022-12-05T12:23:50+00:00\",\"dateModified\":\"2025-01-31T09:48:14+00:00\",\"description\":\"SM Educamos: Con el fin de facilitar su navegaci\u00f3n por la Web, utilizamos Cookies u otros archivos de funcionalidad similar, en adelante, las \u201cCookies\u201d.\",\"breadcrumb\":{\"@id\":\"https:\/\/educamos.com\/fr\/politique-de-cookies\/#breadcrumb\"},\"inLanguage\":\"fr-FR\",\"potentialAction\":[{\"@type\":\"ReadAction\",\"target\":[\"https:\/\/educamos.com\/fr\/politique-de-cookies\/\"]}]},{\"@type\":\"ImageObject\",\"inLanguage\":\"fr-FR\",\"@id\":\"https:\/\/educamos.com\/fr\/politique-de-cookies\/#primaryimage\",\"url\":\"https:\/\/educamos.com\/wp-content\/uploads\/2023\/01\/rrss_generica_01-min.png\",\"contentUrl\":\"https:\/\/educamos.com\/wp-content\/uploads\/2023\/01\/rrss_generica_01-min.png\",\"width\":1200,\"height\":600},{\"@type\":\"BreadcrumbList\",\"@id\":\"https:\/\/educamos.com\/fr\/politique-de-cookies\/#breadcrumb\",\"itemListElement\":[{\"@type\":\"ListItem\",\"position\":1,\"name\":\"Accueil\",\"item\":\"https:\/\/educamos.com\/fr\/\"},{\"@type\":\"ListItem\",\"position\":2,\"name\":\"Politique de cookies\"}]},{\"@type\":\"WebSite\",\"@id\":\"https:\/\/educamos.com\/fr\/#website\",\"url\":\"https:\/\/educamos.com\/fr\/\",\"name\":\"Educamos\",\"description\":\"La escuela de hoy\",\"potentialAction\":[{\"@type\":\"SearchAction\",\"target\":{\"@type\":\"EntryPoint\",\"urlTemplate\":\"https:\/\/educamos.com\/fr\/?s={search_term_string}\"},\"query-input\":{\"@type\":\"PropertyValueSpecification\",\"valueRequired\":true,\"valueName\":\"search_term_string\"}}],\"inLanguage\":\"fr-FR\"}]}<\/script>\n<!-- \/ Yoast SEO plugin. -->","yoast_head_json":{"title":"Politique de cookies | Educamos","description":"SM Educamos: Con el fin de facilitar su navegaci\u00f3n por la Web, utilizamos Cookies u otros archivos de funcionalidad similar, en adelante, las \u201cCookies\u201d.","robots":{"index":"noindex","follow":"nofollow"},"og_locale":"fr_FR","og_type":"article","og_title":"Politique de cookies | Educamos","og_description":"SM Educamos: Con el fin de facilitar su navegaci\u00f3n por la Web, utilizamos Cookies u otros archivos de funcionalidad similar, en adelante, las \u201cCookies\u201d.","og_url":"https:\/\/educamos.com\/fr\/politique-de-cookies\/","og_site_name":"Educamos","article_modified_time":"2025-01-31T09:48:14+00:00","og_image":[{"width":1200,"height":600,"url":"https:\/\/educamos.com\/wp-content\/uploads\/2023\/01\/rrss_generica_01-min.png","type":"image\/png"}],"twitter_card":"summary_large_image","twitter_misc":{"Dur\u00e9e de lecture estim\u00e9e":"1 minute"},"schema":{"@context":"https:\/\/schema.org","@graph":[{"@type":"WebPage","@id":"https:\/\/educamos.com\/fr\/politique-de-cookies\/","url":"https:\/\/educamos.com\/fr\/politique-de-cookies\/","name":"Politique de cookies | Educamos","isPartOf":{"@id":"https:\/\/educamos.com\/fr\/#website"},"primaryImageOfPage":{"@id":"https:\/\/educamos.com\/fr\/politique-de-cookies\/#primaryimage"},"image":{"@id":"https:\/\/educamos.com\/fr\/politique-de-cookies\/#primaryimage"},"thumbnailUrl":"https:\/\/educamos.com\/wp-content\/uploads\/2023\/01\/rrss_generica_01-min.png","datePublished":"2022-12-05T12:23:50+00:00","dateModified":"2025-01-31T09:48:14+00:00","description":"SM Educamos: Con el fin de facilitar su navegaci\u00f3n por la Web, utilizamos Cookies u otros archivos de funcionalidad similar, en adelante, las \u201cCookies\u201d.","breadcrumb":{"@id":"https:\/\/educamos.com\/fr\/politique-de-cookies\/#breadcrumb"},"inLanguage":"fr-FR","potentialAction":[{"@type":"ReadAction","target":["https:\/\/educamos.com\/fr\/politique-de-cookies\/"]}]},{"@type":"ImageObject","inLanguage":"fr-FR","@id":"https:\/\/educamos.com\/fr\/politique-de-cookies\/#primaryimage","url":"https:\/\/educamos.com\/wp-content\/uploads\/2023\/01\/rrss_generica_01-min.png","contentUrl":"https:\/\/educamos.com\/wp-content\/uploads\/2023\/01\/rrss_generica_01-min.png","width":1200,"height":600},{"@type":"BreadcrumbList","@id":"https:\/\/educamos.com\/fr\/politique-de-cookies\/#breadcrumb","itemListElement":[{"@type":"ListItem","position":1,"name":"Accueil","item":"https:\/\/educamos.com\/fr\/"},{"@type":"ListItem","position":2,"name":"Politique de cookies"}]},{"@type":"WebSite","@id":"https:\/\/educamos.com\/fr\/#website","url":"https:\/\/educamos.com\/fr\/","name":"Educamos","description":"La escuela de hoy","potentialAction":[{"@type":"SearchAction","target":{"@type":"EntryPoint","urlTemplate":"https:\/\/educamos.com\/fr\/?s={search_term_string}"},"query-input":{"@type":"PropertyValueSpecification","valueRequired":true,"valueName":"search_term_string"}}],"inLanguage":"fr-FR"}]}},"_links":{"self":[{"href":"https:\/\/educamos.com\/fr\/wp-json\/wp\/v2\/pages\/21484","targetHints":{"allow":["GET"]}}],"collection":[{"href":"https:\/\/educamos.com\/fr\/wp-json\/wp\/v2\/pages"}],"about":[{"href":"https:\/\/educamos.com\/fr\/wp-json\/wp\/v2\/types\/page"}],"author":[{"embeddable":true,"href":"https:\/\/educamos.com\/fr\/wp-json\/wp\/v2\/users\/1"}],"replies":[{"embeddable":true,"href":"https:\/\/educamos.com\/fr\/wp-json\/wp\/v2\/comments?post=21484"}],"version-history":[{"count":5,"href":"https:\/\/educamos.com\/fr\/wp-json\/wp\/v2\/pages\/21484\/revisions"}],"predecessor-version":[{"id":24161,"href":"https:\/\/educamos.com\/fr\/wp-json\/wp\/v2\/pages\/21484\/revisions\/24161"}],"wp:featuredmedia":[{"embeddable":true,"href":"https:\/\/educamos.com\/fr\/wp-json\/wp\/v2\/media\/21316"}],"wp:attachment":[{"href":"https:\/\/educamos.com\/fr\/wp-json\/wp\/v2\/media?parent=21484"}],"curies":[{"name":"wp","href":"https:\/\/api.w.org\/{rel}","templated":true}]}}