{"id":19043,"date":"2022-12-16T10:53:18","date_gmt":"2022-12-16T09:53:18","guid":{"rendered":"https:\/\/educamos.com\/solicitud-enviada\/"},"modified":"2025-02-03T17:25:46","modified_gmt":"2025-02-03T16:25:46","slug":"request-sent","status":"publish","type":"page","link":"https:\/\/educamos.com\/glb-en\/request-sent\/","title":{"rendered":"Request sent"},"content":{"rendered":"\t\t<div data-elementor-type=\"wp-page\" data-elementor-id=\"19043\" class=\"elementor elementor-19043 elementor-6985\" data-elementor-post-type=\"page\">\n\t\t\t\t\t\t<section class=\"elementor-section elementor-top-section elementor-element elementor-element-c7bc12b elementor-section-full_width elementor-section-height-default elementor-section-height-default\" data-id=\"c7bc12b\" data-element_type=\"section\" data-e-type=\"section\">\n\t\t\t\t\t\t<div class=\"elementor-container elementor-column-gap-default\">\n\t\t\t\t\t<div class=\"elementor-column elementor-col-100 elementor-top-column elementor-element elementor-element-9c30763\" data-id=\"9c30763\" data-element_type=\"column\" data-e-type=\"column\">\n\t\t\t<div class=\"elementor-widget-wrap elementor-element-populated\">\n\t\t\t\t\t\t<div class=\"elementor-element elementor-element-f8c81f6 elementor-widget elementor-widget-bloque-cabecera-menu\" data-id=\"f8c81f6\" data-element_type=\"widget\" data-e-type=\"widget\" data-widget_type=\"bloque-cabecera-menu.default\">\n\t\t\t\t<div class=\"elementor-widget-container\">\n\t\t\t\t\t        <!-- Encabezado -->\n        <header class=\"header \">\n            <div id=\"sticky_header\" class=\"sticky-header \">\n                <div class=\"container\">\n                    <div class=\"row\">\n                        <div class=\"col-12 d-flex justify-content-between align-items-center\">\n                            <div class=\"logo\"><a href=\"https:\/\/educamos.com\/glb-en\/\"><img decoding=\"async\" src=\"https:\/\/educamos.com\/wp-content\/themes\/educamos\/images\/logotipo-2026.png\" class=\"img-fluid\" alt=\"Logotipo de Educamos\" \/><\/a><\/div>\n                                                            <div class=\"menu-header\">\n                                                                        <a href=\"\/glb-en\/request-a-demo\" class=\"btn btn-primary demo\" title=\"Request information\"><span class=\"d-none d-sm-block\">Request information<\/span><span class=\"d-block d-sm-none\">Demo<\/span><\/a>\n                                                                        <button data-target=\"#main_menu\" data-toggle=\"collapse\" class=\"navbar-toggle openMenu\" type=\"button\">\n                                        <i class=\"far fa-bars\"><\/i> <span class=\"sr-only\">Abrir men\u00fa<\/span>\n                                        <i class=\"far fa-times\"><\/i> <span class=\"sr-only\">Cerrar men\u00fa<\/span>    \n                                    <\/button>\n                                <\/div>\n\n                                <!-- MEGAMENU -->\n                                <div class=\"megamenu\">\n                                    <div class=\"container\">\n                                    <ul id=\"menu-principal\" class=\"dropdown-menu\" itemscope itemtype=\"http:\/\/www.schema.org\/SiteNavigationElement\"><li  id=\"menu-item-19684\" class=\"menu-item menu-item-type-custom menu-item-object-custom menu-item-has-children dropdown menu-item-19684 nav-item\"><a href=\"#\" aria-expanded=\"false\" class=\"dropdown-toggle nav-link\" id=\"menu-item-dropdown-19684\" data-bs-toggle=\"dropdown\"><span itemprop=\"name\">Educamos<\/span><\/a>\n<ul class=\"dropdown-menu\" aria-labelledby=\"menu-item-dropdown-19684\">\n\t<li  id=\"menu-item-19702\" class=\"menu-item menu-item-type-post_type menu-item-object-page menu-item-19702 nav-item\"><a itemprop=\"url\" href=\"https:\/\/educamos.com\/glb-en\/what-is-it\/\" class=\"dropdown-item\"><span itemprop=\"name\">What Is It?<\/span><\/a><\/li>\n\t<li  id=\"menu-item-19701\" class=\"menu-item menu-item-type-post_type menu-item-object-page menu-item-19701 nav-item\"><a itemprop=\"url\" href=\"https:\/\/educamos.com\/glb-en\/why-choose-educamos\/\" class=\"dropdown-item\"><span itemprop=\"name\">Why Choose Educamos?<\/span><\/a><\/li>\n\t<li  id=\"menu-item-22933\" class=\"menu-item menu-item-type-post_type menu-item-object-page menu-item-22933 nav-item\"><a itemprop=\"url\" href=\"https:\/\/educamos.com\/glb-en\/contact\/\" class=\"dropdown-item\"><span itemprop=\"name\">Contact<\/span><\/a><\/li>\n<\/ul>\n<\/li>\n<li  id=\"menu-item-19689\" class=\"menu-item menu-item-type-custom menu-item-object-custom menu-item-has-children dropdown menu-item-19689 nav-item\"><a href=\"#\" aria-expanded=\"false\" class=\"dropdown-toggle nav-link\" id=\"menu-item-dropdown-19689\" data-bs-toggle=\"dropdown\"><span itemprop=\"name\">Features<\/span><\/a>\n<ul class=\"dropdown-menu\" aria-labelledby=\"menu-item-dropdown-19689\">\n\t<li  id=\"menu-item-19699\" class=\"menu-item menu-item-type-post_type menu-item-object-funcionalidades menu-item-19699 nav-item\"><a itemprop=\"url\" href=\"https:\/\/educamos.com\/glb-en\/features\/data-analytics\/\" class=\"dropdown-item\"><span itemprop=\"name\">Data Analytics<\/span><\/a><\/li>\n\t<li  id=\"menu-item-19700\" class=\"menu-item menu-item-type-post_type menu-item-object-funcionalidades menu-item-19700 nav-item\"><a itemprop=\"url\" href=\"https:\/\/educamos.com\/glb-en\/features\/center-communication\/\" class=\"dropdown-item\"><span itemprop=\"name\">Center Communication<\/span><\/a><\/li>\n\t<li  id=\"menu-item-19698\" class=\"menu-item menu-item-type-post_type menu-item-object-funcionalidades menu-item-19698 nav-item\"><a itemprop=\"url\" href=\"https:\/\/educamos.com\/glb-en\/features\/center-management\/\" class=\"dropdown-item\"><span itemprop=\"name\">Center Management<\/span><\/a><\/li>\n\t<li  id=\"menu-item-19697\" class=\"menu-item menu-item-type-post_type menu-item-object-funcionalidades menu-item-19697 nav-item\"><a itemprop=\"url\" href=\"https:\/\/educamos.com\/glb-en\/features\/pedagogical-innovation\/\" class=\"dropdown-item\"><span itemprop=\"name\">Pedagogical Innovation<\/span><\/a><\/li>\n<\/ul>\n<\/li>\n<li  id=\"menu-item-19688\" class=\"menu-item menu-item-type-custom menu-item-object-custom menu-item-has-children dropdown menu-item-19688 nav-item\"><a href=\"#\" aria-expanded=\"false\" class=\"dropdown-toggle nav-link\" id=\"menu-item-dropdown-19688\" data-bs-toggle=\"dropdown\"><span itemprop=\"name\">Benefits for<\/span><\/a>\n<ul class=\"dropdown-menu\" aria-labelledby=\"menu-item-dropdown-19688\">\n\t<li  id=\"menu-item-19695\" class=\"menu-item menu-item-type-post_type menu-item-object-beneficios menu-item-19695 nav-item\"><a itemprop=\"url\" href=\"https:\/\/educamos.com\/glb-en\/benefits\/educational-centers\/\" class=\"dropdown-item\"><span itemprop=\"name\">Educational Centers<\/span><\/a><\/li>\n\t<li  id=\"menu-item-19696\" class=\"menu-item menu-item-type-post_type menu-item-object-beneficios menu-item-19696 nav-item\"><a itemprop=\"url\" href=\"https:\/\/educamos.com\/glb-en\/benefits\/school-networks\/\" class=\"dropdown-item\"><span itemprop=\"name\">School Networks<\/span><\/a><\/li>\n\t<li  id=\"menu-item-19693\" class=\"menu-item menu-item-type-post_type menu-item-object-beneficios menu-item-19693 nav-item\"><a itemprop=\"url\" href=\"https:\/\/educamos.com\/glb-en\/benefits\/teachers\/\" class=\"dropdown-item\"><span itemprop=\"name\">Teachers<\/span><\/a><\/li>\n\t<li  id=\"menu-item-19694\" class=\"menu-item menu-item-type-post_type menu-item-object-beneficios menu-item-19694 nav-item\"><a itemprop=\"url\" href=\"https:\/\/educamos.com\/glb-en\/benefits\/families\/\" class=\"dropdown-item\"><span itemprop=\"name\">Families<\/span><\/a><\/li>\n\t<li  id=\"menu-item-19692\" class=\"menu-item menu-item-type-post_type menu-item-object-beneficios menu-item-19692 nav-item\"><a itemprop=\"url\" href=\"https:\/\/educamos.com\/glb-en\/benefits\/students\/\" class=\"dropdown-item\"><span itemprop=\"name\">Students<\/span><\/a><\/li>\n<\/ul>\n<\/li>\n<li  id=\"menu-item-19687\" class=\"menu-item menu-item-type-custom menu-item-object-custom menu-item-has-children dropdown menu-item-19687 nav-item\"><a href=\"#\" aria-expanded=\"false\" class=\"dropdown-toggle nav-link\" id=\"menu-item-dropdown-19687\" data-bs-toggle=\"dropdown\"><span itemprop=\"name\">Insights<\/span><\/a>\n<ul class=\"dropdown-menu\" aria-labelledby=\"menu-item-dropdown-19687\">\n\t<li  id=\"menu-item-19690\" class=\"menu-item menu-item-type-taxonomy menu-item-object-category menu-item-19690 nav-item\"><a itemprop=\"url\" href=\"https:\/\/educamos.com\/glb-en\/blog-english\/\" class=\"dropdown-item\"><span itemprop=\"name\">Blog<\/span><\/a><\/li>\n<\/ul>\n<\/li>\n<li  id=\"menu-item-19685\" class=\"menu-item menu-item-type-custom menu-item-object-custom menu-item-has-children dropdown menu-item-19685 nav-item\"><a href=\"#\" aria-expanded=\"false\" class=\"dropdown-toggle nav-link\" id=\"menu-item-dropdown-19685\" data-bs-toggle=\"dropdown\"><span itemprop=\"name\">Clients<\/span><\/a>\n<ul class=\"dropdown-menu\" aria-labelledby=\"menu-item-dropdown-19685\">\n\t<li  id=\"menu-item-19686\" class=\"link-externo menu-item menu-item-type-custom menu-item-object-custom menu-item-19686 nav-item\"><a target=\"_blank\" rel=\"noopener noreferrer\" itemprop=\"url\" href=\"https:\/\/www.educamoscerca.com\/\" class=\"dropdown-item\"><span itemprop=\"name\">Educamos Makers Community<\/span><\/a><\/li>\n<\/ul>\n<\/li>\n<\/ul>                                    <\/div>\n                                <\/div>\n                                                    <\/div>\n                    <\/div>\n                <\/div>\n            <\/div>\n        <\/header>\n        <!-- \/ -->\n\t\t\t\t\t\t<\/div>\n\t\t\t\t<\/div>\n\t\t\t\t<div class=\"elementor-element elementor-element-1a23379 elementor-widget elementor-widget-bloque-cabecera-imagen\" data-id=\"1a23379\" data-element_type=\"widget\" data-e-type=\"widget\" data-widget_type=\"bloque-cabecera-imagen.default\">\n\t\t\t\t<div class=\"elementor-widget-container\">\n\t\t\t\t\t        <!-- Cabecera con imagen -->\n        <section class=\"bloque bloque-encabezado-pagina azul mb-0\">\n            <div class=\"container\">\n                <div class=\"row\">\n                    <div class=\"col-12 d-flex justify-content-between align-items-center\">\n                        <div class=\"datos\">\n                                                            <div data-aos=\"fade-left\" data-aos-duration=\"700\"><ol class=\"breadcrumb\"><li><a href=\"https:\/\/educamos.com\/glb-en\/\">Home<\/a><\/li><\/ol><\/div>                                                        <h1 class=\"titulos\" data-aos=\"fade-left\" data-aos-duration=\"700\">Request sent<\/h1>                            <div class=\"subtitulos\" data-aos=\"fade-left\" data-aos-duration=\"700\"><p>Your information request has been sent successfully. A member of our team will contact you soon.<\/p><\/div>\n                                                                                    <div data-aos=\"zoom-in\" data-aos-delay=\"500\" data-aos-duration=\"700\">\n                                <a href=\"https:\/\/educamos.com\/glb-en\/\" title=\"Back to home page\" href=\"https:\/\/educamos.com\/glb-en\/\" class=\"btn btn-primary\">Back to home page<\/a>\n                            <\/div> \n                                                    <\/div>\n                        <div class=\"imagen transparente\"><img decoding=\"async\" src=\"https:\/\/educamos.com\/wp-content\/uploads\/2022\/11\/portada-datos.png\" class=\"img-fluid\" data-aos=\"fade-left\" data-aos-delay=\"600\" data-aos-duration=\"800\" alt=\"Request sent\"><div class=\"gradient\"><\/div><\/div>\n                    <\/div>\n                <\/div>\n            <\/div>\n        <\/section>\n\t\t\t\t\t\t<\/div>\n\t\t\t\t<\/div>\n\t\t\t\t\t<\/div>\n\t\t<\/div>\n\t\t\t\t\t<\/div>\n\t\t<\/section>\n\t\t\t\t<\/div>\n\t\t","protected":false},"excerpt":{"rendered":"<p>Solicitar informaci\u00f3nDemo Abrir men\u00fa Cerrar men\u00fa SM Educamos What Is It? Why Choose SM Educamos? Educamos Makers Contact Features Data Analytics Center Communication Center Management Pedagogical Innovation Benefits for Educational centers School Networks Vocational Training Teachers Families Students Insights Blog Clients Educamos Cerca Community Inicio Request sent Your information request has been sent successfully. A [&hellip;]<\/p>\n","protected":false},"author":2,"featured_media":18961,"parent":0,"menu_order":0,"comment_status":"closed","ping_status":"closed","template":"","meta":{"_acf_changed":false,"footnotes":""},"class_list":["post-19043","page","type-page","status-publish","has-post-thumbnail","hentry"],"acf":[],"yoast_head":"<!-- This site is optimized with the Yoast SEO plugin v27.0 - https:\/\/yoast.com\/product\/yoast-seo-wordpress\/ -->\n<title>Request sent | Educamos<\/title>\n<meta name=\"description\" content=\"Your Demo request has been sent successfully. A member of our team will be in touch with you soon.\" \/>\n<meta name=\"robots\" content=\"index, follow, max-snippet:-1, max-image-preview:large, max-video-preview:-1\" \/>\n<link rel=\"canonical\" href=\"https:\/\/educamos.com\/glb-en\/request-sent\/\" \/>\n<meta property=\"og:locale\" content=\"en_US\" \/>\n<meta property=\"og:type\" content=\"article\" \/>\n<meta property=\"og:title\" content=\"Request sent | Educamos\" \/>\n<meta property=\"og:description\" content=\"Your Demo request has been sent successfully. A member of our team will be in touch with you soon.\" \/>\n<meta property=\"og:url\" content=\"https:\/\/educamos.com\/glb-en\/request-sent\/\" \/>\n<meta property=\"og:site_name\" content=\"Educamos\" \/>\n<meta property=\"article:modified_time\" content=\"2025-02-03T16:25:46+00:00\" \/>\n<meta property=\"og:image\" content=\"https:\/\/educamos.com\/wp-content\/uploads\/2023\/01\/rrss_generica_01-min.png\" \/>\n\t<meta property=\"og:image:width\" content=\"1200\" \/>\n\t<meta property=\"og:image:height\" content=\"600\" \/>\n\t<meta property=\"og:image:type\" content=\"image\/png\" \/>\n<meta name=\"twitter:card\" content=\"summary_large_image\" \/>\n<meta name=\"twitter:label1\" content=\"Est. reading time\" \/>\n\t<meta name=\"twitter:data1\" content=\"1 minute\" \/>\n<script type=\"application\/ld+json\" class=\"yoast-schema-graph\">{\"@context\":\"https:\/\/schema.org\",\"@graph\":[{\"@type\":\"WebPage\",\"@id\":\"https:\/\/educamos.com\/glb-en\/request-sent\/\",\"url\":\"https:\/\/educamos.com\/glb-en\/request-sent\/\",\"name\":\"Request sent | Educamos\",\"isPartOf\":{\"@id\":\"https:\/\/educamos.com\/glb-en\/#website\"},\"primaryImageOfPage\":{\"@id\":\"https:\/\/educamos.com\/glb-en\/request-sent\/#primaryimage\"},\"image\":{\"@id\":\"https:\/\/educamos.com\/glb-en\/request-sent\/#primaryimage\"},\"thumbnailUrl\":\"https:\/\/educamos.com\/wp-content\/uploads\/2023\/01\/rrss_generica_01-min.png\",\"datePublished\":\"2022-12-16T09:53:18+00:00\",\"dateModified\":\"2025-02-03T16:25:46+00:00\",\"description\":\"Your Demo request has been sent successfully. A member of our team will be in touch with you soon.\",\"breadcrumb\":{\"@id\":\"https:\/\/educamos.com\/glb-en\/request-sent\/#breadcrumb\"},\"inLanguage\":\"en\",\"potentialAction\":[{\"@type\":\"ReadAction\",\"target\":[\"https:\/\/educamos.com\/glb-en\/request-sent\/\"]}]},{\"@type\":\"ImageObject\",\"inLanguage\":\"en\",\"@id\":\"https:\/\/educamos.com\/glb-en\/request-sent\/#primaryimage\",\"url\":\"https:\/\/educamos.com\/wp-content\/uploads\/2023\/01\/rrss_generica_01-min.png\",\"contentUrl\":\"https:\/\/educamos.com\/wp-content\/uploads\/2023\/01\/rrss_generica_01-min.png\",\"width\":1200,\"height\":600},{\"@type\":\"BreadcrumbList\",\"@id\":\"https:\/\/educamos.com\/glb-en\/request-sent\/#breadcrumb\",\"itemListElement\":[{\"@type\":\"ListItem\",\"position\":1,\"name\":\"Home\",\"item\":\"https:\/\/educamos.com\/glb-en\/\"},{\"@type\":\"ListItem\",\"position\":2,\"name\":\"Request sent\"}]},{\"@type\":\"WebSite\",\"@id\":\"https:\/\/educamos.com\/glb-en\/#website\",\"url\":\"https:\/\/educamos.com\/glb-en\/\",\"name\":\"Educamos\",\"description\":\"La escuela de hoy\",\"potentialAction\":[{\"@type\":\"SearchAction\",\"target\":{\"@type\":\"EntryPoint\",\"urlTemplate\":\"https:\/\/educamos.com\/glb-en\/?s={search_term_string}\"},\"query-input\":{\"@type\":\"PropertyValueSpecification\",\"valueRequired\":true,\"valueName\":\"search_term_string\"}}],\"inLanguage\":\"en\"}]}<\/script>\n<!-- \/ Yoast SEO plugin. -->","yoast_head_json":{"title":"Request sent | Educamos","description":"Your Demo request has been sent successfully. A member of our team will be in touch with you soon.","robots":{"index":"index","follow":"follow","max-snippet":"max-snippet:-1","max-image-preview":"max-image-preview:large","max-video-preview":"max-video-preview:-1"},"canonical":"https:\/\/educamos.com\/glb-en\/request-sent\/","og_locale":"en_US","og_type":"article","og_title":"Request sent | Educamos","og_description":"Your Demo request has been sent successfully. A member of our team will be in touch with you soon.","og_url":"https:\/\/educamos.com\/glb-en\/request-sent\/","og_site_name":"Educamos","article_modified_time":"2025-02-03T16:25:46+00:00","og_image":[{"width":1200,"height":600,"url":"https:\/\/educamos.com\/wp-content\/uploads\/2023\/01\/rrss_generica_01-min.png","type":"image\/png"}],"twitter_card":"summary_large_image","twitter_misc":{"Est. reading time":"1 minute"},"schema":{"@context":"https:\/\/schema.org","@graph":[{"@type":"WebPage","@id":"https:\/\/educamos.com\/glb-en\/request-sent\/","url":"https:\/\/educamos.com\/glb-en\/request-sent\/","name":"Request sent | Educamos","isPartOf":{"@id":"https:\/\/educamos.com\/glb-en\/#website"},"primaryImageOfPage":{"@id":"https:\/\/educamos.com\/glb-en\/request-sent\/#primaryimage"},"image":{"@id":"https:\/\/educamos.com\/glb-en\/request-sent\/#primaryimage"},"thumbnailUrl":"https:\/\/educamos.com\/wp-content\/uploads\/2023\/01\/rrss_generica_01-min.png","datePublished":"2022-12-16T09:53:18+00:00","dateModified":"2025-02-03T16:25:46+00:00","description":"Your Demo request has been sent successfully. A member of our team will be in touch with you soon.","breadcrumb":{"@id":"https:\/\/educamos.com\/glb-en\/request-sent\/#breadcrumb"},"inLanguage":"en","potentialAction":[{"@type":"ReadAction","target":["https:\/\/educamos.com\/glb-en\/request-sent\/"]}]},{"@type":"ImageObject","inLanguage":"en","@id":"https:\/\/educamos.com\/glb-en\/request-sent\/#primaryimage","url":"https:\/\/educamos.com\/wp-content\/uploads\/2023\/01\/rrss_generica_01-min.png","contentUrl":"https:\/\/educamos.com\/wp-content\/uploads\/2023\/01\/rrss_generica_01-min.png","width":1200,"height":600},{"@type":"BreadcrumbList","@id":"https:\/\/educamos.com\/glb-en\/request-sent\/#breadcrumb","itemListElement":[{"@type":"ListItem","position":1,"name":"Home","item":"https:\/\/educamos.com\/glb-en\/"},{"@type":"ListItem","position":2,"name":"Request sent"}]},{"@type":"WebSite","@id":"https:\/\/educamos.com\/glb-en\/#website","url":"https:\/\/educamos.com\/glb-en\/","name":"Educamos","description":"La escuela de hoy","potentialAction":[{"@type":"SearchAction","target":{"@type":"EntryPoint","urlTemplate":"https:\/\/educamos.com\/glb-en\/?s={search_term_string}"},"query-input":{"@type":"PropertyValueSpecification","valueRequired":true,"valueName":"search_term_string"}}],"inLanguage":"en"}]}},"_links":{"self":[{"href":"https:\/\/educamos.com\/glb-en\/wp-json\/wp\/v2\/pages\/19043","targetHints":{"allow":["GET"]}}],"collection":[{"href":"https:\/\/educamos.com\/glb-en\/wp-json\/wp\/v2\/pages"}],"about":[{"href":"https:\/\/educamos.com\/glb-en\/wp-json\/wp\/v2\/types\/page"}],"author":[{"embeddable":true,"href":"https:\/\/educamos.com\/glb-en\/wp-json\/wp\/v2\/users\/2"}],"replies":[{"embeddable":true,"href":"https:\/\/educamos.com\/glb-en\/wp-json\/wp\/v2\/comments?post=19043"}],"version-history":[{"count":6,"href":"https:\/\/educamos.com\/glb-en\/wp-json\/wp\/v2\/pages\/19043\/revisions"}],"predecessor-version":[{"id":24237,"href":"https:\/\/educamos.com\/glb-en\/wp-json\/wp\/v2\/pages\/19043\/revisions\/24237"}],"wp:featuredmedia":[{"embeddable":true,"href":"https:\/\/educamos.com\/glb-en\/wp-json\/wp\/v2\/media\/18961"}],"wp:attachment":[{"href":"https:\/\/educamos.com\/glb-en\/wp-json\/wp\/v2\/media?parent=19043"}],"curies":[{"name":"wp","href":"https:\/\/api.w.org\/{rel}","templated":true}]}}