{"id":19044,"date":"2022-12-12T11:22:27","date_gmt":"2022-12-12T10:22:27","guid":{"rendered":"https:\/\/educamos.com\/tratamiento-de-datos-sm-educamos\/"},"modified":"2025-12-01T18:49:11","modified_gmt":"2025-12-01T17:49:11","slug":"data-processing-by-educamos","status":"publish","type":"page","link":"https:\/\/educamos.com\/glb-en\/data-processing-by-educamos\/","title":{"rendered":"Data Processing by Educamos"},"content":{"rendered":"\t\t<div data-elementor-type=\"wp-page\" data-elementor-id=\"19044\" class=\"elementor elementor-19044 elementor-6602\" data-elementor-post-type=\"page\">\n\t\t\t\t\t\t<section class=\"elementor-section elementor-top-section elementor-element elementor-element-f9ce5c7 elementor-section-full_width elementor-section-height-default elementor-section-height-default\" data-id=\"f9ce5c7\" data-element_type=\"section\" data-e-type=\"section\">\n\t\t\t\t\t\t<div class=\"elementor-container elementor-column-gap-default\">\n\t\t\t\t\t<div class=\"elementor-column elementor-col-100 elementor-top-column elementor-element elementor-element-8a99e8b\" data-id=\"8a99e8b\" data-element_type=\"column\" data-e-type=\"column\">\n\t\t\t<div class=\"elementor-widget-wrap elementor-element-populated\">\n\t\t\t\t\t\t<div class=\"elementor-element elementor-element-5dce965 elementor-widget elementor-widget-bloque-cabecera-menu\" data-id=\"5dce965\" data-element_type=\"widget\" data-e-type=\"widget\" data-widget_type=\"bloque-cabecera-menu.default\">\n\t\t\t\t<div class=\"elementor-widget-container\">\n\t\t\t\t\t        <!-- Encabezado -->\n        <header class=\"header \">\n            <div id=\"sticky_header\" class=\"sticky-header \">\n                <div class=\"container\">\n                    <div class=\"row\">\n                        <div class=\"col-12 d-flex justify-content-between align-items-center\">\n                            <div class=\"logo\"><a href=\"https:\/\/educamos.com\/glb-en\/\"><img decoding=\"async\" src=\"https:\/\/educamos.com\/wp-content\/themes\/educamos\/images\/logotipo-2026.png\" class=\"img-fluid\" alt=\"Logotipo de Educamos\" \/><\/a><\/div>\n                                                            <div class=\"menu-header\">\n                                                                        <a href=\"\/glb-en\/request-a-demo\" class=\"btn btn-primary demo\" title=\"Request information\"><span class=\"d-none d-sm-block\">Request information<\/span><span class=\"d-block d-sm-none\">Demo<\/span><\/a>\n                                                                        <button data-target=\"#main_menu\" data-toggle=\"collapse\" class=\"navbar-toggle openMenu\" type=\"button\">\n                                        <i class=\"far fa-bars\"><\/i> <span class=\"sr-only\">Abrir men\u00fa<\/span>\n                                        <i class=\"far fa-times\"><\/i> <span class=\"sr-only\">Cerrar men\u00fa<\/span>    \n                                    <\/button>\n                                <\/div>\n\n                                <!-- MEGAMENU -->\n                                <div class=\"megamenu\">\n                                    <div class=\"container\">\n                                    <ul id=\"menu-principal\" class=\"dropdown-menu\" itemscope itemtype=\"http:\/\/www.schema.org\/SiteNavigationElement\"><li  id=\"menu-item-19684\" class=\"menu-item menu-item-type-custom menu-item-object-custom menu-item-has-children dropdown menu-item-19684 nav-item\"><a href=\"#\" aria-expanded=\"false\" class=\"dropdown-toggle nav-link\" id=\"menu-item-dropdown-19684\" data-bs-toggle=\"dropdown\"><span itemprop=\"name\">Educamos<\/span><\/a>\n<ul class=\"dropdown-menu\" aria-labelledby=\"menu-item-dropdown-19684\">\n\t<li  id=\"menu-item-19702\" class=\"menu-item menu-item-type-post_type menu-item-object-page menu-item-19702 nav-item\"><a itemprop=\"url\" href=\"https:\/\/educamos.com\/glb-en\/what-is-it\/\" class=\"dropdown-item\"><span itemprop=\"name\">What Is It?<\/span><\/a><\/li>\n\t<li  id=\"menu-item-19701\" class=\"menu-item menu-item-type-post_type menu-item-object-page menu-item-19701 nav-item\"><a itemprop=\"url\" href=\"https:\/\/educamos.com\/glb-en\/why-choose-educamos\/\" class=\"dropdown-item\"><span itemprop=\"name\">Why Choose Educamos?<\/span><\/a><\/li>\n\t<li  id=\"menu-item-22933\" class=\"menu-item menu-item-type-post_type menu-item-object-page menu-item-22933 nav-item\"><a itemprop=\"url\" href=\"https:\/\/educamos.com\/glb-en\/contact\/\" class=\"dropdown-item\"><span itemprop=\"name\">Contact<\/span><\/a><\/li>\n<\/ul>\n<\/li>\n<li  id=\"menu-item-19689\" class=\"menu-item menu-item-type-custom menu-item-object-custom menu-item-has-children dropdown menu-item-19689 nav-item\"><a href=\"#\" aria-expanded=\"false\" class=\"dropdown-toggle nav-link\" id=\"menu-item-dropdown-19689\" data-bs-toggle=\"dropdown\"><span itemprop=\"name\">Features<\/span><\/a>\n<ul class=\"dropdown-menu\" aria-labelledby=\"menu-item-dropdown-19689\">\n\t<li  id=\"menu-item-19699\" class=\"menu-item menu-item-type-post_type menu-item-object-funcionalidades menu-item-19699 nav-item\"><a itemprop=\"url\" href=\"https:\/\/educamos.com\/glb-en\/features\/data-analytics\/\" class=\"dropdown-item\"><span itemprop=\"name\">Data Analytics<\/span><\/a><\/li>\n\t<li  id=\"menu-item-19700\" class=\"menu-item menu-item-type-post_type menu-item-object-funcionalidades menu-item-19700 nav-item\"><a itemprop=\"url\" href=\"https:\/\/educamos.com\/glb-en\/features\/center-communication\/\" class=\"dropdown-item\"><span itemprop=\"name\">Center Communication<\/span><\/a><\/li>\n\t<li  id=\"menu-item-19698\" class=\"menu-item menu-item-type-post_type menu-item-object-funcionalidades menu-item-19698 nav-item\"><a itemprop=\"url\" href=\"https:\/\/educamos.com\/glb-en\/features\/center-management\/\" class=\"dropdown-item\"><span itemprop=\"name\">Center Management<\/span><\/a><\/li>\n\t<li  id=\"menu-item-19697\" class=\"menu-item menu-item-type-post_type menu-item-object-funcionalidades menu-item-19697 nav-item\"><a itemprop=\"url\" href=\"https:\/\/educamos.com\/glb-en\/features\/pedagogical-innovation\/\" class=\"dropdown-item\"><span itemprop=\"name\">Pedagogical Innovation<\/span><\/a><\/li>\n<\/ul>\n<\/li>\n<li  id=\"menu-item-19688\" class=\"menu-item menu-item-type-custom menu-item-object-custom menu-item-has-children dropdown menu-item-19688 nav-item\"><a href=\"#\" aria-expanded=\"false\" class=\"dropdown-toggle nav-link\" id=\"menu-item-dropdown-19688\" data-bs-toggle=\"dropdown\"><span itemprop=\"name\">Benefits for<\/span><\/a>\n<ul class=\"dropdown-menu\" aria-labelledby=\"menu-item-dropdown-19688\">\n\t<li  id=\"menu-item-19695\" class=\"menu-item menu-item-type-post_type menu-item-object-beneficios menu-item-19695 nav-item\"><a itemprop=\"url\" href=\"https:\/\/educamos.com\/glb-en\/benefits\/educational-centers\/\" class=\"dropdown-item\"><span itemprop=\"name\">Educational Centers<\/span><\/a><\/li>\n\t<li  id=\"menu-item-19696\" class=\"menu-item menu-item-type-post_type menu-item-object-beneficios menu-item-19696 nav-item\"><a itemprop=\"url\" href=\"https:\/\/educamos.com\/glb-en\/benefits\/school-networks\/\" class=\"dropdown-item\"><span itemprop=\"name\">School Networks<\/span><\/a><\/li>\n\t<li  id=\"menu-item-19693\" class=\"menu-item menu-item-type-post_type menu-item-object-beneficios menu-item-19693 nav-item\"><a itemprop=\"url\" href=\"https:\/\/educamos.com\/glb-en\/benefits\/teachers\/\" class=\"dropdown-item\"><span itemprop=\"name\">Teachers<\/span><\/a><\/li>\n\t<li  id=\"menu-item-19694\" class=\"menu-item menu-item-type-post_type menu-item-object-beneficios menu-item-19694 nav-item\"><a itemprop=\"url\" href=\"https:\/\/educamos.com\/glb-en\/benefits\/families\/\" class=\"dropdown-item\"><span itemprop=\"name\">Families<\/span><\/a><\/li>\n\t<li  id=\"menu-item-19692\" class=\"menu-item menu-item-type-post_type menu-item-object-beneficios menu-item-19692 nav-item\"><a itemprop=\"url\" href=\"https:\/\/educamos.com\/glb-en\/benefits\/students\/\" class=\"dropdown-item\"><span itemprop=\"name\">Students<\/span><\/a><\/li>\n<\/ul>\n<\/li>\n<li  id=\"menu-item-19687\" class=\"menu-item menu-item-type-custom menu-item-object-custom menu-item-has-children dropdown menu-item-19687 nav-item\"><a href=\"#\" aria-expanded=\"false\" class=\"dropdown-toggle nav-link\" id=\"menu-item-dropdown-19687\" data-bs-toggle=\"dropdown\"><span itemprop=\"name\">Insights<\/span><\/a>\n<ul class=\"dropdown-menu\" aria-labelledby=\"menu-item-dropdown-19687\">\n\t<li  id=\"menu-item-19690\" class=\"menu-item menu-item-type-taxonomy menu-item-object-category menu-item-19690 nav-item\"><a itemprop=\"url\" href=\"https:\/\/educamos.com\/glb-en\/blog-english\/\" class=\"dropdown-item\"><span itemprop=\"name\">Blog<\/span><\/a><\/li>\n<\/ul>\n<\/li>\n<li  id=\"menu-item-19685\" class=\"menu-item menu-item-type-custom menu-item-object-custom menu-item-has-children dropdown menu-item-19685 nav-item\"><a href=\"#\" aria-expanded=\"false\" class=\"dropdown-toggle nav-link\" id=\"menu-item-dropdown-19685\" data-bs-toggle=\"dropdown\"><span itemprop=\"name\">Clients<\/span><\/a>\n<ul class=\"dropdown-menu\" aria-labelledby=\"menu-item-dropdown-19685\">\n\t<li  id=\"menu-item-19686\" class=\"link-externo menu-item menu-item-type-custom menu-item-object-custom menu-item-19686 nav-item\"><a target=\"_blank\" rel=\"noopener noreferrer\" itemprop=\"url\" href=\"https:\/\/www.educamoscerca.com\/\" class=\"dropdown-item\"><span itemprop=\"name\">Educamos Makers Community<\/span><\/a><\/li>\n<\/ul>\n<\/li>\n<\/ul>                                    <\/div>\n                                <\/div>\n                                                    <\/div>\n                    <\/div>\n                <\/div>\n            <\/div>\n        <\/header>\n        <!-- \/ -->\n\t\t\t\t\t\t<\/div>\n\t\t\t\t<\/div>\n\t\t\t\t<div class=\"elementor-element elementor-element-2ca070b elementor-widget elementor-widget-bloque-texto\" data-id=\"2ca070b\" data-element_type=\"widget\" data-e-type=\"widget\" data-widget_type=\"bloque-texto.default\">\n\t\t\t\t<div class=\"elementor-widget-container\">\n\t\t\t\t\t        <!-- Texto a 2 columnas-->\n        <section class=\"bloque bloque-texto \">\n            <div class=\"container\">\n                <h1 class=\"titulos\" data-aos=\"fade-left\" data-aos-duration=\"700\">Data Processing by Educamos<\/h1>                <div class=\"estrecho2\">\n                    <div class=\"row\">\n                        <div class=\"col-sm-12\">\n                            <div class=\"the_content\" data-aos=\"fade-up\" data-aos-duration=\"700\">\n                                <p>Educamos is an TGE platform that allows educational institutions to centralise all processes related to their activities into a single solution, such as administrative and financial management, academic management, communication with families, etc. Consequently, Educamos is merely a data processor on behalf of these institutions for the personal data they own, whether it pertains to students, parents\/legal guardians, teachers, administrative staff, etc. (the Users).<\/p><p>Access to User data by third parties outside of Educamos will only take place either (i) in the context of a possible hiring or subcontracting of services necessary for a better development of the relationship between the centre and its users (for example, hosting, technical support, and the use of Educamos, communications, etc.), or (ii) in cases where Educamos integrates and offers, in an inseparable way within a single platform, solutions and functionalities provided by other suppliers. This is deemed absolutely necessary for Users to benefit from the relevant service, and the communication or access to their data by these entities is expressly authorised.<\/p><p>These third-party services may involve the transfer of data to entities located outside the national territory, with the priority always being to ensure compliance with obligations arising from the applicable legislation. Information about the identity of potential third-party services used by Educamos at any given time and their corresponding privacy policies will be provided through this section of the website. By using the platform, Users consent to the transfer of their personal data to the mentioned countries.<\/p><div class=\"table-responsive\"><style type=\"text\/css\">.table-responsive table th,.table-responsive table td {text-align: left !important;}<\/style><table class=\"table\"><thead><tr><th>Activity<\/th><th>Educamos Scope<\/th><th>Third party<\/th><th>Processing site<\/th><th>Privacy policies<\/th><\/tr><\/thead><tbody><tr><td>Hosting<\/td><td>Spain<\/td><td>Microsoft<\/td><td>Ireland<\/td><td><a style=\"color: #0563c1;\" href=\"https:\/\/azure.microsoft.com\/es-es\/support\/trust-center\/\" target=\"_blank\" rel=\"noopener\">https:\/\/azure.microsoft.com\/es-es\/support\/trust-center\/<\/a><\/td><\/tr><tr><td>Hosting<\/td><td>Latin America<\/td><td>Microsoft<\/td><td>United States<\/td><td><a style=\"color: #0563c1;\" href=\"https:\/\/azure.microsoft.com\/es-es\/support\/trust-center\/\" target=\"_blank\" rel=\"noopener\">https:\/\/azure.microsoft.com\/es-es\/support\/trust-center\/<\/a><\/td><\/tr><tr><td>Communications (Office 365)<\/td><td>Spain and Latin America<\/td><td>Microsoft<\/td><td><a style=\"color: #0563c1;\" href=\"http:\/\/www.microsoft.com\/online\/legal\/v2\/?docid=25&amp;langid=es-ES\" target=\"_blank\" rel=\"noopener\">http:\/\/www.microsoft.com\/online\/legal\/v2\/?docid=25&amp;langid=es-ES<\/a><\/td><td><a style=\"color: #0563c1;\" href=\"https:\/\/products.office.com\/es-es\/business\/office-365-trust-center-cloud-computing-security?tab=7d4bf5d5-8549-acb8-3852-a62cc997fb45\" target=\"_blank\" rel=\"noopener\">https:\/\/products.office.com\/es-es\/business\/office-365-trust-center-cloud-computing-security?tab=7d4bf5d5-8549-acb8-3852-a62cc997fb45<\/a><\/td><\/tr><tr><td>Communications (SMS)<\/td><td>Spain<\/td><td>MSpubli<\/td><td>Spain<\/td><td><a style=\"color: #0563c1;\" href=\"http:\/\/www.smspubli.com\/legal\/privacy-policy\" target=\"_blank\" rel=\"noopener\">http:\/\/www.smspubli.com\/legal\/privacy-policy<\/a><\/td><\/tr><tr><td>Communications (Mailing)<\/td><td>Spain and Latin America<\/td><td>Mailjet SAS<\/td><td>European Union<\/td><td><a style=\"color: #0563c1;\" href=\"https:\/\/www.mailjet.com\/privacy_policy\" target=\"_blank\" rel=\"noopener\">https:\/\/www.mailjet.com\/privacy_policy<\/a><\/td><\/tr><tr><td>Electronic invoice<\/td><td>Mexico<\/td><td>IQ Target Business<\/td><td>Mexico<\/td><td><a style=\"color: #0563c1;\" href=\"http:\/\/www.iqtb.com\/aviso\/\" target=\"_blank\" rel=\"noopener\">http:\/\/www.iqtb.com\/aviso\/<\/a><\/td><\/tr><tr><td>Payment gateway<\/td><td>Spain and Latin America<\/td><td>Kineox Solutions<\/td><td>Spain<\/td><td><a style=\"color: #0563c1;\" href=\"https:\/\/kineox.com\/es\/politica-de-privacidad\/\" target=\"_blank\" rel=\"noopener\">https:\/\/kineox.com\/es\/politica-de-privacidad\/<\/a><\/td><\/tr><\/tbody><\/table><\/div>                            <\/div>\n                        <\/div>\n                    <\/div>\n                <\/div>\n            <\/div>\n        <\/section>\n\t\t\t\t\t\t<\/div>\n\t\t\t\t<\/div>\n\t\t\t\t\t<\/div>\n\t\t<\/div>\n\t\t\t\t\t<\/div>\n\t\t<\/section>\n\t\t\t\t<\/div>\n\t\t","protected":false},"excerpt":{"rendered":"<p>Solicitar informaci\u00f3nM\u00e1s info Abrir men\u00fa Cerrar men\u00fa Educamos \u00bfQu\u00e9 es? \u00bfPor qu\u00e9? Educamos Makers Contacto Funcionalidades Anal\u00edtica de datos Comunicaci\u00f3n del centro Gesti\u00f3n del centro Innovaci\u00f3n pedag\u00f3gica Beneficios para Centros educativos Red de escuelas Formaci\u00f3n Profesional Docentes Familias Alumnos\/as Insights Blog Ebooks Clientes Comunidad Educamos Cerca Data Processing by Educamos Educamos is an TGE platform [&hellip;]<\/p>\n","protected":false},"author":1,"featured_media":18961,"parent":0,"menu_order":0,"comment_status":"closed","ping_status":"closed","template":"","meta":{"_acf_changed":false,"footnotes":""},"class_list":["post-19044","page","type-page","status-publish","has-post-thumbnail","hentry"],"acf":[],"yoast_head":"<!-- This site is optimized with the Yoast SEO plugin v27.0 - https:\/\/yoast.com\/product\/yoast-seo-wordpress\/ -->\n<title>Data Processing by Educamos | Educamos<\/title>\n<meta name=\"description\" content=\"Solicitar informaci\u00f3nM\u00e1s info Abrir men\u00fa Cerrar men\u00fa Educamos \u00bfQu\u00e9 es? \u00bfPor qu\u00e9? Educamos Makers Contacto Funcionalidades Anal\u00edtica de datos Comunicaci\u00f3n\" \/>\n<meta name=\"robots\" content=\"noindex, nofollow\" \/>\n<meta property=\"og:locale\" content=\"en_US\" \/>\n<meta property=\"og:type\" content=\"article\" \/>\n<meta property=\"og:title\" content=\"Data Processing by Educamos | Educamos\" \/>\n<meta property=\"og:description\" content=\"Solicitar informaci\u00f3nM\u00e1s info Abrir men\u00fa Cerrar men\u00fa Educamos \u00bfQu\u00e9 es? \u00bfPor qu\u00e9? Educamos Makers Contacto Funcionalidades Anal\u00edtica de datos Comunicaci\u00f3n\" \/>\n<meta property=\"og:url\" content=\"https:\/\/educamos.com\/glb-en\/data-processing-by-educamos\/\" \/>\n<meta property=\"og:site_name\" content=\"Educamos\" \/>\n<meta property=\"article:modified_time\" content=\"2025-12-01T17:49:11+00:00\" \/>\n<meta property=\"og:image\" content=\"https:\/\/educamos.com\/wp-content\/uploads\/2023\/01\/rrss_generica_01-min.png\" \/>\n\t<meta property=\"og:image:width\" content=\"1200\" \/>\n\t<meta property=\"og:image:height\" content=\"600\" \/>\n\t<meta property=\"og:image:type\" content=\"image\/png\" \/>\n<meta name=\"twitter:card\" content=\"summary_large_image\" \/>\n<meta name=\"twitter:label1\" content=\"Est. reading time\" \/>\n\t<meta name=\"twitter:data1\" content=\"2 minutes\" \/>\n<script type=\"application\/ld+json\" class=\"yoast-schema-graph\">{\"@context\":\"https:\/\/schema.org\",\"@graph\":[{\"@type\":\"WebPage\",\"@id\":\"https:\/\/educamos.com\/glb-en\/data-processing-by-educamos\/\",\"url\":\"https:\/\/educamos.com\/glb-en\/data-processing-by-educamos\/\",\"name\":\"Data Processing by Educamos | Educamos\",\"isPartOf\":{\"@id\":\"https:\/\/educamos.com\/glb-en\/#website\"},\"primaryImageOfPage\":{\"@id\":\"https:\/\/educamos.com\/glb-en\/data-processing-by-educamos\/#primaryimage\"},\"image\":{\"@id\":\"https:\/\/educamos.com\/glb-en\/data-processing-by-educamos\/#primaryimage\"},\"thumbnailUrl\":\"https:\/\/educamos.com\/wp-content\/uploads\/2023\/01\/rrss_generica_01-min.png\",\"datePublished\":\"2022-12-12T10:22:27+00:00\",\"dateModified\":\"2025-12-01T17:49:11+00:00\",\"description\":\"Solicitar informaci\u00f3nM\u00e1s info Abrir men\u00fa Cerrar men\u00fa Educamos \u00bfQu\u00e9 es? \u00bfPor qu\u00e9? Educamos Makers Contacto Funcionalidades Anal\u00edtica de datos Comunicaci\u00f3n\",\"breadcrumb\":{\"@id\":\"https:\/\/educamos.com\/glb-en\/data-processing-by-educamos\/#breadcrumb\"},\"inLanguage\":\"en\",\"potentialAction\":[{\"@type\":\"ReadAction\",\"target\":[\"https:\/\/educamos.com\/glb-en\/data-processing-by-educamos\/\"]}]},{\"@type\":\"ImageObject\",\"inLanguage\":\"en\",\"@id\":\"https:\/\/educamos.com\/glb-en\/data-processing-by-educamos\/#primaryimage\",\"url\":\"https:\/\/educamos.com\/wp-content\/uploads\/2023\/01\/rrss_generica_01-min.png\",\"contentUrl\":\"https:\/\/educamos.com\/wp-content\/uploads\/2023\/01\/rrss_generica_01-min.png\",\"width\":1200,\"height\":600},{\"@type\":\"BreadcrumbList\",\"@id\":\"https:\/\/educamos.com\/glb-en\/data-processing-by-educamos\/#breadcrumb\",\"itemListElement\":[{\"@type\":\"ListItem\",\"position\":1,\"name\":\"Home\",\"item\":\"https:\/\/educamos.com\/glb-en\/\"},{\"@type\":\"ListItem\",\"position\":2,\"name\":\"Data Processing by Educamos\"}]},{\"@type\":\"WebSite\",\"@id\":\"https:\/\/educamos.com\/glb-en\/#website\",\"url\":\"https:\/\/educamos.com\/glb-en\/\",\"name\":\"Educamos\",\"description\":\"La escuela de hoy\",\"potentialAction\":[{\"@type\":\"SearchAction\",\"target\":{\"@type\":\"EntryPoint\",\"urlTemplate\":\"https:\/\/educamos.com\/glb-en\/?s={search_term_string}\"},\"query-input\":{\"@type\":\"PropertyValueSpecification\",\"valueRequired\":true,\"valueName\":\"search_term_string\"}}],\"inLanguage\":\"en\"}]}<\/script>\n<!-- \/ Yoast SEO plugin. -->","yoast_head_json":{"title":"Data Processing by Educamos | Educamos","description":"Solicitar informaci\u00f3nM\u00e1s info Abrir men\u00fa Cerrar men\u00fa Educamos \u00bfQu\u00e9 es? \u00bfPor qu\u00e9? Educamos Makers Contacto Funcionalidades Anal\u00edtica de datos Comunicaci\u00f3n","robots":{"index":"noindex","follow":"nofollow"},"og_locale":"en_US","og_type":"article","og_title":"Data Processing by Educamos | Educamos","og_description":"Solicitar informaci\u00f3nM\u00e1s info Abrir men\u00fa Cerrar men\u00fa Educamos \u00bfQu\u00e9 es? \u00bfPor qu\u00e9? Educamos Makers Contacto Funcionalidades Anal\u00edtica de datos Comunicaci\u00f3n","og_url":"https:\/\/educamos.com\/glb-en\/data-processing-by-educamos\/","og_site_name":"Educamos","article_modified_time":"2025-12-01T17:49:11+00:00","og_image":[{"width":1200,"height":600,"url":"https:\/\/educamos.com\/wp-content\/uploads\/2023\/01\/rrss_generica_01-min.png","type":"image\/png"}],"twitter_card":"summary_large_image","twitter_misc":{"Est. reading time":"2 minutes"},"schema":{"@context":"https:\/\/schema.org","@graph":[{"@type":"WebPage","@id":"https:\/\/educamos.com\/glb-en\/data-processing-by-educamos\/","url":"https:\/\/educamos.com\/glb-en\/data-processing-by-educamos\/","name":"Data Processing by Educamos | Educamos","isPartOf":{"@id":"https:\/\/educamos.com\/glb-en\/#website"},"primaryImageOfPage":{"@id":"https:\/\/educamos.com\/glb-en\/data-processing-by-educamos\/#primaryimage"},"image":{"@id":"https:\/\/educamos.com\/glb-en\/data-processing-by-educamos\/#primaryimage"},"thumbnailUrl":"https:\/\/educamos.com\/wp-content\/uploads\/2023\/01\/rrss_generica_01-min.png","datePublished":"2022-12-12T10:22:27+00:00","dateModified":"2025-12-01T17:49:11+00:00","description":"Solicitar informaci\u00f3nM\u00e1s info Abrir men\u00fa Cerrar men\u00fa Educamos \u00bfQu\u00e9 es? \u00bfPor qu\u00e9? Educamos Makers Contacto Funcionalidades Anal\u00edtica de datos Comunicaci\u00f3n","breadcrumb":{"@id":"https:\/\/educamos.com\/glb-en\/data-processing-by-educamos\/#breadcrumb"},"inLanguage":"en","potentialAction":[{"@type":"ReadAction","target":["https:\/\/educamos.com\/glb-en\/data-processing-by-educamos\/"]}]},{"@type":"ImageObject","inLanguage":"en","@id":"https:\/\/educamos.com\/glb-en\/data-processing-by-educamos\/#primaryimage","url":"https:\/\/educamos.com\/wp-content\/uploads\/2023\/01\/rrss_generica_01-min.png","contentUrl":"https:\/\/educamos.com\/wp-content\/uploads\/2023\/01\/rrss_generica_01-min.png","width":1200,"height":600},{"@type":"BreadcrumbList","@id":"https:\/\/educamos.com\/glb-en\/data-processing-by-educamos\/#breadcrumb","itemListElement":[{"@type":"ListItem","position":1,"name":"Home","item":"https:\/\/educamos.com\/glb-en\/"},{"@type":"ListItem","position":2,"name":"Data Processing by Educamos"}]},{"@type":"WebSite","@id":"https:\/\/educamos.com\/glb-en\/#website","url":"https:\/\/educamos.com\/glb-en\/","name":"Educamos","description":"La escuela de hoy","potentialAction":[{"@type":"SearchAction","target":{"@type":"EntryPoint","urlTemplate":"https:\/\/educamos.com\/glb-en\/?s={search_term_string}"},"query-input":{"@type":"PropertyValueSpecification","valueRequired":true,"valueName":"search_term_string"}}],"inLanguage":"en"}]}},"_links":{"self":[{"href":"https:\/\/educamos.com\/glb-en\/wp-json\/wp\/v2\/pages\/19044","targetHints":{"allow":["GET"]}}],"collection":[{"href":"https:\/\/educamos.com\/glb-en\/wp-json\/wp\/v2\/pages"}],"about":[{"href":"https:\/\/educamos.com\/glb-en\/wp-json\/wp\/v2\/types\/page"}],"author":[{"embeddable":true,"href":"https:\/\/educamos.com\/glb-en\/wp-json\/wp\/v2\/users\/1"}],"replies":[{"embeddable":true,"href":"https:\/\/educamos.com\/glb-en\/wp-json\/wp\/v2\/comments?post=19044"}],"version-history":[{"count":14,"href":"https:\/\/educamos.com\/glb-en\/wp-json\/wp\/v2\/pages\/19044\/revisions"}],"predecessor-version":[{"id":26769,"href":"https:\/\/educamos.com\/glb-en\/wp-json\/wp\/v2\/pages\/19044\/revisions\/26769"}],"wp:featuredmedia":[{"embeddable":true,"href":"https:\/\/educamos.com\/glb-en\/wp-json\/wp\/v2\/media\/18961"}],"wp:attachment":[{"href":"https:\/\/educamos.com\/glb-en\/wp-json\/wp\/v2\/media?parent=19044"}],"curies":[{"name":"wp","href":"https:\/\/api.w.org\/{rel}","templated":true}]}}