{"id":14602,"date":"2023-05-15T11:25:51","date_gmt":"2023-05-15T10:25:51","guid":{"rendered":"https:\/\/educamos.com\/politica-de-privacidad-eventos\/"},"modified":"2023-05-15T11:31:28","modified_gmt":"2023-05-15T10:31:28","slug":"politica-de-privacidade-eventos","status":"publish","type":"page","link":"https:\/\/educamos.com\/pt-br\/politica-de-privacidade-eventos\/","title":{"rendered":"Pol\u00edtica de privacidade eventos"},"content":{"rendered":"\t\t<div data-elementor-type=\"wp-page\" data-elementor-id=\"14602\" class=\"elementor elementor-14602 elementor-14593\" data-elementor-post-type=\"page\">\n\t\t\t\t\t\t<section class=\"elementor-section elementor-top-section elementor-element elementor-element-7510bce elementor-section-full_width elementor-section-height-default elementor-section-height-default\" data-id=\"7510bce\" data-element_type=\"section\" data-e-type=\"section\">\n\t\t\t\t\t\t<div class=\"elementor-container elementor-column-gap-default\">\n\t\t\t\t\t<div class=\"elementor-column elementor-col-100 elementor-top-column elementor-element elementor-element-a3c3ac5\" data-id=\"a3c3ac5\" data-element_type=\"column\" data-e-type=\"column\">\n\t\t\t<div class=\"elementor-widget-wrap elementor-element-populated\">\n\t\t\t\t\t\t<div class=\"elementor-element elementor-element-2d6e17b elementor-widget elementor-widget-bloque-cabecera-menu\" data-id=\"2d6e17b\" data-element_type=\"widget\" data-e-type=\"widget\" data-widget_type=\"bloque-cabecera-menu.default\">\n\t\t\t\t<div class=\"elementor-widget-container\">\n\t\t\t\t\t        <!-- Encabezado -->\n        <header class=\"header \">\n            <div id=\"sticky_header\" class=\"sticky-header \">\n                <div class=\"container\">\n                    <div class=\"row\">\n                        <div class=\"col-12 d-flex justify-content-between align-items-center\">\n                            <div class=\"logo\"><a href=\"https:\/\/educamos.com\/pt-br\/\"><img decoding=\"async\" src=\"https:\/\/educamos.com\/wp-content\/themes\/educamos\/images\/logotipo-2026.png\" class=\"img-fluid\" alt=\"Logotipo de Educamos\" \/><\/a><\/div>\n                                                            <div class=\"menu-header\">\n                                                                        <a href=\"\/pt-br\/solicite-uma-demo\" class=\"btn btn-primary demo\" title=\"Solicitar informa\u00e7\u00e3o\"><span class=\"d-none d-sm-block\">Solicitar informa\u00e7\u00e3o<\/span><span class=\"d-block d-sm-none\">Mais info<\/span><\/a>\n                                                                        <button data-target=\"#main_menu\" data-toggle=\"collapse\" class=\"navbar-toggle openMenu\" type=\"button\">\n                                        <i class=\"far fa-bars\"><\/i> <span class=\"sr-only\">Abrir men\u00fa<\/span>\n                                        <i class=\"far fa-times\"><\/i> <span class=\"sr-only\">Cerrar men\u00fa<\/span>    \n                                    <\/button>\n                                <\/div>\n\n                                <!-- MEGAMENU -->\n                                <div class=\"megamenu\">\n                                    <div class=\"container\">\n                                    <ul id=\"menu-menu-principal-brasil\" class=\"dropdown-menu\" itemscope itemtype=\"http:\/\/www.schema.org\/SiteNavigationElement\"><li  id=\"menu-item-8946\" class=\"menu-item menu-item-type-custom menu-item-object-custom menu-item-has-children dropdown menu-item-8946 nav-item\"><a href=\"#\" aria-expanded=\"false\" class=\"dropdown-toggle nav-link\" id=\"menu-item-dropdown-8946\" data-bs-toggle=\"dropdown\"><span itemprop=\"name\">Educamos<\/span><\/a>\n<ul class=\"dropdown-menu\" aria-labelledby=\"menu-item-dropdown-8946\">\n\t<li  id=\"menu-item-10126\" class=\"menu-item menu-item-type-post_type menu-item-object-page menu-item-10126 nav-item\"><a itemprop=\"url\" href=\"https:\/\/educamos.com\/pt-br\/o-que-e\/\" class=\"dropdown-item\"><span itemprop=\"name\">O que \u00e9?<\/span><\/a><\/li>\n\t<li  id=\"menu-item-10125\" class=\"menu-item menu-item-type-post_type menu-item-object-page menu-item-10125 nav-item\"><a itemprop=\"url\" href=\"https:\/\/educamos.com\/pt-br\/por-que\/\" class=\"dropdown-item\"><span itemprop=\"name\">Por que?<\/span><\/a><\/li>\n\t<li  id=\"menu-item-10128\" class=\"menu-item menu-item-type-post_type menu-item-object-page menu-item-10128 nav-item\"><a itemprop=\"url\" href=\"https:\/\/educamos.com\/pt-br\/educamos-makers\/\" class=\"dropdown-item\"><span itemprop=\"name\">Educamos Makers<\/span><\/a><\/li>\n\t<li  id=\"menu-item-13019\" class=\"menu-item menu-item-type-post_type menu-item-object-page menu-item-13019 nav-item\"><a itemprop=\"url\" href=\"https:\/\/educamos.com\/pt-br\/contato\/\" class=\"dropdown-item\"><span itemprop=\"name\">Contato<\/span><\/a><\/li>\n<\/ul>\n<\/li>\n<li  id=\"menu-item-8947\" class=\"menu-item menu-item-type-post_type_archive menu-item-object-funcionalidades menu-item-has-children dropdown menu-item-8947 nav-item\"><a href=\"#\" aria-expanded=\"false\" class=\"dropdown-toggle nav-link\" id=\"menu-item-dropdown-8947\" data-bs-toggle=\"dropdown\"><span itemprop=\"name\">Funcionalidades<\/span><\/a>\n<ul class=\"dropdown-menu\" aria-labelledby=\"menu-item-dropdown-8947\">\n\t<li  id=\"menu-item-10131\" class=\"menu-item menu-item-type-post_type menu-item-object-funcionalidades menu-item-10131 nav-item\"><a itemprop=\"url\" href=\"https:\/\/educamos.com\/pt-br\/funcionalidades\/analise-de-dados\/\" class=\"dropdown-item\"><span itemprop=\"name\">An\u00e1lise de dados<\/span><\/a><\/li>\n\t<li  id=\"menu-item-10132\" class=\"menu-item menu-item-type-post_type menu-item-object-funcionalidades menu-item-10132 nav-item\"><a itemprop=\"url\" href=\"https:\/\/educamos.com\/pt-br\/funcionalidades\/comunicacao-do-colegio\/\" class=\"dropdown-item\"><span itemprop=\"name\">Comunica\u00e7\u00e3o do Col\u00e9gio<\/span><\/a><\/li>\n\t<li  id=\"menu-item-10130\" class=\"menu-item menu-item-type-post_type menu-item-object-funcionalidades menu-item-10130 nav-item\"><a itemprop=\"url\" href=\"https:\/\/educamos.com\/pt-br\/funcionalidades\/gestao-do-colegio\/\" class=\"dropdown-item\"><span itemprop=\"name\">Gest\u00e3o do Col\u00e9gio<\/span><\/a><\/li>\n\t<li  id=\"menu-item-10129\" class=\"menu-item menu-item-type-post_type menu-item-object-funcionalidades menu-item-10129 nav-item\"><a itemprop=\"url\" href=\"https:\/\/educamos.com\/pt-br\/funcionalidades\/inovacao-pedagogica\/\" class=\"dropdown-item\"><span itemprop=\"name\">Inova\u00e7\u00e3o pedag\u00f3gica<\/span><\/a><\/li>\n<\/ul>\n<\/li>\n<li  id=\"menu-item-8948\" class=\"menu-item menu-item-type-post_type_archive menu-item-object-beneficios menu-item-has-children dropdown menu-item-8948 nav-item\"><a href=\"#\" aria-expanded=\"false\" class=\"dropdown-toggle nav-link\" id=\"menu-item-dropdown-8948\" data-bs-toggle=\"dropdown\"><span itemprop=\"name\">Benef\u00edcios para<\/span><\/a>\n<ul class=\"dropdown-menu\" aria-labelledby=\"menu-item-dropdown-8948\">\n\t<li  id=\"menu-item-16772\" class=\"menu-item menu-item-type-custom menu-item-object-custom menu-item-16772 nav-item\"><a itemprop=\"url\" href=\"https:\/\/educamos.com\/pt-br\/beneficios\/ensino-tecnico\/\" class=\"dropdown-item\"><span itemprop=\"name\">Ensino T\u00e9cnico<\/span><\/a><\/li>\n\t<li  id=\"menu-item-10136\" class=\"menu-item menu-item-type-post_type menu-item-object-beneficios menu-item-10136 nav-item\"><a itemprop=\"url\" href=\"https:\/\/educamos.com\/pt-br\/beneficios\/escola\/\" class=\"dropdown-item\"><span itemprop=\"name\">Escola<\/span><\/a><\/li>\n\t<li  id=\"menu-item-10137\" class=\"menu-item menu-item-type-post_type menu-item-object-beneficios menu-item-10137 nav-item\"><a itemprop=\"url\" href=\"https:\/\/educamos.com\/pt-br\/beneficios\/rede-de-escolas\/\" class=\"dropdown-item\"><span itemprop=\"name\">Rede de Escolas<\/span><\/a><\/li>\n\t<li  id=\"menu-item-10134\" class=\"menu-item menu-item-type-post_type menu-item-object-beneficios menu-item-10134 nav-item\"><a itemprop=\"url\" href=\"https:\/\/educamos.com\/pt-br\/beneficios\/professores\/\" class=\"dropdown-item\"><span itemprop=\"name\">Professores<\/span><\/a><\/li>\n\t<li  id=\"menu-item-10135\" class=\"menu-item menu-item-type-post_type menu-item-object-beneficios menu-item-10135 nav-item\"><a itemprop=\"url\" href=\"https:\/\/educamos.com\/pt-br\/beneficios\/familias\/\" class=\"dropdown-item\"><span itemprop=\"name\">Fam\u00edlias<\/span><\/a><\/li>\n\t<li  id=\"menu-item-10133\" class=\"menu-item menu-item-type-post_type menu-item-object-beneficios menu-item-10133 nav-item\"><a itemprop=\"url\" href=\"https:\/\/educamos.com\/pt-br\/beneficios\/alunos\/\" class=\"dropdown-item\"><span itemprop=\"name\">Alunos<\/span><\/a><\/li>\n<\/ul>\n<\/li>\n<li  id=\"menu-item-8966\" class=\"menu-item menu-item-type-custom menu-item-object-custom menu-item-has-children dropdown menu-item-8966 nav-item\"><a href=\"#\" aria-expanded=\"false\" class=\"dropdown-toggle nav-link\" id=\"menu-item-dropdown-8966\" data-bs-toggle=\"dropdown\"><span itemprop=\"name\">Insights<\/span><\/a>\n<ul class=\"dropdown-menu\" aria-labelledby=\"menu-item-dropdown-8966\">\n\t<li  id=\"menu-item-20610\" class=\"menu-item menu-item-type-taxonomy menu-item-object-category menu-item-20610 nav-item\"><a itemprop=\"url\" href=\"https:\/\/educamos.com\/pt-br\/blog\/\" class=\"dropdown-item\"><span itemprop=\"name\">Blog<\/span><\/a><\/li>\n\t<li  id=\"menu-item-20611\" class=\"menu-item menu-item-type-post_type_archive menu-item-object-ebook menu-item-20611 nav-item\"><a itemprop=\"url\" href=\"https:\/\/educamos.com\/pt-br\/ebook\/\" class=\"dropdown-item\"><span itemprop=\"name\">Ebooks<\/span><\/a><\/li>\n<\/ul>\n<\/li>\n<li  id=\"menu-item-8968\" class=\"menu-item menu-item-type-custom menu-item-object-custom menu-item-has-children dropdown menu-item-8968 nav-item\"><a href=\"#\" aria-expanded=\"false\" class=\"dropdown-toggle nav-link\" id=\"menu-item-dropdown-8968\" data-bs-toggle=\"dropdown\"><span itemprop=\"name\">Clientes<\/span><\/a>\n<ul class=\"dropdown-menu\" aria-labelledby=\"menu-item-dropdown-8968\">\n\t<li  id=\"menu-item-8969\" class=\"link-externo menu-item menu-item-type-custom menu-item-object-custom menu-item-8969 nav-item\"><a target=\"_blank\" rel=\"noopener noreferrer\" itemprop=\"url\" href=\"https:\/\/www.educamosmakers.com\/\" class=\"dropdown-item\"><span itemprop=\"name\">Comunidade Educamos Makers<\/span><\/a><\/li>\n<\/ul>\n<\/li>\n<\/ul>                                    <\/div>\n                                <\/div>\n                                                    <\/div>\n                    <\/div>\n                <\/div>\n            <\/div>\n        <\/header>\n        <!-- \/ -->\n\t\t\t\t\t\t<\/div>\n\t\t\t\t<\/div>\n\t\t\t\t<div class=\"elementor-element elementor-element-5d39e32 elementor-widget elementor-widget-bloque-texto\" data-id=\"5d39e32\" data-element_type=\"widget\" data-e-type=\"widget\" data-widget_type=\"bloque-texto.default\">\n\t\t\t\t<div class=\"elementor-widget-container\">\n\t\t\t\t\t        <!-- Texto a 2 columnas-->\n        <section class=\"bloque bloque-texto \">\n            <div class=\"container\">\n                <h1 class=\"titulos\" data-aos=\"fade-left\" data-aos-duration=\"700\">Pol\u00edtica de privacidade eventos<\/h1>                <div class=\"estrecho2\">\n                    <div class=\"row\">\n                        <div class=\"col-sm-12\">\n                            <div class=\"the_content\" data-aos=\"fade-up\" data-aos-duration=\"700\">\n                                <script id=\"admindpo\" src=\"https:\/\/admindpo.grupo-sm.com\/dpoclient_v2.min.js\"data-baseurl=\"https:\/\/admindpo.grupo-sm.com\" data-sitename=\"corporativa-sm-educamos-com\" data-document-type=\"Politica eventos\" data-language=\"pt\"><\/script>                            <\/div>\n                        <\/div>\n                    <\/div>\n                <\/div>\n            <\/div>\n        <\/section>\n\t\t\t\t\t\t<\/div>\n\t\t\t\t<\/div>\n\t\t\t\t\t<\/div>\n\t\t<\/div>\n\t\t\t\t\t<\/div>\n\t\t<\/section>\n\t\t\t\t<\/div>\n\t\t","protected":false},"excerpt":{"rendered":"<p>Solicite uma demoDemo Abrir men\u00fa Cerrar men\u00fa SM Educamos O que \u00e9? Por que? Educamos Makers Contato Funcionalidades An\u00e1lise de dados Comunica\u00e7\u00e3o do Col\u00e9gio Gest\u00e3o do Col\u00e9gio Inova\u00e7\u00e3o pedag\u00f3gica Benef\u00edcios para Escola Rede de Escolas Professores Fam\u00edlias Alunos Insights Blog Clientes Comunidade Educamos Makers Pol\u00edtica de privacidade eventos<\/p>\n","protected":false},"author":1,"featured_media":0,"parent":0,"menu_order":0,"comment_status":"closed","ping_status":"closed","template":"","meta":{"_acf_changed":false,"footnotes":""},"class_list":["post-14602","page","type-page","status-publish","hentry"],"acf":[],"yoast_head":"<!-- This site is optimized with the Yoast SEO plugin v27.0 - https:\/\/yoast.com\/product\/yoast-seo-wordpress\/ -->\n<title>Pol\u00edtica de privacidade eventos | Educamos<\/title>\n<meta name=\"description\" content=\"Solicite uma demoDemo Abrir men\u00fa Cerrar men\u00fa SM Educamos O que \u00e9? Por que? Educamos Makers Contato Funcionalidades An\u00e1lise de dados Comunica\u00e7\u00e3o do Col\u00e9gio\" \/>\n<meta name=\"robots\" content=\"index, follow, max-snippet:-1, max-image-preview:large, max-video-preview:-1\" \/>\n<link rel=\"canonical\" href=\"https:\/\/educamos.com\/pt-br\/politica-de-privacidade-eventos\/\" \/>\n<meta property=\"og:locale\" content=\"pt_BR\" \/>\n<meta property=\"og:type\" content=\"article\" \/>\n<meta property=\"og:title\" content=\"Pol\u00edtica de privacidade eventos | Educamos\" \/>\n<meta property=\"og:description\" content=\"Solicite uma demoDemo Abrir men\u00fa Cerrar men\u00fa SM Educamos O que \u00e9? Por que? Educamos Makers Contato Funcionalidades An\u00e1lise de dados Comunica\u00e7\u00e3o do Col\u00e9gio\" \/>\n<meta property=\"og:url\" content=\"https:\/\/educamos.com\/pt-br\/politica-de-privacidade-eventos\/\" \/>\n<meta property=\"og:site_name\" content=\"Educamos\" \/>\n<meta property=\"article:modified_time\" content=\"2023-05-15T10:31:28+00:00\" \/>\n<meta property=\"og:image\" content=\"https:\/\/educamos.com\/wp-content\/themes\/educamos\/images\/logotipo.png\" \/>\n<meta name=\"twitter:card\" content=\"summary_large_image\" \/>\n<meta name=\"twitter:label1\" content=\"Est. tempo de leitura\" \/>\n\t<meta name=\"twitter:data1\" content=\"1 minuto\" \/>\n<script type=\"application\/ld+json\" class=\"yoast-schema-graph\">{\"@context\":\"https:\/\/schema.org\",\"@graph\":[{\"@type\":\"WebPage\",\"@id\":\"https:\/\/educamos.com\/pt-br\/politica-de-privacidade-eventos\/\",\"url\":\"https:\/\/educamos.com\/pt-br\/politica-de-privacidade-eventos\/\",\"name\":\"Pol\u00edtica de privacidade eventos | Educamos\",\"isPartOf\":{\"@id\":\"https:\/\/educamos.com\/pt-br\/#website\"},\"primaryImageOfPage\":{\"@id\":\"https:\/\/educamos.com\/pt-br\/politica-de-privacidade-eventos\/#primaryimage\"},\"image\":{\"@id\":\"https:\/\/educamos.com\/pt-br\/politica-de-privacidade-eventos\/#primaryimage\"},\"thumbnailUrl\":\"https:\/\/educamos.com\/wp-content\/themes\/educamos\/images\/logotipo.png\",\"datePublished\":\"2023-05-15T10:25:51+00:00\",\"dateModified\":\"2023-05-15T10:31:28+00:00\",\"description\":\"Solicite uma demoDemo Abrir men\u00fa Cerrar men\u00fa SM Educamos O que \u00e9? Por que? Educamos Makers Contato Funcionalidades An\u00e1lise de dados Comunica\u00e7\u00e3o do Col\u00e9gio\",\"breadcrumb\":{\"@id\":\"https:\/\/educamos.com\/pt-br\/politica-de-privacidade-eventos\/#breadcrumb\"},\"inLanguage\":\"pt-BR\",\"potentialAction\":[{\"@type\":\"ReadAction\",\"target\":[\"https:\/\/educamos.com\/pt-br\/politica-de-privacidade-eventos\/\"]}]},{\"@type\":\"ImageObject\",\"inLanguage\":\"pt-BR\",\"@id\":\"https:\/\/educamos.com\/pt-br\/politica-de-privacidade-eventos\/#primaryimage\",\"url\":\"https:\/\/educamos.com\/wp-content\/themes\/educamos\/images\/logotipo.png\",\"contentUrl\":\"https:\/\/educamos.com\/wp-content\/themes\/educamos\/images\/logotipo.png\"},{\"@type\":\"BreadcrumbList\",\"@id\":\"https:\/\/educamos.com\/pt-br\/politica-de-privacidade-eventos\/#breadcrumb\",\"itemListElement\":[{\"@type\":\"ListItem\",\"position\":1,\"name\":\"Home\",\"item\":\"https:\/\/educamos.com\/pt-br\/\"},{\"@type\":\"ListItem\",\"position\":2,\"name\":\"Pol\u00edtica de privacidade eventos\"}]},{\"@type\":\"WebSite\",\"@id\":\"https:\/\/educamos.com\/pt-br\/#website\",\"url\":\"https:\/\/educamos.com\/pt-br\/\",\"name\":\"Educamos\",\"description\":\"La escuela de hoy\",\"potentialAction\":[{\"@type\":\"SearchAction\",\"target\":{\"@type\":\"EntryPoint\",\"urlTemplate\":\"https:\/\/educamos.com\/pt-br\/?s={search_term_string}\"},\"query-input\":{\"@type\":\"PropertyValueSpecification\",\"valueRequired\":true,\"valueName\":\"search_term_string\"}}],\"inLanguage\":\"pt-BR\"}]}<\/script>\n<!-- \/ Yoast SEO plugin. -->","yoast_head_json":{"title":"Pol\u00edtica de privacidade eventos | Educamos","description":"Solicite uma demoDemo Abrir men\u00fa Cerrar men\u00fa SM Educamos O que \u00e9? Por que? Educamos Makers Contato Funcionalidades An\u00e1lise de dados Comunica\u00e7\u00e3o do Col\u00e9gio","robots":{"index":"index","follow":"follow","max-snippet":"max-snippet:-1","max-image-preview":"max-image-preview:large","max-video-preview":"max-video-preview:-1"},"canonical":"https:\/\/educamos.com\/pt-br\/politica-de-privacidade-eventos\/","og_locale":"pt_BR","og_type":"article","og_title":"Pol\u00edtica de privacidade eventos | Educamos","og_description":"Solicite uma demoDemo Abrir men\u00fa Cerrar men\u00fa SM Educamos O que \u00e9? Por que? Educamos Makers Contato Funcionalidades An\u00e1lise de dados Comunica\u00e7\u00e3o do Col\u00e9gio","og_url":"https:\/\/educamos.com\/pt-br\/politica-de-privacidade-eventos\/","og_site_name":"Educamos","article_modified_time":"2023-05-15T10:31:28+00:00","og_image":[{"url":"https:\/\/educamos.com\/wp-content\/themes\/educamos\/images\/logotipo.png","type":"","width":"","height":""}],"twitter_card":"summary_large_image","twitter_misc":{"Est. tempo de leitura":"1 minuto"},"schema":{"@context":"https:\/\/schema.org","@graph":[{"@type":"WebPage","@id":"https:\/\/educamos.com\/pt-br\/politica-de-privacidade-eventos\/","url":"https:\/\/educamos.com\/pt-br\/politica-de-privacidade-eventos\/","name":"Pol\u00edtica de privacidade eventos | Educamos","isPartOf":{"@id":"https:\/\/educamos.com\/pt-br\/#website"},"primaryImageOfPage":{"@id":"https:\/\/educamos.com\/pt-br\/politica-de-privacidade-eventos\/#primaryimage"},"image":{"@id":"https:\/\/educamos.com\/pt-br\/politica-de-privacidade-eventos\/#primaryimage"},"thumbnailUrl":"https:\/\/educamos.com\/wp-content\/themes\/educamos\/images\/logotipo.png","datePublished":"2023-05-15T10:25:51+00:00","dateModified":"2023-05-15T10:31:28+00:00","description":"Solicite uma demoDemo Abrir men\u00fa Cerrar men\u00fa SM Educamos O que \u00e9? Por que? Educamos Makers Contato Funcionalidades An\u00e1lise de dados Comunica\u00e7\u00e3o do Col\u00e9gio","breadcrumb":{"@id":"https:\/\/educamos.com\/pt-br\/politica-de-privacidade-eventos\/#breadcrumb"},"inLanguage":"pt-BR","potentialAction":[{"@type":"ReadAction","target":["https:\/\/educamos.com\/pt-br\/politica-de-privacidade-eventos\/"]}]},{"@type":"ImageObject","inLanguage":"pt-BR","@id":"https:\/\/educamos.com\/pt-br\/politica-de-privacidade-eventos\/#primaryimage","url":"https:\/\/educamos.com\/wp-content\/themes\/educamos\/images\/logotipo.png","contentUrl":"https:\/\/educamos.com\/wp-content\/themes\/educamos\/images\/logotipo.png"},{"@type":"BreadcrumbList","@id":"https:\/\/educamos.com\/pt-br\/politica-de-privacidade-eventos\/#breadcrumb","itemListElement":[{"@type":"ListItem","position":1,"name":"Home","item":"https:\/\/educamos.com\/pt-br\/"},{"@type":"ListItem","position":2,"name":"Pol\u00edtica de privacidade eventos"}]},{"@type":"WebSite","@id":"https:\/\/educamos.com\/pt-br\/#website","url":"https:\/\/educamos.com\/pt-br\/","name":"Educamos","description":"La escuela de hoy","potentialAction":[{"@type":"SearchAction","target":{"@type":"EntryPoint","urlTemplate":"https:\/\/educamos.com\/pt-br\/?s={search_term_string}"},"query-input":{"@type":"PropertyValueSpecification","valueRequired":true,"valueName":"search_term_string"}}],"inLanguage":"pt-BR"}]}},"_links":{"self":[{"href":"https:\/\/educamos.com\/pt-br\/wp-json\/wp\/v2\/pages\/14602","targetHints":{"allow":["GET"]}}],"collection":[{"href":"https:\/\/educamos.com\/pt-br\/wp-json\/wp\/v2\/pages"}],"about":[{"href":"https:\/\/educamos.com\/pt-br\/wp-json\/wp\/v2\/types\/page"}],"author":[{"embeddable":true,"href":"https:\/\/educamos.com\/pt-br\/wp-json\/wp\/v2\/users\/1"}],"replies":[{"embeddable":true,"href":"https:\/\/educamos.com\/pt-br\/wp-json\/wp\/v2\/comments?post=14602"}],"version-history":[{"count":4,"href":"https:\/\/educamos.com\/pt-br\/wp-json\/wp\/v2\/pages\/14602\/revisions"}],"predecessor-version":[{"id":14615,"href":"https:\/\/educamos.com\/pt-br\/wp-json\/wp\/v2\/pages\/14602\/revisions\/14615"}],"wp:attachment":[{"href":"https:\/\/educamos.com\/pt-br\/wp-json\/wp\/v2\/media?parent=14602"}],"curies":[{"name":"wp","href":"https:\/\/api.w.org\/{rel}","templated":true}]}}