{"id":8454,"date":"2022-12-12T11:22:27","date_gmt":"2022-12-12T10:22:27","guid":{"rendered":"https:\/\/educamos.com\/tratamiento-de-datos-educamos\/"},"modified":"2025-12-01T18:50:03","modified_gmt":"2025-12-01T17:50:03","slug":"processamento-de-dados-educamos","status":"publish","type":"page","link":"https:\/\/educamos.com\/pt-br\/processamento-de-dados-educamos\/","title":{"rendered":"Processamento de dados Educamos"},"content":{"rendered":"\t\t<div data-elementor-type=\"wp-page\" data-elementor-id=\"8454\" class=\"elementor elementor-8454 elementor-6602\" data-elementor-post-type=\"page\">\n\t\t\t\t\t\t<section class=\"elementor-section elementor-top-section elementor-element elementor-element-f9ce5c7 elementor-section-full_width elementor-section-height-default elementor-section-height-default\" data-id=\"f9ce5c7\" data-element_type=\"section\" data-e-type=\"section\">\n\t\t\t\t\t\t<div class=\"elementor-container elementor-column-gap-default\">\n\t\t\t\t\t<div class=\"elementor-column elementor-col-100 elementor-top-column elementor-element elementor-element-8a99e8b\" data-id=\"8a99e8b\" data-element_type=\"column\" data-e-type=\"column\">\n\t\t\t<div class=\"elementor-widget-wrap elementor-element-populated\">\n\t\t\t\t\t\t<div class=\"elementor-element elementor-element-5dce965 elementor-widget elementor-widget-bloque-cabecera-menu\" data-id=\"5dce965\" data-element_type=\"widget\" data-e-type=\"widget\" data-widget_type=\"bloque-cabecera-menu.default\">\n\t\t\t\t<div class=\"elementor-widget-container\">\n\t\t\t\t\t        <!-- Encabezado -->\n        <header class=\"header \">\n            <div id=\"sticky_header\" class=\"sticky-header \">\n                <div class=\"container\">\n                    <div class=\"row\">\n                        <div class=\"col-12 d-flex justify-content-between align-items-center\">\n                            <div class=\"logo\"><a href=\"https:\/\/educamos.com\/pt-br\/\"><img decoding=\"async\" src=\"https:\/\/educamos.com\/wp-content\/themes\/educamos\/images\/logotipo-2026.png\" class=\"img-fluid\" alt=\"Logotipo de Educamos\" \/><\/a><\/div>\n                                                            <div class=\"menu-header\">\n                                                                        <a href=\"\/pt-br\/solicite-uma-demo\" class=\"btn btn-primary demo\" title=\"Solicitar informa\u00e7\u00e3o\"><span class=\"d-none d-sm-block\">Solicitar informa\u00e7\u00e3o<\/span><span class=\"d-block d-sm-none\">Mais info<\/span><\/a>\n                                                                        <button data-target=\"#main_menu\" data-toggle=\"collapse\" class=\"navbar-toggle openMenu\" type=\"button\">\n                                        <i class=\"far fa-bars\"><\/i> <span class=\"sr-only\">Abrir men\u00fa<\/span>\n                                        <i class=\"far fa-times\"><\/i> <span class=\"sr-only\">Cerrar men\u00fa<\/span>    \n                                    <\/button>\n                                <\/div>\n\n                                <!-- MEGAMENU -->\n                                <div class=\"megamenu\">\n                                    <div class=\"container\">\n                                    <ul id=\"menu-menu-principal-brasil\" class=\"dropdown-menu\" itemscope itemtype=\"http:\/\/www.schema.org\/SiteNavigationElement\"><li  id=\"menu-item-8946\" class=\"menu-item menu-item-type-custom menu-item-object-custom menu-item-has-children dropdown menu-item-8946 nav-item\"><a href=\"#\" aria-expanded=\"false\" class=\"dropdown-toggle nav-link\" id=\"menu-item-dropdown-8946\" data-bs-toggle=\"dropdown\"><span itemprop=\"name\">Educamos<\/span><\/a>\n<ul class=\"dropdown-menu\" aria-labelledby=\"menu-item-dropdown-8946\">\n\t<li  id=\"menu-item-10126\" class=\"menu-item menu-item-type-post_type menu-item-object-page menu-item-10126 nav-item\"><a itemprop=\"url\" href=\"https:\/\/educamos.com\/pt-br\/o-que-e\/\" class=\"dropdown-item\"><span itemprop=\"name\">O que \u00e9?<\/span><\/a><\/li>\n\t<li  id=\"menu-item-10125\" class=\"menu-item menu-item-type-post_type menu-item-object-page menu-item-10125 nav-item\"><a itemprop=\"url\" href=\"https:\/\/educamos.com\/pt-br\/por-que\/\" class=\"dropdown-item\"><span itemprop=\"name\">Por que?<\/span><\/a><\/li>\n\t<li  id=\"menu-item-10128\" class=\"menu-item menu-item-type-post_type menu-item-object-page menu-item-10128 nav-item\"><a itemprop=\"url\" href=\"https:\/\/educamos.com\/pt-br\/educamos-makers\/\" class=\"dropdown-item\"><span itemprop=\"name\">Educamos Makers<\/span><\/a><\/li>\n\t<li  id=\"menu-item-13019\" class=\"menu-item menu-item-type-post_type menu-item-object-page menu-item-13019 nav-item\"><a itemprop=\"url\" href=\"https:\/\/educamos.com\/pt-br\/contato\/\" class=\"dropdown-item\"><span itemprop=\"name\">Contato<\/span><\/a><\/li>\n<\/ul>\n<\/li>\n<li  id=\"menu-item-8947\" class=\"menu-item menu-item-type-post_type_archive menu-item-object-funcionalidades menu-item-has-children dropdown menu-item-8947 nav-item\"><a href=\"#\" aria-expanded=\"false\" class=\"dropdown-toggle nav-link\" id=\"menu-item-dropdown-8947\" data-bs-toggle=\"dropdown\"><span itemprop=\"name\">Funcionalidades<\/span><\/a>\n<ul class=\"dropdown-menu\" aria-labelledby=\"menu-item-dropdown-8947\">\n\t<li  id=\"menu-item-10131\" class=\"menu-item menu-item-type-post_type menu-item-object-funcionalidades menu-item-10131 nav-item\"><a itemprop=\"url\" href=\"https:\/\/educamos.com\/pt-br\/funcionalidades\/analise-de-dados\/\" class=\"dropdown-item\"><span itemprop=\"name\">An\u00e1lise de dados<\/span><\/a><\/li>\n\t<li  id=\"menu-item-10132\" class=\"menu-item menu-item-type-post_type menu-item-object-funcionalidades menu-item-10132 nav-item\"><a itemprop=\"url\" href=\"https:\/\/educamos.com\/pt-br\/funcionalidades\/comunicacao-do-colegio\/\" class=\"dropdown-item\"><span itemprop=\"name\">Comunica\u00e7\u00e3o do Col\u00e9gio<\/span><\/a><\/li>\n\t<li  id=\"menu-item-10130\" class=\"menu-item menu-item-type-post_type menu-item-object-funcionalidades menu-item-10130 nav-item\"><a itemprop=\"url\" href=\"https:\/\/educamos.com\/pt-br\/funcionalidades\/gestao-do-colegio\/\" class=\"dropdown-item\"><span itemprop=\"name\">Gest\u00e3o do Col\u00e9gio<\/span><\/a><\/li>\n\t<li  id=\"menu-item-10129\" class=\"menu-item menu-item-type-post_type menu-item-object-funcionalidades menu-item-10129 nav-item\"><a itemprop=\"url\" href=\"https:\/\/educamos.com\/pt-br\/funcionalidades\/inovacao-pedagogica\/\" class=\"dropdown-item\"><span itemprop=\"name\">Inova\u00e7\u00e3o pedag\u00f3gica<\/span><\/a><\/li>\n<\/ul>\n<\/li>\n<li  id=\"menu-item-8948\" class=\"menu-item menu-item-type-post_type_archive menu-item-object-beneficios menu-item-has-children dropdown menu-item-8948 nav-item\"><a href=\"#\" aria-expanded=\"false\" class=\"dropdown-toggle nav-link\" id=\"menu-item-dropdown-8948\" data-bs-toggle=\"dropdown\"><span itemprop=\"name\">Benef\u00edcios para<\/span><\/a>\n<ul class=\"dropdown-menu\" aria-labelledby=\"menu-item-dropdown-8948\">\n\t<li  id=\"menu-item-16772\" class=\"menu-item menu-item-type-custom menu-item-object-custom menu-item-16772 nav-item\"><a itemprop=\"url\" href=\"https:\/\/educamos.com\/pt-br\/beneficios\/ensino-tecnico\/\" class=\"dropdown-item\"><span itemprop=\"name\">Ensino T\u00e9cnico<\/span><\/a><\/li>\n\t<li  id=\"menu-item-10136\" class=\"menu-item menu-item-type-post_type menu-item-object-beneficios menu-item-10136 nav-item\"><a itemprop=\"url\" href=\"https:\/\/educamos.com\/pt-br\/beneficios\/escola\/\" class=\"dropdown-item\"><span itemprop=\"name\">Escola<\/span><\/a><\/li>\n\t<li  id=\"menu-item-10137\" class=\"menu-item menu-item-type-post_type menu-item-object-beneficios menu-item-10137 nav-item\"><a itemprop=\"url\" href=\"https:\/\/educamos.com\/pt-br\/beneficios\/rede-de-escolas\/\" class=\"dropdown-item\"><span itemprop=\"name\">Rede de Escolas<\/span><\/a><\/li>\n\t<li  id=\"menu-item-10134\" class=\"menu-item menu-item-type-post_type menu-item-object-beneficios menu-item-10134 nav-item\"><a itemprop=\"url\" href=\"https:\/\/educamos.com\/pt-br\/beneficios\/professores\/\" class=\"dropdown-item\"><span itemprop=\"name\">Professores<\/span><\/a><\/li>\n\t<li  id=\"menu-item-10135\" class=\"menu-item menu-item-type-post_type menu-item-object-beneficios menu-item-10135 nav-item\"><a itemprop=\"url\" href=\"https:\/\/educamos.com\/pt-br\/beneficios\/familias\/\" class=\"dropdown-item\"><span itemprop=\"name\">Fam\u00edlias<\/span><\/a><\/li>\n\t<li  id=\"menu-item-10133\" class=\"menu-item menu-item-type-post_type menu-item-object-beneficios menu-item-10133 nav-item\"><a itemprop=\"url\" href=\"https:\/\/educamos.com\/pt-br\/beneficios\/alunos\/\" class=\"dropdown-item\"><span itemprop=\"name\">Alunos<\/span><\/a><\/li>\n<\/ul>\n<\/li>\n<li  id=\"menu-item-8966\" class=\"menu-item menu-item-type-custom menu-item-object-custom menu-item-has-children dropdown menu-item-8966 nav-item\"><a href=\"#\" aria-expanded=\"false\" class=\"dropdown-toggle nav-link\" id=\"menu-item-dropdown-8966\" data-bs-toggle=\"dropdown\"><span itemprop=\"name\">Insights<\/span><\/a>\n<ul class=\"dropdown-menu\" aria-labelledby=\"menu-item-dropdown-8966\">\n\t<li  id=\"menu-item-20610\" class=\"menu-item menu-item-type-taxonomy menu-item-object-category menu-item-20610 nav-item\"><a itemprop=\"url\" href=\"https:\/\/educamos.com\/pt-br\/blog\/\" class=\"dropdown-item\"><span itemprop=\"name\">Blog<\/span><\/a><\/li>\n\t<li  id=\"menu-item-20611\" class=\"menu-item menu-item-type-post_type_archive menu-item-object-ebook menu-item-20611 nav-item\"><a itemprop=\"url\" href=\"https:\/\/educamos.com\/pt-br\/ebook\/\" class=\"dropdown-item\"><span itemprop=\"name\">Ebooks<\/span><\/a><\/li>\n<\/ul>\n<\/li>\n<li  id=\"menu-item-8968\" class=\"menu-item menu-item-type-custom menu-item-object-custom menu-item-has-children dropdown menu-item-8968 nav-item\"><a href=\"#\" aria-expanded=\"false\" class=\"dropdown-toggle nav-link\" id=\"menu-item-dropdown-8968\" data-bs-toggle=\"dropdown\"><span itemprop=\"name\">Clientes<\/span><\/a>\n<ul class=\"dropdown-menu\" aria-labelledby=\"menu-item-dropdown-8968\">\n\t<li  id=\"menu-item-8969\" class=\"link-externo menu-item menu-item-type-custom menu-item-object-custom menu-item-8969 nav-item\"><a target=\"_blank\" rel=\"noopener noreferrer\" itemprop=\"url\" href=\"https:\/\/www.educamosmakers.com\/\" class=\"dropdown-item\"><span itemprop=\"name\">Comunidade Educamos Makers<\/span><\/a><\/li>\n<\/ul>\n<\/li>\n<\/ul>                                    <\/div>\n                                <\/div>\n                                                    <\/div>\n                    <\/div>\n                <\/div>\n            <\/div>\n        <\/header>\n        <!-- \/ -->\n\t\t\t\t\t\t<\/div>\n\t\t\t\t<\/div>\n\t\t\t\t<div class=\"elementor-element elementor-element-2ca070b elementor-widget elementor-widget-bloque-texto\" data-id=\"2ca070b\" data-element_type=\"widget\" data-e-type=\"widget\" data-widget_type=\"bloque-texto.default\">\n\t\t\t\t<div class=\"elementor-widget-container\">\n\t\t\t\t\t        <!-- Texto a 2 columnas-->\n        <section class=\"bloque bloque-texto \">\n            <div class=\"container\">\n                <h1 class=\"titulos\" data-aos=\"fade-left\" data-aos-duration=\"700\">Processamento de dados Educamos<\/h1>                <div class=\"estrecho2\">\n                    <div class=\"row\">\n                        <div class=\"col-sm-12\">\n                            <div class=\"the_content\" data-aos=\"fade-up\" data-aos-duration=\"700\">\n                                <p>Educamos \u00e9 uma plataforma da TGE que permite aos centros educativos centralizar, em uma \u00fanica soluc\u00e3o, todos os processos relacionados com a sua atividade tais como a gest\u00e3o administrativa e econ\u00f4mica, gest\u00e3o acad\u00eamica, comunica\u00e7\u00e3o com as fam\u00edlias, etc. Consequentemente, a Educamos \u00e9 respons\u00e1vel apenas pelo tratamento por conta dos referidos centros de dados pessoais por eles detidos, sejam alunos, pais\/representantes legais, professores, pessoal administrativo, etc. (doravante, os Usuarios).<\/p><p>O acceso aos dados dos Usuarios por parte de terceiros fora do Educamos apenas ser\u00e1 efetuado quer (i) no \u00e2mbito de uma poss\u00edvel contrata\u00e7\u00e3o ou subcontrata\u00e7\u00e3o de servi\u00e7os que se mostrem necess\u00e1rios a um melhor desenvolvimento da rela\u00e7\u00e3o do centro e os seus usu\u00e1rios (por exemplo: alojamento, soporte t\u00e9cnico e uso da Educamos, realiza\u00e7\u00e3o de comunica\u00e7\u00f5es, etc.), ou (ii) naqueles casos em que a Educamos ofrece de forma integrada indissoci\u00e1vel, em uma \u00fanica plataforma, solu\u00e7\u00f5es e funcionalidades disponibilizadas por outros provedores, sendo absolutamente necess\u00e1rio para que os Usu\u00e1rios possam beneficiar-se do servi\u00e7o correspondente a comunica\u00e7\u00e3o ou acesso aos seus dados pelas referidas entidades, o que \u00e9 expresamente autorizado.<\/p><p>Estes servi\u00e7os de terceiros poder\u00e3o envolver a transmiss\u00e3o de dados a entidades localizadas fora do territ\u00f3rio nacional, sendo a prioridade em qualquer caso garantir e assegurar o cumprimento das obriga\u00e7\u00f5es decorrentes da legisla\u00e7\u00e3o em vigor. A identidade dos poss\u00edveis servi\u00e7os de terceiros utilizados pela Educamos em todos os momentos e suas correspondentes pol\u00edticas de privacidade ser\u00e3o informadas trav\u00e9s desta se\u00e7\u00e3o deste site aceitando os Usuarios atrav\u00e9s do uso da plataforma a transmiss\u00e3o de sus dados pessoais aos pa\u00edses indicados.<\/p><div class=\"table-responsive\"><style type=\"text\/css\">.table-responsive table th,.table-responsive table td {text-align: left !important;}<\/style><table class=\"table\"><thead><tr><th>Atividade<\/th><th>\u00c2mbito Educamos<\/th><th>Terceiro<\/th><th>Local de Tratamento<\/th><th>Pol\u00edticas de Privacidade<\/th><\/tr><\/thead><tbody><tr><td>Alojamento<\/td><td>Espanha<\/td><td>Microsoft<\/td><td>Irlanda<\/td><td><a style=\"color: #0563c1;\" href=\"https:\/\/azure.microsoft.com\/es-es\/support\/trust-center\/\" target=\"_blank\" rel=\"noopener\">https:\/\/azure.microsoft.com\/es-es\/support\/trust-center\/<\/a><\/td><\/tr><tr><td>Alojamento<\/td><td>Am\u00e9rica latina<\/td><td>Microsoft<\/td><td>Estados Unidos<\/td><td><a style=\"color: #0563c1;\" href=\"https:\/\/azure.microsoft.com\/es-es\/support\/trust-center\/\" target=\"_blank\" rel=\"noopener\">https:\/\/azure.microsoft.com\/es-es\/support\/trust-center\/<\/a><\/td><\/tr><tr><td>Comunica\u00e7\u00f5es (Office 365)<\/td><td>Espanha e Am\u00e9rica latina<\/td><td>Microsoft<\/td><td><a style=\"color: #0563c1;\" href=\"http:\/\/www.microsoft.com\/online\/legal\/v2\/?docid=25&amp;langid=es-ES\" target=\"_blank\" rel=\"noopener\">http:\/\/www.microsoft.com\/online\/legal\/v2\/?docid=25&amp;langid=es-ES<\/a><\/td><td><a style=\"color: #0563c1;\" href=\"https:\/\/products.office.com\/es-es\/business\/office-365-trust-center-cloud-computing-security?tab=7d4bf5d5-8549-acb8-3852-a62cc997fb45\" target=\"_blank\" rel=\"noopener\">https:\/\/products.office.com\/es-es\/business\/office-365-trust-center-cloud-computing-security?tab=7d4bf5d5-8549-acb8-3852-a62cc997fb45<\/a><\/td><\/tr><tr><td>Comunica\u00e7\u00f5es (SMS)<\/td><td>Espanha<\/td><td>MSpubli<\/td><td>Espanha<\/td><td><a style=\"color: #0563c1;\" href=\"http:\/\/www.smspubli.com\/legal\/privacy-policy\" target=\"_blank\" rel=\"noopener\">http:\/\/www.smspubli.com\/legal\/privacy-policy<\/a><\/td><\/tr><tr><td>Comunica\u00e7\u00f5es (Mailing)<\/td><td>Espanha e Am\u00e9rica latina<\/td><td>Mailjet SAS<\/td><td>Uni\u00e3o Europeia<\/td><td><a style=\"color: #0563c1;\" href=\"https:\/\/www.mailjet.com\/privacy_policy\" target=\"_blank\" rel=\"noopener\">https:\/\/www.mailjet.com\/privacy_policy<\/a><\/td><\/tr><tr><td>Gateway de pagamento<\/td><td>Espanha e Am\u00e9rica latina<\/td><td>Kineox Solutions<\/td><td>Espanha<\/td><td><a style=\"color: #0563c1;\" href=\"https:\/\/kineox.com\/es\/politica-de-privacidad\/\" target=\"_blank\" rel=\"noopener\">https:\/\/kineox.com\/es\/politica-de-privacidad\/<\/a><\/td><\/tr><\/tbody><\/table><\/div>                            <\/div>\n                        <\/div>\n                    <\/div>\n                <\/div>\n            <\/div>\n        <\/section>\n\t\t\t\t\t\t<\/div>\n\t\t\t\t<\/div>\n\t\t\t\t\t<\/div>\n\t\t<\/div>\n\t\t\t\t\t<\/div>\n\t\t<\/section>\n\t\t\t\t<\/div>\n\t\t","protected":false},"excerpt":{"rendered":"<p>Solicitar informaci\u00f3nM\u00e1s info Abrir men\u00fa Cerrar men\u00fa Educamos \u00bfQu\u00e9 es? \u00bfPor qu\u00e9? Educamos Makers Contacto Funcionalidades Anal\u00edtica de datos Comunicaci\u00f3n del centro Gesti\u00f3n del centro Innovaci\u00f3n pedag\u00f3gica Beneficios para Centros educativos Red de escuelas Formaci\u00f3n Profesional Docentes Familias Alumnos\/as Insights Blog Ebooks Clientes Comunidad Educamos Cerca Processamento de dados Educamos Educamos \u00e9 uma plataforma da [&hellip;]<\/p>\n","protected":false},"author":1,"featured_media":9401,"parent":0,"menu_order":0,"comment_status":"closed","ping_status":"closed","template":"","meta":{"_acf_changed":false,"footnotes":""},"class_list":["post-8454","page","type-page","status-publish","has-post-thumbnail","hentry"],"acf":[],"yoast_head":"<!-- This site is optimized with the Yoast SEO plugin v27.0 - https:\/\/yoast.com\/product\/yoast-seo-wordpress\/ -->\n<title>Processamento de dados Educamos | Educamos<\/title>\n<meta name=\"description\" content=\"Processamento de dados: Este site \u00e9 propriedade da SM, com sede em calle Impresores, n\u00ba 2 (Parque Empresarial Prado del Espino), 28660 Boadilla del Monte, Madrid, Espanha e C.I.F. N\u00ba B-86267432, inscrita no Registo Mercantil de Madrid no Tomo 20087, Folha 160, Folha M-523700.\" \/>\n<meta name=\"robots\" content=\"noindex, nofollow\" \/>\n<meta property=\"og:locale\" content=\"pt_BR\" \/>\n<meta property=\"og:type\" content=\"article\" \/>\n<meta property=\"og:title\" content=\"Processamento de dados Educamos | Educamos\" \/>\n<meta property=\"og:description\" content=\"Processamento de dados: Este site \u00e9 propriedade da SM, com sede em calle Impresores, n\u00ba 2 (Parque Empresarial Prado del Espino), 28660 Boadilla del Monte, Madrid, Espanha e C.I.F. N\u00ba B-86267432, inscrita no Registo Mercantil de Madrid no Tomo 20087, Folha 160, Folha M-523700.\" \/>\n<meta property=\"og:url\" content=\"https:\/\/educamos.com\/pt-br\/processamento-de-dados-educamos\/\" \/>\n<meta property=\"og:site_name\" content=\"Educamos\" \/>\n<meta property=\"article:modified_time\" content=\"2025-12-01T17:50:03+00:00\" \/>\n<meta property=\"og:image\" content=\"https:\/\/educamos.com\/wp-content\/uploads\/2023\/01\/rrss_generica_01.png\" \/>\n\t<meta property=\"og:image:width\" content=\"1200\" \/>\n\t<meta property=\"og:image:height\" content=\"600\" \/>\n\t<meta property=\"og:image:type\" content=\"image\/png\" \/>\n<meta name=\"twitter:card\" content=\"summary_large_image\" \/>\n<meta name=\"twitter:label1\" content=\"Est. tempo de leitura\" \/>\n\t<meta name=\"twitter:data1\" content=\"3 minutos\" \/>\n<script type=\"application\/ld+json\" class=\"yoast-schema-graph\">{\"@context\":\"https:\/\/schema.org\",\"@graph\":[{\"@type\":\"WebPage\",\"@id\":\"https:\/\/educamos.com\/pt-br\/processamento-de-dados-educamos\/\",\"url\":\"https:\/\/educamos.com\/pt-br\/processamento-de-dados-educamos\/\",\"name\":\"Processamento de dados Educamos | Educamos\",\"isPartOf\":{\"@id\":\"https:\/\/educamos.com\/pt-br\/#website\"},\"primaryImageOfPage\":{\"@id\":\"https:\/\/educamos.com\/pt-br\/processamento-de-dados-educamos\/#primaryimage\"},\"image\":{\"@id\":\"https:\/\/educamos.com\/pt-br\/processamento-de-dados-educamos\/#primaryimage\"},\"thumbnailUrl\":\"https:\/\/educamos.com\/wp-content\/uploads\/2023\/01\/rrss_generica_01.png\",\"datePublished\":\"2022-12-12T10:22:27+00:00\",\"dateModified\":\"2025-12-01T17:50:03+00:00\",\"description\":\"Processamento de dados: Este site \u00e9 propriedade da SM, com sede em calle Impresores, n\u00ba 2 (Parque Empresarial Prado del Espino), 28660 Boadilla del Monte, Madrid, Espanha e C.I.F. N\u00ba B-86267432, inscrita no Registo Mercantil de Madrid no Tomo 20087, Folha 160, Folha M-523700.\",\"breadcrumb\":{\"@id\":\"https:\/\/educamos.com\/pt-br\/processamento-de-dados-educamos\/#breadcrumb\"},\"inLanguage\":\"pt-BR\",\"potentialAction\":[{\"@type\":\"ReadAction\",\"target\":[\"https:\/\/educamos.com\/pt-br\/processamento-de-dados-educamos\/\"]}]},{\"@type\":\"ImageObject\",\"inLanguage\":\"pt-BR\",\"@id\":\"https:\/\/educamos.com\/pt-br\/processamento-de-dados-educamos\/#primaryimage\",\"url\":\"https:\/\/educamos.com\/wp-content\/uploads\/2023\/01\/rrss_generica_01.png\",\"contentUrl\":\"https:\/\/educamos.com\/wp-content\/uploads\/2023\/01\/rrss_generica_01.png\",\"width\":1200,\"height\":600},{\"@type\":\"BreadcrumbList\",\"@id\":\"https:\/\/educamos.com\/pt-br\/processamento-de-dados-educamos\/#breadcrumb\",\"itemListElement\":[{\"@type\":\"ListItem\",\"position\":1,\"name\":\"Home\",\"item\":\"https:\/\/educamos.com\/pt-br\/\"},{\"@type\":\"ListItem\",\"position\":2,\"name\":\"Processamento de dados Educamos\"}]},{\"@type\":\"WebSite\",\"@id\":\"https:\/\/educamos.com\/pt-br\/#website\",\"url\":\"https:\/\/educamos.com\/pt-br\/\",\"name\":\"Educamos\",\"description\":\"La escuela de hoy\",\"potentialAction\":[{\"@type\":\"SearchAction\",\"target\":{\"@type\":\"EntryPoint\",\"urlTemplate\":\"https:\/\/educamos.com\/pt-br\/?s={search_term_string}\"},\"query-input\":{\"@type\":\"PropertyValueSpecification\",\"valueRequired\":true,\"valueName\":\"search_term_string\"}}],\"inLanguage\":\"pt-BR\"}]}<\/script>\n<!-- \/ Yoast SEO plugin. -->","yoast_head_json":{"title":"Processamento de dados Educamos | Educamos","description":"Processamento de dados: Este site \u00e9 propriedade da SM, com sede em calle Impresores, n\u00ba 2 (Parque Empresarial Prado del Espino), 28660 Boadilla del Monte, Madrid, Espanha e C.I.F. N\u00ba B-86267432, inscrita no Registo Mercantil de Madrid no Tomo 20087, Folha 160, Folha M-523700.","robots":{"index":"noindex","follow":"nofollow"},"og_locale":"pt_BR","og_type":"article","og_title":"Processamento de dados Educamos | Educamos","og_description":"Processamento de dados: Este site \u00e9 propriedade da SM, com sede em calle Impresores, n\u00ba 2 (Parque Empresarial Prado del Espino), 28660 Boadilla del Monte, Madrid, Espanha e C.I.F. N\u00ba B-86267432, inscrita no Registo Mercantil de Madrid no Tomo 20087, Folha 160, Folha M-523700.","og_url":"https:\/\/educamos.com\/pt-br\/processamento-de-dados-educamos\/","og_site_name":"Educamos","article_modified_time":"2025-12-01T17:50:03+00:00","og_image":[{"width":1200,"height":600,"url":"https:\/\/educamos.com\/wp-content\/uploads\/2023\/01\/rrss_generica_01.png","type":"image\/png"}],"twitter_card":"summary_large_image","twitter_misc":{"Est. tempo de leitura":"3 minutos"},"schema":{"@context":"https:\/\/schema.org","@graph":[{"@type":"WebPage","@id":"https:\/\/educamos.com\/pt-br\/processamento-de-dados-educamos\/","url":"https:\/\/educamos.com\/pt-br\/processamento-de-dados-educamos\/","name":"Processamento de dados Educamos | Educamos","isPartOf":{"@id":"https:\/\/educamos.com\/pt-br\/#website"},"primaryImageOfPage":{"@id":"https:\/\/educamos.com\/pt-br\/processamento-de-dados-educamos\/#primaryimage"},"image":{"@id":"https:\/\/educamos.com\/pt-br\/processamento-de-dados-educamos\/#primaryimage"},"thumbnailUrl":"https:\/\/educamos.com\/wp-content\/uploads\/2023\/01\/rrss_generica_01.png","datePublished":"2022-12-12T10:22:27+00:00","dateModified":"2025-12-01T17:50:03+00:00","description":"Processamento de dados: Este site \u00e9 propriedade da SM, com sede em calle Impresores, n\u00ba 2 (Parque Empresarial Prado del Espino), 28660 Boadilla del Monte, Madrid, Espanha e C.I.F. N\u00ba B-86267432, inscrita no Registo Mercantil de Madrid no Tomo 20087, Folha 160, Folha M-523700.","breadcrumb":{"@id":"https:\/\/educamos.com\/pt-br\/processamento-de-dados-educamos\/#breadcrumb"},"inLanguage":"pt-BR","potentialAction":[{"@type":"ReadAction","target":["https:\/\/educamos.com\/pt-br\/processamento-de-dados-educamos\/"]}]},{"@type":"ImageObject","inLanguage":"pt-BR","@id":"https:\/\/educamos.com\/pt-br\/processamento-de-dados-educamos\/#primaryimage","url":"https:\/\/educamos.com\/wp-content\/uploads\/2023\/01\/rrss_generica_01.png","contentUrl":"https:\/\/educamos.com\/wp-content\/uploads\/2023\/01\/rrss_generica_01.png","width":1200,"height":600},{"@type":"BreadcrumbList","@id":"https:\/\/educamos.com\/pt-br\/processamento-de-dados-educamos\/#breadcrumb","itemListElement":[{"@type":"ListItem","position":1,"name":"Home","item":"https:\/\/educamos.com\/pt-br\/"},{"@type":"ListItem","position":2,"name":"Processamento de dados Educamos"}]},{"@type":"WebSite","@id":"https:\/\/educamos.com\/pt-br\/#website","url":"https:\/\/educamos.com\/pt-br\/","name":"Educamos","description":"La escuela de hoy","potentialAction":[{"@type":"SearchAction","target":{"@type":"EntryPoint","urlTemplate":"https:\/\/educamos.com\/pt-br\/?s={search_term_string}"},"query-input":{"@type":"PropertyValueSpecification","valueRequired":true,"valueName":"search_term_string"}}],"inLanguage":"pt-BR"}]}},"_links":{"self":[{"href":"https:\/\/educamos.com\/pt-br\/wp-json\/wp\/v2\/pages\/8454","targetHints":{"allow":["GET"]}}],"collection":[{"href":"https:\/\/educamos.com\/pt-br\/wp-json\/wp\/v2\/pages"}],"about":[{"href":"https:\/\/educamos.com\/pt-br\/wp-json\/wp\/v2\/types\/page"}],"author":[{"embeddable":true,"href":"https:\/\/educamos.com\/pt-br\/wp-json\/wp\/v2\/users\/1"}],"replies":[{"embeddable":true,"href":"https:\/\/educamos.com\/pt-br\/wp-json\/wp\/v2\/comments?post=8454"}],"version-history":[{"count":19,"href":"https:\/\/educamos.com\/pt-br\/wp-json\/wp\/v2\/pages\/8454\/revisions"}],"predecessor-version":[{"id":26772,"href":"https:\/\/educamos.com\/pt-br\/wp-json\/wp\/v2\/pages\/8454\/revisions\/26772"}],"wp:featuredmedia":[{"embeddable":true,"href":"https:\/\/educamos.com\/pt-br\/wp-json\/wp\/v2\/media\/9401"}],"wp:attachment":[{"href":"https:\/\/educamos.com\/pt-br\/wp-json\/wp\/v2\/media?parent=8454"}],"curies":[{"name":"wp","href":"https:\/\/api.w.org\/{rel}","templated":true}]}}